{"id":290,"date":"2025-05-09T15:59:38","date_gmt":"2025-05-09T13:59:38","guid":{"rendered":"https:\/\/eunita.s.studiumdigitale.uni-frankfurt.de\/?page_id=290"},"modified":"2025-10-15T15:02:31","modified_gmt":"2025-10-15T13:02:31","slug":"contact-us","status":"publish","type":"page","link":"https:\/\/eunita.s.studiumdigitale.uni-frankfurt.de\/de\/contact-us\/","title":{"rendered":"Kontaktieren Sie uns"},"content":{"rendered":"\n<p><\/p>\n\n\n\n<p>Haben Sie eine Frage oder ben\u00f6tigen Unterst\u00fctzung bei der Nutzung von EUniTa? M\u00f6chten Sie Feedback geben oder Partnerinstitution werden?<br>Wir sind f\u00fcr Sie da. Senden Sie uns einfach eine E-Mail.<\/p>\n\n\n\n<p>Sie erreichen uns unter <strong>contact[at]eunita.org<\/strong>, und wir melden uns so bald wie m\u00f6glich bei Ihnen.<\/p>\n\n\n\n<hr class=\"wp-block-separator has-alpha-channel-opacity\"\/>\n\n\n\n<p><strong>Kontakt aufnehmen<\/strong><\/p>\n\n\n\n<p>Ganz gleich, ob Sie:<br>\u2705 Studierende oder Studierender sind und Hilfe ben\u00f6tigen<br>\u2705 Mitarbeitende oder Mitarbeitender mit Ideen sind<br>\u2705 Vertreterin oder Vertreter einer Universit\u00e4t sind, die EUniTa beitreten m\u00f6chte<\/p>\n\n\n\n<p>\u2026 z\u00f6gern Sie nicht, uns zu kontaktieren!<\/p>\n\n\n\n<p><strong>Lokale Ansprechpartner an Partneruniversit\u00e4ten<\/strong><br>Die lokalen Partnerverwaltungen unterst\u00fctzen ihre eigenen Studierenden und Mitarbeitenden. Bitte verwenden Sie die <a href=\"https:\/\/eunita.s.studiumdigitale.uni-frankfurt.de\/eunita-partners\/\" data-type=\"page\" data-id=\"367\">Partnerseite<\/a>, um die richtigen Kontaktinformationen zu finden.<\/p>\n\n\n\n<p><strong>Datenschutzhinweis<\/strong><br>Wenn Sie uns eine E-Mail senden, verarbeiten wir Ihre personenbezogenen Daten zur Bearbeitung Ihrer Anfrage gem\u00e4\u00df unserer <a href=\"https:\/\/eunita.s.studiumdigitale.uni-frankfurt.de\/data-privacy-policy\/\" data-type=\"page\" data-id=\"300\">Datenschutzerkl\u00e4rung<\/a>.<\/p>\n\n","protected":false},"excerpt":{"rendered":"<p>Haben Sie eine Frage oder ben\u00f6tigen Unterst\u00fctzung bei der Nutzung von EUniTa? M\u00f6chten Sie Feedback geben oder Partnerinstitution werden?Wir sind f\u00fcr Sie da. Senden Sie uns einfach eine E-Mail. Sie erreichen uns unter contact[at]eunita.org, und wir melden uns so bald wie m\u00f6glich bei Ihnen. Kontakt aufnehmen Ganz gleich, ob Sie:\u2705 Studierende oder Studierender sind und [&hellip;]<\/p>\n","protected":false},"author":3,"featured_media":0,"parent":0,"menu_order":0,"comment_status":"closed","ping_status":"closed","template":"","meta":{"footnotes":""},"class_list":["post-290","page","type-page","status-publish","hentry"],"_links":{"self":[{"href":"https:\/\/eunita.s.studiumdigitale.uni-frankfurt.de\/de\/wp-json\/wp\/v2\/pages\/290","targetHints":{"allow":["GET"]}}],"collection":[{"href":"https:\/\/eunita.s.studiumdigitale.uni-frankfurt.de\/de\/wp-json\/wp\/v2\/pages"}],"about":[{"href":"https:\/\/eunita.s.studiumdigitale.uni-frankfurt.de\/de\/wp-json\/wp\/v2\/types\/page"}],"author":[{"embeddable":true,"href":"https:\/\/eunita.s.studiumdigitale.uni-frankfurt.de\/de\/wp-json\/wp\/v2\/users\/3"}],"replies":[{"embeddable":true,"href":"https:\/\/eunita.s.studiumdigitale.uni-frankfurt.de\/de\/wp-json\/wp\/v2\/comments?post=290"}],"version-history":[{"count":2,"href":"https:\/\/eunita.s.studiumdigitale.uni-frankfurt.de\/de\/wp-json\/wp\/v2\/pages\/290\/revisions"}],"predecessor-version":[{"id":3125,"href":"https:\/\/eunita.s.studiumdigitale.uni-frankfurt.de\/de\/wp-json\/wp\/v2\/pages\/290\/revisions\/3125"}],"wp:attachment":[{"href":"https:\/\/eunita.s.studiumdigitale.uni-frankfurt.de\/de\/wp-json\/wp\/v2\/media?parent=290"}],"curies":[{"name":"wp","href":"https:\/\/api.w.org\/{rel}","templated":true}]}}