{"id":292,"date":"2025-05-09T16:09:27","date_gmt":"2025-05-09T14:09:27","guid":{"rendered":"https:\/\/eunita.s.studiumdigitale.uni-frankfurt.de\/?page_id=292"},"modified":"2025-10-15T14:59:04","modified_gmt":"2025-10-15T12:59:04","slug":"empower-your-campus-with-eunita-join-the-leading-academic-language-exchange-network","status":"publish","type":"page","link":"https:\/\/eunita.s.studiumdigitale.uni-frankfurt.de\/de\/empower-your-campus-with-eunita-join-the-leading-academic-language-exchange-network\/","title":{"rendered":"Werde EUniTa-Partneruniversit\u00e4t. Treten Sie dem wachsenden Netzwerk f\u00fcr akademischen Sprachaustausch bei!"},"content":{"rendered":"\n<p>Ist Ihre Universit\u00e4t bereit, Internationalisierung und studentisches Engagement auf die n\u00e4chste Ebene zu heben?<\/p>\n\n\n\n<p>Arbeiten Sie mit EUniTa zusammen und erm\u00f6glichen Sie Ihren Studierenden, globale Kontakte zu kn\u00fcpfen.<\/p>\n\n\n\n<p>Durch den Beitritt zu EUniTa werden Sie Teil einer modernen Plattform, die Studierende in ganz Europa f\u00fcr sinnvolle Sprachaustausche verbindet. Dadurch f\u00f6rdern Sie ihre Sprachkenntnisse, interkulturelle Kompetenz und ihr globales Denken.<\/p>\n\n\n\n<p>So funktioniert es f\u00fcr Hochschulen:<\/p>\n\n\n\n<p>\u2705 <strong>Schritt 1: EUniTa-Partner werden<\/strong><strong><br><\/strong>Treten Sie einem angesehenen Netzwerk von Universit\u00e4ten bei, die Innovation im Sprachenlernen vorantreiben. Ihre Partnerschaft unterst\u00fctzt die kontinuierliche Weiterentwicklung von Technologie und Studierendenservices.<\/p>\n\n\n\n<p>\u2705 <strong>Schritt 2: Einfache Integration<\/strong><strong><br><\/strong>EUniTa l\u00e4sst sich reibungslos in Ihre bestehenden Sprach- und digitalen Lernprogramme integrieren. Unser Team arbeitet eng mit Ihren Fachbereichen zusammen, um einen nahtlosen Ablauf sicherzustellen.<\/p>\n\n\n\n<p>\u2705 <strong>Schritt 3: Studierende aktivieren und einbinden<\/strong><strong><br><\/strong>Wir unterst\u00fctzen Sie bei der Einf\u00fchrung Ihrer Studierenden durch angepasste Registrierungsprozesse und ma\u00dfgeschneiderte Materialien, damit sie leicht ihren idealen Tandempartner finden.<\/p>\n\n\n\n<p>\u2705 <strong>Schritt 4: Sichtbarkeit und Beteiligung f\u00f6rdern<\/strong><strong><br><\/strong>Nutzen Sie unsere halbj\u00e4hrlichen Informationskampagnen \u2013 digital und auf dem Campus \u2013, um die Studierendenbeteiligung und die Sichtbarkeit Ihrer Institution zu steigern.<\/p>\n\n\n\n<p>\u2705 <strong>Schritt 5: Leistungsstarke Einblicke nutzen<br><\/strong>Erhalten Sie Zugriff auf detaillierte Analysen zur Studierendenaktivit\u00e4t, zu bevorzugten Sprachen und erfolgreichen Tandems, um Ihre akademischen Angebote gezielt zu optimieren.<\/p>\n\n\n\n<h2 class=\"wp-block-heading\"><strong>Werden Sie jetzt Partner!<\/strong><\/h2>\n\n\n\n<p><strong>Gestalten Sie Lernerfahrungen neu. Internationalisieren Sie Ihren Campus. St\u00e4rken Sie Ihre akademischen Netzwerke.<\/strong><\/p>\n\n\n\n<p>Kontakt: <strong>partner[at]eunita.org<\/strong><\/p>\n\n\n\n<p><\/p>\n\n","protected":false},"excerpt":{"rendered":"<p>Ist Ihre Universit\u00e4t bereit, Internationalisierung und studentisches Engagement auf die n\u00e4chste Ebene zu heben? Arbeiten Sie mit EUniTa zusammen und erm\u00f6glichen Sie Ihren Studierenden, globale Kontakte zu kn\u00fcpfen. Durch den Beitritt zu EUniTa werden Sie Teil einer modernen Plattform, die Studierende in ganz Europa f\u00fcr sinnvolle Sprachaustausche verbindet. Dadurch f\u00f6rdern Sie ihre Sprachkenntnisse, interkulturelle Kompetenz [&hellip;]<\/p>\n","protected":false},"author":3,"featured_media":0,"parent":0,"menu_order":0,"comment_status":"closed","ping_status":"closed","template":"","meta":{"footnotes":""},"class_list":["post-292","page","type-page","status-publish","hentry"],"_links":{"self":[{"href":"https:\/\/eunita.s.studiumdigitale.uni-frankfurt.de\/de\/wp-json\/wp\/v2\/pages\/292","targetHints":{"allow":["GET"]}}],"collection":[{"href":"https:\/\/eunita.s.studiumdigitale.uni-frankfurt.de\/de\/wp-json\/wp\/v2\/pages"}],"about":[{"href":"https:\/\/eunita.s.studiumdigitale.uni-frankfurt.de\/de\/wp-json\/wp\/v2\/types\/page"}],"author":[{"embeddable":true,"href":"https:\/\/eunita.s.studiumdigitale.uni-frankfurt.de\/de\/wp-json\/wp\/v2\/users\/3"}],"replies":[{"embeddable":true,"href":"https:\/\/eunita.s.studiumdigitale.uni-frankfurt.de\/de\/wp-json\/wp\/v2\/comments?post=292"}],"version-history":[{"count":2,"href":"https:\/\/eunita.s.studiumdigitale.uni-frankfurt.de\/de\/wp-json\/wp\/v2\/pages\/292\/revisions"}],"predecessor-version":[{"id":3122,"href":"https:\/\/eunita.s.studiumdigitale.uni-frankfurt.de\/de\/wp-json\/wp\/v2\/pages\/292\/revisions\/3122"}],"wp:attachment":[{"href":"https:\/\/eunita.s.studiumdigitale.uni-frankfurt.de\/de\/wp-json\/wp\/v2\/media?parent=292"}],"curies":[{"name":"wp","href":"https:\/\/api.w.org\/{rel}","templated":true}]}}