{"id":294,"date":"2025-05-09T16:10:03","date_gmt":"2025-05-09T14:10:03","guid":{"rendered":"https:\/\/eunita.s.studiumdigitale.uni-frankfurt.de\/?page_id=294"},"modified":"2025-10-15T15:43:07","modified_gmt":"2025-10-15T13:43:07","slug":"stories-tips-real-voices-real-experiences-real-advice","status":"publish","type":"page","link":"https:\/\/eunita.s.studiumdigitale.uni-frankfurt.de\/de\/stories-tips-real-voices-real-experiences-real-advice\/","title":{"rendered":"Erfahrungsberichte und Tipps. Echte Stimmen, echte Erlebnisse, echte Ratschl\u00e4ge"},"content":{"rendered":"\n<h3 class=\"wp-block-heading\"><strong>Willkommen im Herzen von EUniTa.<\/strong><\/h3>\n\n\n\n<p><strong><br><\/strong>Hier teilen Studierende ihre Tandem-Erfahrungen, pers\u00f6nlichen Erfolge und praktische Sprachtipps \u2013 um Sie zu inspirieren, Ihr Lernen zu unterst\u00fctzen und das Beste aus <strong>EUniTa<\/strong> herauszuholen.<\/p>\n\n\n\n<p><strong>Erfahrungsberichte von Studierenden<\/strong><\/p>\n\n\n\n<p>Erfahren Sie, wie andere ihr Tandem bestm\u00f6glich nutzen.<br>Von der \u00dcberwindung von Sprach\u00e4ngsten bis hin zum Aufbau internationaler Freundschaften \u2013 diese Erfahrungsberichte zeigen, wie bereichernd Sprachaustausch sein kann.<\/p>\n\n\n\n<p>\ud83d\udde8 <em>\u201eDank EUniTa habe ich nicht nur mein Italienisch verbessert, sondern auch eine Freundin f\u00fcrs Leben gefunden!\u201c (Claire, University of Liverpool)<\/em><\/p>\n\n\n\n<p>\ud83d\udde8 <em>\u201eAls portugiesischer Muttersprachler, der Deutsch lernt, habe ich endlich jemanden gefunden, mit dem ich ohne Druck sprechen kann.\u201c (Jo\u00e3o, Universidade Federal do Cear\u00e1)<\/em><\/p>\n\n\n\n<p>\ud83d\udc49 <strong>M\u00f6chten Sie Ihre Geschichte teilen? Wir freuen uns, Ihre Erfahrung vorzustellen.<\/strong><br>Senden Sie uns Ihre Geschichte an: <strong>contact[at]eunita.org<\/strong><\/p>\n\n\n\n<p><strong>Tandem-Tipps:<\/strong> <strong>N\u00fctzliche Hinweise f\u00fcr Ihren Lernweg<\/strong><\/p>\n\n\n\n<p>Machen Sie Ihre Tandem-Treffen unterhaltsam, effektiv und stressfrei \u2013 mit diesen bew\u00e4hrten Tipps von Studierenden und Sprachexpertinnen und -experten:<\/p>\n\n\n\n<ul class=\"wp-block-list\">\n<li><strong>Seien Sie regelm\u00e4\u00dfig:<\/strong> Treffen Sie sich regelm\u00e4\u00dfig, auch wenn es nur 15 Minuten pro Woche sind.<\/li>\n<li><strong>Setzen Sie gemeinsame Ziele:<\/strong> Definieren Sie, was Sie lernen m\u00f6chten, und feiern Sie Ihre Fortschritte.<\/li>\n<li><strong>Nutzen Sie die EUniTa-Lernmaterialien:<\/strong> Sie sind sowohl f\u00fcr Anf\u00e4ngerinnen und Anf\u00e4nger als auch f\u00fcr Fortgeschrittene geeignet.<\/li>\n<li><strong>Balancieren Sie die Sprachen:<\/strong> Teilen Sie die Zeit fair zwischen beiden Sprachen auf.<\/li>\n<li><strong>Bleiben Sie entspannt:<\/strong> Machen Sie sich keine Sorgen \u00fcber Fehler \u2013 genie\u00dfen Sie das gemeinsame Lernen.<\/li>\n<\/ul>\n\n\n\n<hr class=\"wp-block-separator has-alpha-channel-opacity\" \/>\n\n\n\n<p><strong>Das Beste aus EUniTa herausholen<\/strong><\/p>\n\n\n\n<p>Egal, ob Sie gerade erst anfangen oder bereits einen Tandem-Partner gefunden haben \u2013 EUniTa unterst\u00fctzt Sie auf Ihrem Weg.<br>Nutzen Sie diese Seite als Motivation und praktische Hilfe f\u00fcr Ihr Sprachenlernen.<\/p>\n\n\n\n<p><strong>Schauen Sie regelm\u00e4\u00dfig vorbei<\/strong> \u2013 wir erg\u00e4nzen fortlaufend neue Erfahrungsberichte und frische Tipps aus der EUniTa-Community.<\/p>\n\n","protected":false},"excerpt":{"rendered":"<p>Willkommen im Herzen von EUniTa. Hier teilen Studierende ihre Tandem-Erfahrungen, pers\u00f6nlichen Erfolge und praktische Sprachtipps \u2013 um Sie zu inspirieren, Ihr Lernen zu unterst\u00fctzen und das Beste aus EUniTa herauszuholen. Erfahrungsberichte von Studierenden Erfahren Sie, wie andere ihr Tandem bestm\u00f6glich nutzen.Von der \u00dcberwindung von Sprach\u00e4ngsten bis hin zum Aufbau internationaler Freundschaften \u2013 diese Erfahrungsberichte zeigen, [&hellip;]<\/p>\n","protected":false},"author":3,"featured_media":0,"parent":0,"menu_order":0,"comment_status":"closed","ping_status":"closed","template":"","meta":{"footnotes":""},"class_list":["post-294","page","type-page","status-publish","hentry"],"_links":{"self":[{"href":"https:\/\/eunita.s.studiumdigitale.uni-frankfurt.de\/de\/wp-json\/wp\/v2\/pages\/294","targetHints":{"allow":["GET"]}}],"collection":[{"href":"https:\/\/eunita.s.studiumdigitale.uni-frankfurt.de\/de\/wp-json\/wp\/v2\/pages"}],"about":[{"href":"https:\/\/eunita.s.studiumdigitale.uni-frankfurt.de\/de\/wp-json\/wp\/v2\/types\/page"}],"author":[{"embeddable":true,"href":"https:\/\/eunita.s.studiumdigitale.uni-frankfurt.de\/de\/wp-json\/wp\/v2\/users\/3"}],"replies":[{"embeddable":true,"href":"https:\/\/eunita.s.studiumdigitale.uni-frankfurt.de\/de\/wp-json\/wp\/v2\/comments?post=294"}],"version-history":[{"count":2,"href":"https:\/\/eunita.s.studiumdigitale.uni-frankfurt.de\/de\/wp-json\/wp\/v2\/pages\/294\/revisions"}],"predecessor-version":[{"id":3146,"href":"https:\/\/eunita.s.studiumdigitale.uni-frankfurt.de\/de\/wp-json\/wp\/v2\/pages\/294\/revisions\/3146"}],"wp:attachment":[{"href":"https:\/\/eunita.s.studiumdigitale.uni-frankfurt.de\/de\/wp-json\/wp\/v2\/media?parent=294"}],"curies":[{"name":"wp","href":"https:\/\/api.w.org\/{rel}","templated":true}]}}