{"id":296,"date":"2025-05-09T16:12:13","date_gmt":"2025-05-09T14:12:13","guid":{"rendered":"https:\/\/eunita.s.studiumdigitale.uni-frankfurt.de\/?page_id=296"},"modified":"2025-10-15T15:23:36","modified_gmt":"2025-10-15T13:23:36","slug":"how-it-works","status":"publish","type":"page","link":"https:\/\/eunita.s.studiumdigitale.uni-frankfurt.de\/de\/how-it-works\/","title":{"rendered":"So funktioniert es"},"content":{"rendered":"\n<h2 class=\"wp-block-heading\"><strong>Entdecken. Vernetzen. Sprechen Sie die Welt. \ud83c\udf0d<\/strong><\/h2>\n\n\n\n<p>M\u00f6chten Sie Sprachen mit Studierenden aus ganz Europa und dar\u00fcber hinaus \u00fcben? Mit <strong>EUniTa<\/strong> ist das einfach, kostenlos und voller spannender Begegnungen.<\/p>\n\n\n\n<p><strong>Schritt 1: Einfache Registrierung<br><\/strong><strong>Entdecken. Vernetzen. Sprechen Sie die Welt. \ud83c\udf0d<\/strong><\/p>\n\n\n\n<p>M\u00f6chten Sie Sprachen mit Studierenden aus ganz Europa und dar\u00fcber hinaus \u00fcben? Mit <strong>EUniTa<\/strong> ist das einfach, kostenlos und bietet authentische Verbindungen.<\/p>\n\n\n\n<hr class=\"wp-block-separator has-alpha-channel-opacity\"\/>\n\n\n\n<h2 class=\"wp-block-heading\">Schritt 1: Einfache Registrierung<\/h2>\n\n\n\n<p>\u00dcberpr\u00fcfen Sie, ob Ihre Universit\u00e4t Teil des EUniTa-Netzwerks ist.<br>\u2705 Registrieren Sie sich mit Ihrer <strong>Universit\u00e4ts-E-Mail-Adresse<\/strong><br>\u2705 Best\u00e4tigen Sie Ihre E-Mail-Adresse<br>\ud83d\udc49 <a>Registrieren Sie sich noch heute<\/a> und erweitern Sie Ihren Horizont.<\/p>\n\n\n\n<hr class=\"wp-block-separator has-alpha-channel-opacity\"\/>\n\n\n\n<h2 class=\"wp-block-heading\">Schritt 2: Erstellen Sie Ihr Sprachprofil<\/h2>\n\n\n\n<p>Ihr Profil ist der Schl\u00fcssel, um die besten Tandem-Matches zu finden.<\/p>\n\n\n\n<p>F\u00fcgen Sie folgende Angaben hinzu:<br>1\ufe0f\u20e3 <strong>Studienfach<\/strong> \u2013 verbinden Sie sich mit Studierenden aus Ihrem Fachbereich.<br>2\ufe0f\u20e3 <strong>Name<\/strong> \u2013 Vor- und Nachname, damit Ihr Partner wei\u00df, wer Sie sind.<br>3\ufe0f\u20e3 <strong>Geburtsdatum &amp; Geschlecht<\/strong> \u2013 nur zur Verbesserung des Matchings.<br>4\ufe0f\u20e3 <strong>Biografie<\/strong> \u2013 kurze Vorstellung: Interessen, Studienschwerpunkt, Hobbys.<br>5\ufe0f\u20e3 <strong>Muttersprache(n)<\/strong> \u2013 ein oder zwei Sprachen, die Sie flie\u00dfend sprechen.<br>6\ufe0f\u20e3 <strong>Weitere Sprachen + Niveaus (A1\u2013C2)<\/strong> \u2013 zeigen Sie, welche Sprachen Sie sprechen und wie gut.<br>7\ufe0f\u20e3 <strong>Pers\u00f6nliche Interessen<\/strong> \u2013 Reisen, Sport, Musik, Gaming, Kultur \u2026 gemeinsame Interessen erleichtern das Gespr\u00e4ch!<\/p>\n\n\n\n<p>\ud83d\udc49 Erstellen Sie jetzt Ihr Profil.<br>\u26a1 Tipp: Sie ben\u00f6tigen ein <strong>vollst\u00e4ndiges Profil<\/strong>, um Matches zu erhalten.<\/p>\n\n\n\n<hr class=\"wp-block-separator has-alpha-channel-opacity\"\/>\n\n\n\n<h2 class=\"wp-block-heading\">Schritt 3: Finden Sie Ihren idealen Tandempartner<\/h2>\n\n\n\n<p>Jetzt beginnt der spannende Teil \u2013 w\u00e4hlen Sie, wie Sie gematcht werden m\u00f6chten:<\/p>\n\n\n\n<ul class=\"wp-block-list\">\n<li>\ud83c\udf93 <strong>Akademisches Tandem<\/strong> \u2013 Match nach Studienfach.<\/li>\n\n\n\n<li>\ud83c\udfeb <strong>Internes Match<\/strong> \u2013 verbinden Sie sich mit Studierenden Ihrer eigenen Universit\u00e4t.<\/li>\n\n\n\n<li>\ud83c\udfaf <strong>Interessen-Match<\/strong> \u2013 treffen Sie Personen mit \u00e4hnlichen Interessen.<\/li>\n<\/ul>\n\n\n\n<p>\ud83d\udc49 Beispiel: Sie sprechen Deutsch und m\u00f6chten Franz\u00f6sisch lernen. Wir verbinden Sie mit einer franz\u00f6sischen Studierenden, die Deutsch \u00fcben m\u00f6chte. Perfekt!<\/p>\n\n\n\n<hr class=\"wp-block-separator has-alpha-channel-opacity\"\/>\n\n\n\n<h2 class=\"wp-block-heading\">Schritt 4: Vernetzen und Kommunizieren<\/h2>\n\n\n\n<p>Sobald Sie ein Match haben:<br>\u2705 Sie beide erhalten eine <strong>Match-E-Mail<\/strong> mit den Partnerdetails.<br>\u2705 Das Match erscheint in Ihrem pers\u00f6nlichen Dashboard.<br>\u2705 Nehmen Sie \u00fcber Ihre <strong>Universit\u00e4ts-E-Mail<\/strong> Kontakt auf und vereinbaren Sie Ihr erstes Treffen.<\/p>\n\n\n\n<p>\ud83d\udc49 Beginnen Sie noch heute, sich zu vernetzen.<\/p>\n\n\n\n<hr class=\"wp-block-separator has-alpha-channel-opacity\"\/>\n\n\n\n<h2 class=\"wp-block-heading\">Schritt 5: Gemeinsam lernen und wachsen<\/h2>\n\n\n\n<p>EUniTa bietet eine Bibliothek mit offenen Materialien, die speziell f\u00fcr das Tandemlernen entwickelt wurden. Nutzen Sie diese, um Ihre Sitzungen zu strukturieren und Ihren Fortschritt zu dokumentieren.<\/p>\n\n\n\n<p>\ud83d\udc49 Entdecken Sie Materialien. Lernen Sie gemeinsam. Wachsen Sie zusammen.<\/p>\n\n\n\n<hr class=\"wp-block-separator has-alpha-channel-opacity\"\/>\n\n\n\n<p>\ud83c\udf1f Schlie\u00dfen Sie sich tausenden Studierenden an, die ihren Horizont erweitern.<br><strong>Ihr n\u00e4chster Tandempartner wartet bereits.<\/strong><\/p>\n\n\n\n<p><\/p>\n\n","protected":false},"excerpt":{"rendered":"<p>Entdecken. Vernetzen. Sprechen Sie die Welt. \ud83c\udf0d M\u00f6chten Sie Sprachen mit Studierenden aus ganz Europa und dar\u00fcber hinaus \u00fcben? Mit EUniTa ist das einfach, kostenlos und voller spannender Begegnungen. Schritt 1: Einfache RegistrierungEntdecken. Vernetzen. Sprechen Sie die Welt. \ud83c\udf0d M\u00f6chten Sie Sprachen mit Studierenden aus ganz Europa und dar\u00fcber hinaus \u00fcben? Mit EUniTa ist das [&hellip;]<\/p>\n","protected":false},"author":3,"featured_media":0,"parent":0,"menu_order":0,"comment_status":"closed","ping_status":"closed","template":"","meta":{"footnotes":""},"class_list":["post-296","page","type-page","status-publish","hentry"],"_links":{"self":[{"href":"https:\/\/eunita.s.studiumdigitale.uni-frankfurt.de\/de\/wp-json\/wp\/v2\/pages\/296","targetHints":{"allow":["GET"]}}],"collection":[{"href":"https:\/\/eunita.s.studiumdigitale.uni-frankfurt.de\/de\/wp-json\/wp\/v2\/pages"}],"about":[{"href":"https:\/\/eunita.s.studiumdigitale.uni-frankfurt.de\/de\/wp-json\/wp\/v2\/types\/page"}],"author":[{"embeddable":true,"href":"https:\/\/eunita.s.studiumdigitale.uni-frankfurt.de\/de\/wp-json\/wp\/v2\/users\/3"}],"replies":[{"embeddable":true,"href":"https:\/\/eunita.s.studiumdigitale.uni-frankfurt.de\/de\/wp-json\/wp\/v2\/comments?post=296"}],"version-history":[{"count":4,"href":"https:\/\/eunita.s.studiumdigitale.uni-frankfurt.de\/de\/wp-json\/wp\/v2\/pages\/296\/revisions"}],"predecessor-version":[{"id":3135,"href":"https:\/\/eunita.s.studiumdigitale.uni-frankfurt.de\/de\/wp-json\/wp\/v2\/pages\/296\/revisions\/3135"}],"wp:attachment":[{"href":"https:\/\/eunita.s.studiumdigitale.uni-frankfurt.de\/de\/wp-json\/wp\/v2\/media?parent=296"}],"curies":[{"name":"wp","href":"https:\/\/api.w.org\/{rel}","templated":true}]}}