{"id":298,"date":"2025-05-09T16:13:48","date_gmt":"2025-05-09T14:13:48","guid":{"rendered":"https:\/\/eunita.s.studiumdigitale.uni-frankfurt.de\/?page_id=298"},"modified":"2025-10-15T15:22:15","modified_gmt":"2025-10-15T13:22:15","slug":"faq-help","status":"publish","type":"page","link":"https:\/\/eunita.s.studiumdigitale.uni-frankfurt.de\/de\/faq-help\/","title":{"rendered":"H\u00e4ufig gestellte Fragen (FAQ)"},"content":{"rendered":"\n<p><strong>F: WAS IST EIN TANDEM-AUSTAUSCH UND WIE FUNKTIONIERT ER?<\/strong><\/p>\n\n\n\n<p><strong>Antwort: Ein Sprachtandem ist ein Austausch zwischen zwei Personen, die die Sprache der jeweils anderen lernen und gemeinsam ihre sprachlichen und interkulturellen Kompetenzen verbessern m\u00f6chten. W\u00e4hrend der Treffen sollte die Zeit gleichm\u00e4\u00dfig auf beide Sprachen verteilt werden.<\/strong><\/p>\n\n\n\n<hr class=\"wp-block-separator has-alpha-channel-opacity\" \/>\n\n\n\n<p><strong>F: ICH M\u00d6CHTE MEHR ALS EINE SPRACHE \u00dcBEN. KANN ICH MICH F\u00dcR MEHR ALS EIN TANDEM ANMELDEN?<\/strong><\/p>\n\n\n\n<p><strong>Antwort: Ja, das ist m\u00f6glich. Starten Sie einfach f\u00fcr jede Sprache, die Sie \u00fcben m\u00f6chten, eine neue Tandem-Suche.<\/strong><\/p>\n\n\n\n<hr class=\"wp-block-separator has-alpha-channel-opacity\" \/>\n\n\n\n<p><strong>F: MUSS ICH EIN BESTIMMTES SPRACHNIVEAU HABEN, BEVOR ICH EIN TANDEM BEGINNE?<\/strong><\/p>\n\n\n\n<p><strong>Antwort: Nein, ein bestimmtes Sprachniveau ist nicht erforderlich. Wir empfehlen jedoch mindestens ein Niveau von A1, um sich mit Ihrem Tandempartner verst\u00e4ndigen zu k\u00f6nnen.<\/strong><\/p>\n\n\n\n<hr class=\"wp-block-separator has-alpha-channel-opacity\" \/>\n\n\n\n<p><strong>F: KANN ICH MICH JEDERZEIT F\u00dcR EIN TANDEM ANMELDEN?<\/strong><\/p>\n\n\n\n<p><strong>Antwort: Ja, die Registrierung bei EUniTa und die Suche nach einem neuen Tandem ist jederzeit m\u00f6glich.<\/strong><\/p>\n\n\n\n<hr class=\"wp-block-separator has-alpha-channel-opacity\" \/>\n\n\n\n<p><strong>F: WIE LANGE DAUERT ES, BIS ICH EINEN PARTNER FINDE?<\/strong><\/p>\n\n\n\n<p><strong>Antwort: Wenn es bereits eine Person gibt, die zu Ihrer Suche passt, erhalten Sie sofort eine E-Mail. Falls nicht, m\u00fcssen Sie warten, bis sich eine Person mit passenden Kriterien anmeldet.<\/strong><\/p>\n\n\n\n<hr class=\"wp-block-separator has-alpha-channel-opacity\" \/>\n\n\n\n<p><strong>F: WAS IST EIN AKADEMISCHES TANDEM?<\/strong><\/p>\n\n\n\n<p><strong>Antwort: Um Ihre akademischen Sprachkenntnisse zu verbessern, kann EUniTa Personen mit \u00e4hnlichem fachlichem Hintergrund zusammenbringen. Wenn Sie in Ihrer Tandem-Suche die Option \u201eAkademisches Tandem\u201c ausw\u00e4hlen, werden Sie nur mit Partnern aus Ihrem Fachgebiet gematcht.<\/strong><\/p>\n\n\n\n<hr class=\"wp-block-separator has-alpha-channel-opacity\" \/>\n\n\n\n<p><strong>F: KANN ICH EIN TANDEM VOR ORT MACHEN?<\/strong><\/p>\n\n\n\n<p><strong>Antwort: Ja, auch das ist \u00fcber EUniTa m\u00f6glich. Es hei\u00dft \u201eInternes Match\u201c. Sie k\u00f6nnen ein Online-Tandem, ein Pr\u00e4senz-Tandem oder beides w\u00e4hlen.<\/strong><\/p>\n\n\n\n<hr class=\"wp-block-separator has-alpha-channel-opacity\" \/>\n\n\n\n<p><strong>F: WIE L\u00c4UFT DAS ERSTE TANDEM-TREFFEN AB?<\/strong><\/p>\n\n\n\n<p><strong>Antwort: Nachdem Sie mit Ihrem Tandempartner gematcht wurden, nehmen Sie Kontakt auf und schlagen Sie Zeit und Ort f\u00fcr das erste Treffen vor (online oder pers\u00f6nlich). F\u00fcr interne Matches schlagen Sie auch einen Treffpunkt vor, z. B. ein Caf\u00e9 an der Universit\u00e4t. Beim ersten Treffen k\u00f6nnen Sie sich vorstellen und \u00fcber Ihre Erwartungen an das Tandem sprechen (z. B. Was m\u00f6chten Sie verbessern? Soll Ihr Partner Sie beim Sprechen korrigieren?). Sie k\u00f6nnen auch die Datei \u201eStellen Sie sich vor\u201c aus der EUniTa-Bibliothek verwenden.<\/strong><\/p>\n\n\n\n<hr class=\"wp-block-separator has-alpha-channel-opacity\" \/>\n\n\n\n<p><strong>F: ICH WURDE NOCH NICHT GEMATCHT. WAS KANN ICH TUN?<\/strong><\/p>\n\n\n\n<p><strong>Antwort: Starten Sie eine neue Tandem-Suche, ohne die Optionen \u201eInternes Match\u201c oder \u201eAkademisches Tandem\u201c auszuw\u00e4hlen.<\/strong><\/p>\n\n\n\n<hr class=\"wp-block-separator has-alpha-channel-opacity\" \/>\n\n\n\n<p><strong>F: MEIN TANDEMPARTNER ERSCHEINT NICHT ZUM VEREINBARTEN TREFFEN. WAS KANN ICH MACHEN?<\/strong><\/p>\n\n\n\n<p><strong>Antwort: Versuchen Sie, Ihren Tandempartner erneut zu kontaktieren und fragen Sie, ob noch Interesse besteht. Falls nicht, starten Sie eine neue Tandem-Suche.<\/strong><\/p>\n\n\n\n<hr class=\"wp-block-separator has-alpha-channel-opacity\" \/>\n\n\n\n<p><strong>F: KANN ICH EIN TEILNAHMEZERTIFIKAT F\u00dcR MEIN TANDEM ERHALTEN? WENN JA, WAS MUSS ICH DAF\u00dcR TUN?<\/strong><\/p>\n\n\n\n<p><strong>Antwort: Ja, um ein Zertifikat zu erhalten, m\u00fcssen Sie sich 12 Mal mit Ihrem Partner treffen und die auf der EUniTa-Plattform verf\u00fcgbare Lerndokumentation ausf\u00fcllen. Nachdem Sie das Dokument auf der Plattform hochgeladen haben, stellen wir Ihnen das Zertifikat aus.<\/strong><\/p>\n\n\n\n<hr class=\"wp-block-separator has-alpha-channel-opacity\" \/>\n\n\n\n<p><strong>F: IST EUNITA AUF MOBILGER\u00c4TEN VERF\u00dcGBAR?<\/strong><\/p>\n\n\n\n<p><strong>Antwort: Sie k\u00f6nnen EUniTa auf mobilen Ger\u00e4ten im Browser verwenden.<\/strong><\/p>\n\n\n\n<hr class=\"wp-block-separator has-alpha-channel-opacity\" \/>\n\n\n\n<p><strong>F: WAS KANN ICH BEI PROBLEMEN MIT DEM PASSWORT ODER DER AKTIVIERUNG TUN?<\/strong><\/p>\n\n\n\n<p><strong>Antwort: Bitte versuchen Sie, Ihr Passwort \u00fcber die Funktion \u201ePasswort zur\u00fccksetzen\u201c neu zu setzen. Wenn Ihr Konto noch nicht aktiviert ist, erhalten Sie einen neuen Aktivierungslink per E-Mail.<\/strong><\/p>\n\n\n\n<hr class=\"wp-block-separator has-alpha-channel-opacity\" \/>\n\n\n\n<p><strong>F: ICH KANN MICH NICHT REGISTRIEREN, WEIL MEINE E-MAIL-ADRESSE ALS UNG\u00dcLTIG ANGEZEIGT WIRD.<\/strong><\/p>\n\n\n\n<p><strong>Antwort: Die EUniTa-Plattform ist nur f\u00fcr Studierende von Partneruniversit\u00e4ten zug\u00e4nglich. F\u00fcr die Anmeldung k\u00f6nnen Sie ausschlie\u00dflich Ihre offizielle Universit\u00e4ts-E-Mail-Adresse verwenden.<\/strong><\/p>\n\n\n\n<hr class=\"wp-block-separator has-alpha-channel-opacity\" \/>\n\n\n\n<p><\/p>\n\n","protected":false},"excerpt":{"rendered":"<p>F: WAS IST EIN TANDEM-AUSTAUSCH UND WIE FUNKTIONIERT ER? Antwort: Ein Sprachtandem ist ein Austausch zwischen zwei Personen, die die Sprache der jeweils anderen lernen und gemeinsam ihre sprachlichen und interkulturellen Kompetenzen verbessern m\u00f6chten. W\u00e4hrend der Treffen sollte die Zeit gleichm\u00e4\u00dfig auf beide Sprachen verteilt werden. F: ICH M\u00d6CHTE MEHR ALS EINE SPRACHE \u00dcBEN. KANN [&hellip;]<\/p>\n","protected":false},"author":3,"featured_media":0,"parent":0,"menu_order":0,"comment_status":"closed","ping_status":"closed","template":"","meta":{"footnotes":""},"class_list":["post-298","page","type-page","status-publish","hentry"],"_links":{"self":[{"href":"https:\/\/eunita.s.studiumdigitale.uni-frankfurt.de\/de\/wp-json\/wp\/v2\/pages\/298","targetHints":{"allow":["GET"]}}],"collection":[{"href":"https:\/\/eunita.s.studiumdigitale.uni-frankfurt.de\/de\/wp-json\/wp\/v2\/pages"}],"about":[{"href":"https:\/\/eunita.s.studiumdigitale.uni-frankfurt.de\/de\/wp-json\/wp\/v2\/types\/page"}],"author":[{"embeddable":true,"href":"https:\/\/eunita.s.studiumdigitale.uni-frankfurt.de\/de\/wp-json\/wp\/v2\/users\/3"}],"replies":[{"embeddable":true,"href":"https:\/\/eunita.s.studiumdigitale.uni-frankfurt.de\/de\/wp-json\/wp\/v2\/comments?post=298"}],"version-history":[{"count":5,"href":"https:\/\/eunita.s.studiumdigitale.uni-frankfurt.de\/de\/wp-json\/wp\/v2\/pages\/298\/revisions"}],"predecessor-version":[{"id":3133,"href":"https:\/\/eunita.s.studiumdigitale.uni-frankfurt.de\/de\/wp-json\/wp\/v2\/pages\/298\/revisions\/3133"}],"wp:attachment":[{"href":"https:\/\/eunita.s.studiumdigitale.uni-frankfurt.de\/de\/wp-json\/wp\/v2\/media?parent=298"}],"curies":[{"name":"wp","href":"https:\/\/api.w.org\/{rel}","templated":true}]}}