{"id":363,"date":"2025-08-29T17:43:47","date_gmt":"2025-08-29T15:43:47","guid":{"rendered":"https:\/\/eunita.s.studiumdigitale.uni-frankfurt.de\/?page_id=363"},"modified":"2025-10-15T15:28:06","modified_gmt":"2025-10-15T13:28:06","slug":"impressum","status":"publish","type":"page","link":"https:\/\/eunita.s.studiumdigitale.uni-frankfurt.de\/de\/impressum\/","title":{"rendered":"Impressum"},"content":{"rendered":"\n<p><em>Anbieterkennzeichnung gem\u00e4\u00df \u00a7 5 TMG und \u00a7 18 Abs. 2 MStV<\/em><br>Letzte Aktualisierung: 29. August 2025<\/p>\n\n\n\n<p><strong>Diensteanbieter \/ Betreiber der Website und der EUniTa-App<\/strong><br>Goethe-Universit\u00e4t Frankfurt am Main<br>Theodor-W.-Adorno-Platz 1<br>60323 Frankfurt am Main<br>Deutschland<\/p>\n\n\n\n<p><strong>Rechtsform<\/strong><br>K\u00f6rperschaft des \u00f6ffentlichen Rechts<\/p>\n\n\n\n<p><strong>Vertretungsberechtigte Person<\/strong><br>Vertreten durch die Pr\u00e4sidentin bzw. den Pr\u00e4sidenten.<\/p>\n\n\n\n<p><strong>Kontakt<\/strong><br>Administrative Unterst\u00fctzung: studiumdigitale \u2013 Zentrale eLearning-Einrichtung<br>Eschersheimer Landstra\u00dfe 155\/157, 60323 Frankfurt am Main, Deutschland<br>Telefon: +49 69 798-22198<br>E-Mail: <a>info[at]studiumdigitale.uni-frankfurt.de<\/a><br><a href=\"https:\/\/eunita.s.studiumdigitale.uni-frankfurt.de\/contact-us\/\" data-type=\"page\" data-id=\"290\">Kontaktformular<\/a><\/p>\n\n\n\n<p><strong>Inhaltlich verantwortlich gem\u00e4\u00df \u00a7 18 Abs. 2 MStV<\/strong><br>Dr. Maria Kopp-Kavermann<br>Internationales Studien- und Sprachenzentrum (ISZ), Fremdsprachen<\/p>\n\n\n\n<p><span style=\"font-size: revert\">Johann Wolfgang Goethe-Universit\u00e4t<\/span><\/p>\n\n\n\n<p>Theodor-W.-Adorno-Platz 1<br>60323 Frankfurt am Main<br>Telefon: +49 69 798-23757<br>E-Mail: kopp-kavermann[at]em.uni-frankfurt.de<\/p>\n\n\n\n<p><br><strong>Aufsichtsbeh\u00f6rde<\/strong><br>Hessisches Ministerium f\u00fcr Wissenschaft und Kunst (HMWK)<\/p>\n\n\n\n<p><\/p>\n\n\n\n<p><strong><a href=\"https:\/\/eunita.s.studiumdigitale.uni-frankfurt.de\/terms-of-use\/\" data-type=\"page\" data-id=\"302\">Nutzungsbedingungen<\/a><\/strong><br><a href=\"https:\/\/eunita.s.studiumdigitale.uni-frankfurt.de\/privacy-policy\/\" data-type=\"page\" data-id=\"300\"><strong>Datenschutzerkl\u00e4rung<\/strong><\/a><br><strong><a href=\"https:\/\/eunita.s.studiumdigitale.uni-frankfurt.de\/cookie-policy\/\" data-type=\"page\" data-id=\"318\">Cookie-Richtlinie<\/a><\/strong><br>Datenschutzbeauftragte oder Datenschutzbeauftragter: <a>dsb[at]uni-frankfurt.de<\/a><\/p>\n\n\n\n<p><\/p>\n\n\n\n<p><strong>Haftung f\u00fcr Inhalte<\/strong><br>Gem\u00e4\u00df \u00a7 7 Abs. 1 TMG ist die Goethe-Universit\u00e4t f\u00fcr eigene Inhalte auf diesen Seiten verantwortlich. Nach \u00a7\u00a7 8 bis 10 TMG besteht jedoch keine Verpflichtung, \u00fcbermittelte oder gespeicherte fremde Informationen zu \u00fcberwachen oder nach Umst\u00e4nden zu suchen, die auf eine rechtswidrige T\u00e4tigkeit hinweisen. Verpflichtungen zur Entfernung oder Sperrung der Nutzung von Informationen nach den allgemeinen Gesetzen bleiben hiervon unber\u00fchrt. Eine Haftung ist erst ab dem Zeitpunkt der Kenntnis einer konkreten Rechtsverletzung m\u00f6glich. Bei Bekanntwerden entsprechender Rechtsverletzungen werden wir diese Inhalte umgehend entfernen.<\/p>\n\n\n\n<p><strong>Haftung f\u00fcr Links<\/strong><br>Diese Website enth\u00e4lt Links zu externen Websites Dritter. F\u00fcr deren Inhalte sind ausschlie\u00dflich die jeweiligen Anbieter verantwortlich. Rechtswidrige Inhalte waren zum Zeitpunkt der Verlinkung nicht erkennbar. Bei Bekanntwerden von Rechtsverst\u00f6\u00dfen werden derartige Links unverz\u00fcglich entfernt.<\/p>\n\n\n\n<p><strong>Urheberrecht<\/strong><br>Sofern nicht anders angegeben, stehen die Lehrmaterialien auf dieser Website unter der Lizenz <strong>CC BY-NC-ND 4.0<\/strong>. Erforderliche Namensnennung: \u201eEUniTa App, Goethe-Universit\u00e4t Frankfurt am Main\u201c sowie die jeweiligen Autorinnen und Autoren. Keine Bearbeitung. Keine kommerzielle Nutzung. Inhalte Dritter sind entsprechend gekennzeichnet und unterliegen eigenen Lizenzbedingungen.<\/p>\n\n\n\n<p><strong>Online-Streitbeilegung und Verbraucherschlichtung<\/strong><br>EU-Plattform f\u00fcr Online-Streitbeilegung: <a href=\"https:\/\/ec.europa.eu\/consumers\/odr\">https:\/\/ec.europa.eu\/consumers\/odr<\/a><br>Die Goethe-Universit\u00e4t ist weder verpflichtet noch bereit, an einem Streitbeilegungsverfahren vor einer Verbraucherschlichtungsstelle teilzunehmen.<\/p>\n\n\n\n<p><\/p>\n\n","protected":false},"excerpt":{"rendered":"<p>Anbieterkennzeichnung gem\u00e4\u00df \u00a7 5 TMG und \u00a7 18 Abs. 2 MStVLetzte Aktualisierung: 29. August 2025 Diensteanbieter \/ Betreiber der Website und der EUniTa-AppGoethe-Universit\u00e4t Frankfurt am MainTheodor-W.-Adorno-Platz 160323 Frankfurt am MainDeutschland RechtsformK\u00f6rperschaft des \u00f6ffentlichen Rechts Vertretungsberechtigte PersonVertreten durch die Pr\u00e4sidentin bzw. den Pr\u00e4sidenten. KontaktAdministrative Unterst\u00fctzung: studiumdigitale \u2013 Zentrale eLearning-EinrichtungEschersheimer Landstra\u00dfe 155\/157, 60323 Frankfurt am Main, DeutschlandTelefon: [&hellip;]<\/p>\n","protected":false},"author":3,"featured_media":0,"parent":0,"menu_order":0,"comment_status":"closed","ping_status":"closed","template":"","meta":{"footnotes":""},"class_list":["post-363","page","type-page","status-publish","hentry"],"_links":{"self":[{"href":"https:\/\/eunita.s.studiumdigitale.uni-frankfurt.de\/de\/wp-json\/wp\/v2\/pages\/363","targetHints":{"allow":["GET"]}}],"collection":[{"href":"https:\/\/eunita.s.studiumdigitale.uni-frankfurt.de\/de\/wp-json\/wp\/v2\/pages"}],"about":[{"href":"https:\/\/eunita.s.studiumdigitale.uni-frankfurt.de\/de\/wp-json\/wp\/v2\/types\/page"}],"author":[{"embeddable":true,"href":"https:\/\/eunita.s.studiumdigitale.uni-frankfurt.de\/de\/wp-json\/wp\/v2\/users\/3"}],"replies":[{"embeddable":true,"href":"https:\/\/eunita.s.studiumdigitale.uni-frankfurt.de\/de\/wp-json\/wp\/v2\/comments?post=363"}],"version-history":[{"count":4,"href":"https:\/\/eunita.s.studiumdigitale.uni-frankfurt.de\/de\/wp-json\/wp\/v2\/pages\/363\/revisions"}],"predecessor-version":[{"id":3137,"href":"https:\/\/eunita.s.studiumdigitale.uni-frankfurt.de\/de\/wp-json\/wp\/v2\/pages\/363\/revisions\/3137"}],"wp:attachment":[{"href":"https:\/\/eunita.s.studiumdigitale.uni-frankfurt.de\/de\/wp-json\/wp\/v2\/media?parent=363"}],"curies":[{"name":"wp","href":"https:\/\/api.w.org\/{rel}","templated":true}]}}