{"id":546,"date":"2025-09-11T11:25:14","date_gmt":"2025-09-11T09:25:14","guid":{"rendered":"https:\/\/eunita.s.studiumdigitale.uni-frankfurt.de\/?page_id=546"},"modified":"2025-10-15T15:31:44","modified_gmt":"2025-10-15T13:31:44","slug":"join-the-adventure","status":"publish","type":"page","link":"https:\/\/eunita.s.studiumdigitale.uni-frankfurt.de\/de\/join-the-adventure\/","title":{"rendered":"Werden Sie Teil des Abenteuers"},"content":{"rendered":"\n<p><\/p>\n\n\n\n<h2 class=\"wp-block-heading\">EUniTa \u2013 <strong>Mehr als nur eine Lernplattform<\/strong><\/h2>\n\n\n\n<p>EUniTa ist eine Initiative, die auf pers\u00f6nliche Begegnungen und Freude am Sprachenlernen setzt. Wir m\u00f6chten Spracherwerb zu einer bereichernden Erfahrung machen, indem wir echte Interaktionen f\u00f6rdern. EUniTa ist ein universit\u00e4tsverifiziertes Tandem-Sprachnetzwerk. Es verbindet Studierende und Mitarbeitende von Partneruniversit\u00e4ten in Europa und Brasilien, um authentische Gespr\u00e4che, kulturellen Austausch und nachhaltiges Sprachenlernen zu erm\u00f6glichen. Begegnen Sie Sprachbegeisterten, die Ihre Interessen teilen, und kn\u00fcpfen Sie Freundschaften, die geografische Grenzen \u00fcberdauern.<\/p>\n\n\n\n<p>EUniTa ist eine<strong> <\/strong>Gemeinschaft Gleichgesinnter: Werden Sie Teil eines Netzwerks neugieriger und engagierter Menschen, die lernen und sich weiterentwickeln m\u00f6chten. Teilen Sie Ihre Erfahrungen, unterst\u00fctzen Sie sich gegenseitig und feiern Sie gemeinsame Erfolge.<\/p>\n\n\n\n<h2 class=\"wp-block-heading\">Warum mitmachen?<\/h2>\n\n\n\n<p>EUniTa bietet eine offene Plattform, um neue Menschen kennenzulernen, Kulturen zu teilen und internationale Kontakte zu pflegen \u2013 v\u00f6llig kostenlos. Testen Sie Ihre Sprachkenntnisse in realen Situationen. Durch bedeutungsvolle Gespr\u00e4che gewinnen Sie Sicherheit und Sprachfl\u00fcssigkeit, wodurch Lernen sowohl praktisch als auch motivierend wird.<\/p>\n\n\n\n<p>St\u00e4rken Sie Ihr Selbstvertrauen beim Sprechen: Treffen Sie eine Person, die Ihre Sprache lernt, w\u00e4hrend Sie ihre \u00fcben.<\/p>\n\n\n\n<p>Bereiten Sie sich auf Auslandsaufenthalte vor: Nutzen Sie EUniTa, um sich auf ein Austauschsemester, Praktikum oder Forschungsprojekt vorzubereiten.<\/p>\n\n\n\n<p>Lernen Sie mit Ziel: Setzen Sie gemeinsame Lernziele, verfolgen Sie Ihren Fortschritt und reflektieren Sie, was gut funktioniert.<\/p>\n\n\n\n<p>Erweitern Sie Ihr Netzwerk: Vernetzen Sie sich mit Gleichgesinnten \u00fcber Fach- und L\u00e4ndergrenzen hinweg.<\/p>\n\n\n\n<h2 class=\"wp-block-heading\"><strong>Wer kann teilnehmen?<\/strong><\/h2>\n\n\n\n<ul class=\"wp-block-list\">\n<li>Eingeschriebene Studierende von EUniTa-Partneruniversit\u00e4ten<\/li>\n\n\n\n<li>Akademisches und administratives Personal der Partnerinstitutionen<\/li>\n\n\n\n<li>Anf\u00e4ngerinnen und Anf\u00e4nger ebenso wie Fortgeschrittene<\/li>\n<\/ul>\n\n\n\n<h2 class=\"wp-block-heading\"><strong>Machen Sie noch heute den n\u00e4chsten Schritt!<\/strong><\/h2>\n\n\n\n<p>Sind Sie bereit, Ihre Sprachkenntnisse zu erweitern und neue Kontakte zu kn\u00fcpfen? Bei EUniTa bringt Sie jedes Gespr\u00e4ch Ihrem Ziel ein St\u00fcck n\u00e4her. Treten Sie bei und entdecken Sie die Welt der Sprachen. So funktioniert es:<\/p>\n\n\n\n<ul class=\"wp-block-list\">\n<li>Profil erstellen: Melden Sie sich mit Ihrer Universit\u00e4ts-E-Mail an und geben Sie Sprachen, Niveaus und Interessen an.<\/li>\n\n\n\n<li>Match erhalten: Unser System verbindet Sie auf Grundlage von Sprachen, Verf\u00fcgbarkeit und Zielen mit passenden Partnern.<\/li>\n\n\n\n<li>Ziele abstimmen: Legen Sie gemeinsam fest, was Sie \u00fcben m\u00f6chten und wie Sie Ihren Fortschritt messen.<\/li>\n\n\n\n<li>Regelm\u00e4\u00dfig treffen: Online oder auf dem Campus. Kurze, regelm\u00e4\u00dfige Treffen sind am effektivsten.<\/li>\n\n\n\n<li>Reflektieren und verbessern: Nutzen Sie unsere Leitf\u00e4den, um Ihr Lernen zu planen, zu beobachten und anzupassen.<\/li>\n<\/ul>\n\n\n\n<h2 class=\"wp-block-heading\"><strong>Sicherheit und Datenschutz<\/strong><\/h2>\n\n\n\n<ul class=\"wp-block-list\">\n<li>Zugang nur f\u00fcr verifizierte Universit\u00e4tskonten<\/li>\n\n\n\n<li>Klare Melde- und Supportkan\u00e4le<\/li>\n\n\n\n<li>Datenminimierung und sichere Verarbeitung gem\u00e4\u00df DSGVO<\/li>\n\n\n\n<li>Sie entscheiden \u00fcber die Sichtbarkeit Ihres Profils und Ihre Matching-Einstellungen<\/li>\n<\/ul>\n\n\n\n<h2 class=\"wp-block-heading\"><strong>Akademische Nutzungsideen<\/strong><\/h2>\n\n\n\n<p>Nutzen Sie Ihr Tandem, um Ihre universit\u00e4ren Aktivit\u00e4ten zu unterst\u00fctzen:<\/p>\n\n\n\n<ul class=\"wp-block-list\">\n<li>Diskutieren Sie Lekt\u00fcren oder Vorlesungsthemen in der Zielsprache<\/li>\n\n\n\n<li>\u00dcben Sie Pr\u00e4sentationen und Pr\u00fcfungsgespr\u00e4che<\/li>\n\n\n\n<li>Verfassen Sie gemeinsam Abstracts oder E-Mails und pr\u00fcfen Sie Formulierung und Ton<\/li>\n\n\n\n<li>Vergleichen Sie wissenschaftliche Schreibkonventionen und Zitierstile verschiedener L\u00e4nder<\/li>\n\n\n\n<li>Geben Sie gegenseitiges Feedback zu Klarheit, Struktur und Argumentationslogik<\/li>\n<\/ul>\n\n\n\n<p><\/p>\n\n\n\n<p><\/p>\n\n","protected":false},"excerpt":{"rendered":"<p>EUniTa \u2013 Mehr als nur eine Lernplattform EUniTa ist eine Initiative, die auf pers\u00f6nliche Begegnungen und Freude am Sprachenlernen setzt. Wir m\u00f6chten Spracherwerb zu einer bereichernden Erfahrung machen, indem wir echte Interaktionen f\u00f6rdern. EUniTa ist ein universit\u00e4tsverifiziertes Tandem-Sprachnetzwerk. Es verbindet Studierende und Mitarbeitende von Partneruniversit\u00e4ten in Europa und Brasilien, um authentische Gespr\u00e4che, kulturellen Austausch und [&hellip;]<\/p>\n","protected":false},"author":3,"featured_media":0,"parent":0,"menu_order":0,"comment_status":"closed","ping_status":"closed","template":"","meta":{"footnotes":""},"class_list":["post-546","page","type-page","status-publish","hentry"],"_links":{"self":[{"href":"https:\/\/eunita.s.studiumdigitale.uni-frankfurt.de\/de\/wp-json\/wp\/v2\/pages\/546","targetHints":{"allow":["GET"]}}],"collection":[{"href":"https:\/\/eunita.s.studiumdigitale.uni-frankfurt.de\/de\/wp-json\/wp\/v2\/pages"}],"about":[{"href":"https:\/\/eunita.s.studiumdigitale.uni-frankfurt.de\/de\/wp-json\/wp\/v2\/types\/page"}],"author":[{"embeddable":true,"href":"https:\/\/eunita.s.studiumdigitale.uni-frankfurt.de\/de\/wp-json\/wp\/v2\/users\/3"}],"replies":[{"embeddable":true,"href":"https:\/\/eunita.s.studiumdigitale.uni-frankfurt.de\/de\/wp-json\/wp\/v2\/comments?post=546"}],"version-history":[{"count":4,"href":"https:\/\/eunita.s.studiumdigitale.uni-frankfurt.de\/de\/wp-json\/wp\/v2\/pages\/546\/revisions"}],"predecessor-version":[{"id":3140,"href":"https:\/\/eunita.s.studiumdigitale.uni-frankfurt.de\/de\/wp-json\/wp\/v2\/pages\/546\/revisions\/3140"}],"wp:attachment":[{"href":"https:\/\/eunita.s.studiumdigitale.uni-frankfurt.de\/de\/wp-json\/wp\/v2\/media?parent=546"}],"curies":[{"name":"wp","href":"https:\/\/api.w.org\/{rel}","templated":true}]}}