{"id":199,"date":"2025-05-07T13:24:38","date_gmt":"2025-05-07T11:24:38","guid":{"rendered":"https:\/\/eunita.s.studiumdigitale.uni-frankfurt.de\/?page_id=199"},"modified":"2026-02-11T15:13:59","modified_gmt":"2026-02-11T14:13:59","slug":"startseite","status":"publish","type":"page","link":"https:\/\/eunita.s.studiumdigitale.uni-frankfurt.de\/es\/","title":{"rendered":"Homepage EN"},"content":{"rendered":"\n<div class=\"wp-block-group\"><div class=\"wp-block-group__inner-container is-layout-constrained wp-block-group-is-layout-constrained\">\n<div class=\"wp-block-columns py-5 my-5 is-layout-flex wp-container-core-columns-is-layout-9d6595d7 wp-block-columns-is-layout-flex\">\n<div class=\"wp-block-column is-layout-flow wp-block-column-is-layout-flow\">\n<p><strong>EUROPEAN UNIVERSITY TANDEM<\/strong><\/p>\n\n\n\n<h1 class=\"wp-block-heading\">Habla el mundo. Encuentra a tu gente.<\/h1>\n\n\n\n<p>\u00danete a la vibrante red estudiantil de EUniTa y descubre el poder del idioma a trav\u00e9s de un intercambio aut\u00e9ntico y personal. Comparte lenguas, culturas y sue\u00f1os, y transforma tu forma de aprender, \u00a1de manera gratuita!<\/p>\n\n\n\n<div class=\"wp-block-buttons is-content-justification-left is-layout-flex wp-container-core-buttons-is-layout-fdcfc74e wp-block-buttons-is-layout-flex\">\n<div class=\"wp-block-button {border: 2px solid #86C232}\"><a class=\"wp-block-button__link wp-element-button\" href=\"https:\/\/eunita.s.studiumdigitale.uni-frankfurt.de\/es\/join-the-adventure\/\">\u00danete a la aventura<\/a><\/div>\n\n\n\n<div class=\"wp-block-button is-style-outline is-style-outline--1\"><a class=\"wp-block-button__link wp-element-button\" href=\"https:\/\/eunita-app.s.studiumdigitale.uni-frankfurt.de\/register?lang=en\">Reg\u00edstrate aqu\u00ed<\/a><\/div>\n<\/div>\n<\/div>\n\n\n\n<div class=\"wp-block-column is-layout-flow wp-block-column-is-layout-flow\"><div class=\"wp-block-image\">\n<figure class=\"alignright size-full is-resized\"><img decoding=\"async\" src=\"https:\/\/eunita.s.studiumdigitale.uni-frankfurt.de\/wp-content\/uploads\/2025\/09\/eunita3.png\" alt=\"\" class=\"wp-image-515\" style=\"width:472px;height:auto\"\/><\/figure><\/div><\/div>\n<\/div>\n<\/div><\/div>\n\n\n\n<div class=\"wp-block-group alignfull bg-dark callout navbar-dark text-white\"><div class=\"wp-block-group__inner-container is-layout-constrained wp-block-group-is-layout-constrained\">\n<div class=\"wp-block-columns is-layout-flex wp-container-core-columns-is-layout-9d6595d7 wp-block-columns-is-layout-flex\">\n<div class=\"wp-block-column callout-block is-layout-flow wp-block-column-is-layout-flow\">\n<h3 class=\"wp-block-heading fs-4\">\u00bfPor qu\u00e9 EUniTa?<\/h3>\n\n\n\n<p>Conoce a personas de la comunidad acad\u00e9mica de toda Europa. Pon en pr\u00e1ctica tus habilidades ling\u00fc\u00edsticas. \u00a1Gana confianza! Haz amistades m\u00e1s all\u00e1 de las fronteras, todo gratis y en un solo lugar.<\/p>\n<\/div>\n\n\n\n<div class=\"wp-block-column callout-block is-layout-flow wp-block-column-is-layout-flow\">\n<h3 class=\"wp-block-heading fs-4\">\u00bfQu\u00e9 hace \u00fanico a EUniTa?<\/h3>\n\n\n\n<p>EUniTa no es solo una plataforma, es un movimiento. Un espacio donde aprender idiomas se convierte en algo humano, alegre y global. \u00danete a una comunidad tan curiosa y ambiciosa como t\u00fa.<\/p>\n<\/div>\n\n\n\n<div class=\"wp-block-column callout-block is-layout-flow wp-block-column-is-layout-flow\">\n<h3 class=\"wp-block-heading fs-4\">\u00bfListo para subir de nivel?<\/h3>\n\n\n\n<p>Con EUniTa no solo aprendes un idioma, lo vives. Conecta con estudiantes reales, comparte conversaciones aut\u00e9nticas y convierte cada charla en un paso hacia tus metas.<\/p>\n<\/div>\n<\/div>\n<\/div><\/div>\n\n\n\n<div class=\"wp-block-group\"><div class=\"wp-block-group__inner-container is-layout-constrained wp-block-group-is-layout-constrained\">\n<div class=\"wp-block-columns py-5 my-5 is-layout-flex wp-container-core-columns-is-layout-9d6595d7 wp-block-columns-is-layout-flex\">\n<div class=\"wp-block-column is-vertically-aligned-center is-layout-flow wp-block-column-is-layout-flow\">\n<h2 class=\"wp-block-heading\">\u00bfListo para unirte a miles de estudiantes de toda Europa y m\u00e1s all\u00e1?<\/h2>\n\n\n\n<p>EUniTa es tu puerta de entrada a conversaciones aut\u00e9nticas, amistades significativas y s\u00f3lidas competencias ling\u00fc\u00edsticas. Conecta con estudiantes de universidades asociadas en toda Europa y Brasil. Intercambia culturas, mejora tu confianza al hablar, prep\u00e1rate para un semestre de intercambio o simplemente haz amigos internacionales, todo de manera gratuita.<\/p>\n<\/div>\n\n\n\n<div class=\"wp-block-column is-layout-flow wp-block-column-is-layout-flow\">\n<figure class=\"wp-block-image size-full\"><img loading=\"lazy\" decoding=\"async\" width=\"2000\" height=\"2000\" src=\"https:\/\/eunita.s.studiumdigitale.uni-frankfurt.de\/es\/wp-content\/uploads\/sites\/20\/2026\/02\/Online-friends-rafiki.png\" alt=\"\" class=\"wp-image-3153\" srcset=\"https:\/\/eunita.s.studiumdigitale.uni-frankfurt.de\/es\/wp-content\/uploads\/sites\/20\/2026\/02\/Online-friends-rafiki.png 2000w, https:\/\/eunita.s.studiumdigitale.uni-frankfurt.de\/es\/wp-content\/uploads\/sites\/20\/2026\/02\/Online-friends-rafiki-300x300.png 300w, https:\/\/eunita.s.studiumdigitale.uni-frankfurt.de\/es\/wp-content\/uploads\/sites\/20\/2026\/02\/Online-friends-rafiki-1024x1024.png 1024w, https:\/\/eunita.s.studiumdigitale.uni-frankfurt.de\/es\/wp-content\/uploads\/sites\/20\/2026\/02\/Online-friends-rafiki-150x150.png 150w, https:\/\/eunita.s.studiumdigitale.uni-frankfurt.de\/es\/wp-content\/uploads\/sites\/20\/2026\/02\/Online-friends-rafiki-768x768.png 768w, https:\/\/eunita.s.studiumdigitale.uni-frankfurt.de\/es\/wp-content\/uploads\/sites\/20\/2026\/02\/Online-friends-rafiki-1536x1536.png 1536w\" sizes=\"auto, (max-width: 2000px) 100vw, 2000px\" \/><\/figure>\n<\/div>\n<\/div>\n<\/div><\/div>\n\n\n\n<div class=\"wp-block-group\"><div class=\"wp-block-group__inner-container is-layout-constrained wp-block-group-is-layout-constrained\">\n<div class=\"wp-block-columns py-5 my-5 is-layout-flex wp-container-core-columns-is-layout-9d6595d7 wp-block-columns-is-layout-flex\">\n<div class=\"wp-block-column is-layout-flow wp-block-column-is-layout-flow\">\n<figure class=\"wp-block-image size-full is-style-default\"><img loading=\"lazy\" decoding=\"async\" width=\"2000\" height=\"2000\" src=\"https:\/\/eunita.s.studiumdigitale.uni-frankfurt.de\/es\/wp-content\/uploads\/sites\/20\/2026\/02\/Connected-rafiki.png\" alt=\"\" class=\"wp-image-3152\" srcset=\"https:\/\/eunita.s.studiumdigitale.uni-frankfurt.de\/es\/wp-content\/uploads\/sites\/20\/2026\/02\/Connected-rafiki.png 2000w, https:\/\/eunita.s.studiumdigitale.uni-frankfurt.de\/es\/wp-content\/uploads\/sites\/20\/2026\/02\/Connected-rafiki-300x300.png 300w, https:\/\/eunita.s.studiumdigitale.uni-frankfurt.de\/es\/wp-content\/uploads\/sites\/20\/2026\/02\/Connected-rafiki-1024x1024.png 1024w, https:\/\/eunita.s.studiumdigitale.uni-frankfurt.de\/es\/wp-content\/uploads\/sites\/20\/2026\/02\/Connected-rafiki-150x150.png 150w, https:\/\/eunita.s.studiumdigitale.uni-frankfurt.de\/es\/wp-content\/uploads\/sites\/20\/2026\/02\/Connected-rafiki-768x768.png 768w, https:\/\/eunita.s.studiumdigitale.uni-frankfurt.de\/es\/wp-content\/uploads\/sites\/20\/2026\/02\/Connected-rafiki-1536x1536.png 1536w\" sizes=\"auto, (max-width: 2000px) 100vw, 2000px\" \/><\/figure>\n<\/div>\n\n\n\n<div class=\"wp-block-column is-vertically-aligned-center is-layout-flow wp-block-column-is-layout-flow\">\n<h2 class=\"wp-block-heading\">Simple. Seguro. Solo para estudiantes y personal acad\u00e9mico.<\/h2>\n\n\n\n<p>EUniTa est\u00e1 disponible exclusivamente para estudiantes y personal de universidades asociadas, garantizando un entorno seguro y de apoyo para cada experiencia de aprendizaje en t\u00e1ndem. Verificamos estrictamente todas las direcciones de correo universitarias y cumplimos plenamente con el RGPD (Reglamento General de Protecci\u00f3n de Datos). Tus datos est\u00e1n protegidos, tu privacidad importa y tu experiencia de t\u00e1ndem siempre es segura.<\/p>\n\n\n\n<div class=\"wp-block-buttons is-content-justification-right is-layout-flex wp-container-core-buttons-is-layout-765c4724 wp-block-buttons-is-layout-flex\">\n<div class=\"wp-block-button is-style-fill\"><a class=\"wp-block-button__link wp-element-button\" href=\"https:\/\/eunita.s.studiumdigitale.uni-frankfurt.de\/privacy-policy\/\">M\u00e1s informaci\u00f3n<\/a><\/div>\n<\/div>\n<\/div>\n<\/div>\n<\/div><\/div>\n\n\n\n<div class=\"wp-block-group alignwide our-partners\"><div class=\"wp-block-group__inner-container is-layout-constrained wp-block-group-is-layout-constrained\">\n<h1 class=\"wp-block-heading alignwide has-text-align-center\">Nuestras universidades asociadas<\/h1>\n\n\n\n<p class=\"has-text-align-center\">Trabajando juntos para conectar a estudiantes de todo el mundo<\/p>\n\n\n\n<p class=\"has-text-align-center\">Working together to connect students across the world<\/p>\n\n\n\n<div class=\"wp-block-columns is-layout-flex wp-container-core-columns-is-layout-9d6595d7 wp-block-columns-is-layout-flex\">\n<div class=\"wp-block-column is-layout-flow wp-block-column-is-layout-flow\"><\/div>\n\n\n\n<div class=\"wp-block-column is-layout-flow wp-block-column-is-layout-flow\"><\/div>\n\n\n\n<div class=\"wp-block-column is-layout-flow wp-block-column-is-layout-flow\"><\/div>\n<\/div>\n\n\n\n<div class=\"wp-block-group\"><div class=\"wp-block-group__inner-container is-layout-constrained wp-block-group-is-layout-constrained\">\n<div class=\"wp-block-columns is-layout-flex wp-container-core-columns-is-layout-9d6595d7 wp-block-columns-is-layout-flex\">\n<div class=\"wp-block-column is-layout-flow wp-block-column-is-layout-flow\">\n<h4 class=\"wp-block-heading\">Universitat Ramon Llull Barcelona<\/h4>\n\n\n\n<figure class=\"wp-block-image alignfull size-full\"><img decoding=\"async\" src=\"https:\/\/eunita.s.studiumdigitale.uni-frankfurt.de\/wp-content\/uploads\/2025\/08\/Universitat-Ramon-Llull-Barcelona.png\" alt=\"\" class=\"wp-image-448\"\/><\/figure>\n<\/div>\n\n\n\n<div class=\"wp-block-column is-layout-flow wp-block-column-is-layout-flow\">\n<h4 class=\"wp-block-heading\">Goethe University Frankfurt<\/h4>\n\n\n\n<figure class=\"wp-block-image size-full\"><img decoding=\"async\" src=\"https:\/\/eunita.s.studiumdigitale.uni-frankfurt.de\/wp-content\/uploads\/2025\/08\/Goethe-University-Frankfurt.png\" alt=\"\" class=\"wp-image-449\"\/><\/figure>\n<\/div>\n\n\n\n<div class=\"wp-block-column is-layout-flow wp-block-column-is-layout-flow\">\n<h4 class=\"wp-block-heading\">Panth\u00e9on\u2011Sorbonne University<\/h4>\n\n\n\n<figure class=\"wp-block-image size-full\"><img decoding=\"async\" src=\"https:\/\/eunita.s.studiumdigitale.uni-frankfurt.de\/wp-content\/uploads\/2025\/08\/Pantheon\u2011Sorbonne-University.png\" alt=\"\" class=\"wp-image-451\"\/><\/figure>\n<\/div>\n<\/div>\n\n\n\n<div class=\"wp-block-columns is-layout-flex wp-container-core-columns-is-layout-9d6595d7 wp-block-columns-is-layout-flex\">\n<div class=\"wp-block-column is-layout-flow wp-block-column-is-layout-flow\">\n<h4 class=\"wp-block-heading\">University of Florence<\/h4>\n\n\n\n<figure class=\"wp-block-image size-full\"><img decoding=\"async\" src=\"https:\/\/eunita.s.studiumdigitale.uni-frankfurt.de\/wp-content\/uploads\/2025\/08\/University-of-Florence.jpg\" alt=\"\" class=\"wp-image-453\"\/><\/figure>\n<\/div>\n\n\n\n<div class=\"wp-block-column is-layout-flow wp-block-column-is-layout-flow\">\n<h4 class=\"wp-block-heading\">University of Exeter<\/h4>\n\n\n\n<figure class=\"wp-block-image size-full\"><img decoding=\"async\" src=\"https:\/\/eunita.s.studiumdigitale.uni-frankfurt.de\/wp-content\/uploads\/2025\/08\/University-of-Exeter.jpg\" alt=\"\" class=\"wp-image-459\"\/><\/figure>\n<\/div>\n\n\n\n<div class=\"wp-block-column is-layout-flow wp-block-column-is-layout-flow\">\n<h4 class=\"wp-block-heading\">University of Liverpool<\/h4>\n\n\n\n<figure class=\"wp-block-image size-full\"><img decoding=\"async\" src=\"https:\/\/eunita.s.studiumdigitale.uni-frankfurt.de\/wp-content\/uploads\/2025\/08\/University-of-Liverpool.png\" alt=\"\" class=\"wp-image-461\"\/><\/figure>\n<\/div>\n<\/div>\n\n\n\n<div class=\"wp-block-columns is-layout-flex wp-container-core-columns-is-layout-9d6595d7 wp-block-columns-is-layout-flex\">\n<div class=\"wp-block-column is-layout-flow wp-block-column-is-layout-flow\">\n<h4 class=\"wp-block-heading\">University of Poitiers<\/h4>\n\n\n\n<p><\/p>\n\n\n\n<figure class=\"wp-block-image size-full\"><img decoding=\"async\" src=\"https:\/\/eunita.s.studiumdigitale.uni-frankfurt.de\/wp-content\/uploads\/2025\/08\/University-of-Poitiers.png\" alt=\"\" class=\"wp-image-465\"\/><\/figure>\n<\/div>\n\n\n\n<div class=\"wp-block-column is-layout-flow wp-block-column-is-layout-flow\">\n<h4 class=\"wp-block-heading\">University School of Tourism Barcelona<\/h4>\n\n\n<div class=\"wp-block-image\">\n<figure class=\"aligncenter size-full\"><img decoding=\"async\" src=\"https:\/\/eunita.s.studiumdigitale.uni-frankfurt.de\/wp-content\/uploads\/2025\/08\/University-School-of-Tourism-Barcelona.png\" alt=\"\" class=\"wp-image-466\"\/><\/figure><\/div><\/div>\n\n\n\n<div class=\"wp-block-column is-layout-flow wp-block-column-is-layout-flow\">\n<h4 class=\"wp-block-heading\">Federal University of Cear\u00e1<\/h4>\n\n\n\n<p><\/p>\n\n\n\n<figure class=\"wp-block-image alignwide size-full\"><img decoding=\"async\" src=\"https:\/\/eunita.s.studiumdigitale.uni-frankfurt.de\/wp-content\/uploads\/2025\/08\/Federal-University-of-Ceara.jpg\" alt=\"\" class=\"wp-image-470\"\/><\/figure>\n<\/div>\n<\/div>\n\n\n\n<div class=\"wp-block-columns is-layout-flex wp-container-core-columns-is-layout-9d6595d7 wp-block-columns-is-layout-flex\">\n<div class=\"wp-block-column is-layout-flow wp-block-column-is-layout-flow\">\n<h4 class=\"wp-block-heading\">Frankfurt University of Applied Sciences<\/h4>\n\n\n<div class=\"wp-block-image\">\n<figure class=\"aligncenter size-full is-resized\"><img decoding=\"async\" src=\"https:\/\/eunita.s.studiumdigitale.uni-frankfurt.de\/wp-content\/uploads\/2025\/08\/Frankfurt-University-of-Applied-Sciences.jpg\" alt=\"\" class=\"wp-image-472\" style=\"width:395px;height:auto\"\/><\/figure><\/div><\/div>\n\n\n\n<div class=\"wp-block-column is-layout-flow wp-block-column-is-layout-flow\">\n<h4 class=\"wp-block-heading\">The Pere Tarr\u00e9s Foundation<\/h4>\n\n\n<div class=\"wp-block-image\">\n<figure class=\"aligncenter size-full\"><img decoding=\"async\" src=\"https:\/\/eunita.s.studiumdigitale.uni-frankfurt.de\/wp-content\/uploads\/2025\/08\/The-Pere-Tarres-Foundation.jpg\" alt=\"\" class=\"wp-image-474\"\/><\/figure><\/div><\/div>\n\n\n\n<div class=\"wp-block-column is-layout-flow wp-block-column-is-layout-flow\">\n<h4 class=\"wp-block-heading\"><\/h4>\n\n\n\n<p><\/p>\n\n\n\n<p><\/p>\n<\/div>\n<\/div>\n<\/div><\/div>\n<\/div><\/div>\n\n\n\n<p><\/p>\n","protected":false},"excerpt":{"rendered":"<p>EUROPEAN UNIVERSITY TANDEM Habla el mundo. Encuentra a tu gente. \u00danete a la vibrante red estudiantil de EUniTa y descubre el poder del idioma a trav\u00e9s de un intercambio aut\u00e9ntico y personal. Comparte lenguas, culturas y sue\u00f1os, y transforma tu forma de aprender, \u00a1de manera gratuita! \u00bfPor qu\u00e9 EUniTa? Conoce a personas de la comunidad [&hellip;]<\/p>\n","protected":false},"author":3,"featured_media":0,"parent":0,"menu_order":0,"comment_status":"closed","ping_status":"closed","template":"","meta":{"footnotes":""},"class_list":["post-199","page","type-page","status-publish","hentry"],"_links":{"self":[{"href":"https:\/\/eunita.s.studiumdigitale.uni-frankfurt.de\/es\/wp-json\/wp\/v2\/pages\/199","targetHints":{"allow":["GET"]}}],"collection":[{"href":"https:\/\/eunita.s.studiumdigitale.uni-frankfurt.de\/es\/wp-json\/wp\/v2\/pages"}],"about":[{"href":"https:\/\/eunita.s.studiumdigitale.uni-frankfurt.de\/es\/wp-json\/wp\/v2\/types\/page"}],"author":[{"embeddable":true,"href":"https:\/\/eunita.s.studiumdigitale.uni-frankfurt.de\/es\/wp-json\/wp\/v2\/users\/3"}],"replies":[{"embeddable":true,"href":"https:\/\/eunita.s.studiumdigitale.uni-frankfurt.de\/es\/wp-json\/wp\/v2\/comments?post=199"}],"version-history":[{"count":7,"href":"https:\/\/eunita.s.studiumdigitale.uni-frankfurt.de\/es\/wp-json\/wp\/v2\/pages\/199\/revisions"}],"predecessor-version":[{"id":3154,"href":"https:\/\/eunita.s.studiumdigitale.uni-frankfurt.de\/es\/wp-json\/wp\/v2\/pages\/199\/revisions\/3154"}],"wp:attachment":[{"href":"https:\/\/eunita.s.studiumdigitale.uni-frankfurt.de\/es\/wp-json\/wp\/v2\/media?parent=199"}],"curies":[{"name":"wp","href":"https:\/\/api.w.org\/{rel}","templated":true}]}}