{"id":290,"date":"2025-05-09T15:59:38","date_gmt":"2025-05-09T13:59:38","guid":{"rendered":"https:\/\/eunita.s.studiumdigitale.uni-frankfurt.de\/?page_id=290"},"modified":"2025-10-14T18:40:26","modified_gmt":"2025-10-14T16:40:26","slug":"contact-us","status":"publish","type":"page","link":"https:\/\/eunita.s.studiumdigitale.uni-frankfurt.de\/es\/contact-us\/","title":{"rendered":"Cont\u00e1ctanos"},"content":{"rendered":"\n<p><\/p>\n\n\n\n<p>\u00bfTienes alguna pregunta o necesitas ayuda para usar EUniTa? \u00bfQuieres enviarnos tus comentarios o convertirte en una instituci\u00f3n asociada?<br>Estamos aqu\u00ed para ayudarte. Solo tienes que enviarnos un correo electr\u00f3nico.<\/p>\n\n\n\n<p>Puedes escribirnos a <strong>contact[at]eunita.org<\/strong> y te responderemos lo antes posible.<\/p>\n\n\n\n<hr class=\"wp-block-separator has-alpha-channel-opacity\"\/>\n\n\n\n<p><strong>Conectemos<\/strong><\/p>\n\n\n\n<p>Tanto si eres:<br>\u2705 un estudiante que necesita ayuda<br>\u2705 un miembro del personal con ideas<br>\u2705 un representante universitario interesado en unirse a EUniTa<\/p>\n\n\n\n<p>\u2026 no dudes en ponerte en contacto con nosotros.<\/p>\n\n\n\n<p><strong>Contactos locales en universidades asociadas<\/strong><br>Las administraciones locales de las universidades asociadas apoyan a sus propios estudiantes y personal. Usa la <a href=\"https:\/\/eunita.s.studiumdigitale.uni-frankfurt.de\/eunita-partners\/\" data-type=\"page\" data-id=\"367\">p\u00e1gina de socios<\/a> para encontrar el contacto y los detalles correctos.<\/p>\n\n\n\n<p><strong>Aviso de privacidad<\/strong><br>Al enviarnos un correo electr\u00f3nico, procesaremos tus datos personales para gestionar tu solicitud de acuerdo con nuestra <a href=\"https:\/\/eunita.s.studiumdigitale.uni-frankfurt.de\/data-privacy-policy\/\" data-type=\"page\" data-id=\"300\">Pol\u00edtica de privacidad<\/a>.<\/p>\n\n","protected":false},"excerpt":{"rendered":"<p>\u00bfTienes alguna pregunta o necesitas ayuda para usar EUniTa? \u00bfQuieres enviarnos tus comentarios o convertirte en una instituci\u00f3n asociada?Estamos aqu\u00ed para ayudarte. Solo tienes que enviarnos un correo electr\u00f3nico. Puedes escribirnos a contact[at]eunita.org y te responderemos lo antes posible. Conectemos Tanto si eres:\u2705 un estudiante que necesita ayuda\u2705 un miembro del personal con ideas\u2705 un [&hellip;]<\/p>\n","protected":false},"author":3,"featured_media":0,"parent":0,"menu_order":0,"comment_status":"closed","ping_status":"closed","template":"","meta":{"footnotes":""},"class_list":["post-290","page","type-page","status-publish","hentry"],"_links":{"self":[{"href":"https:\/\/eunita.s.studiumdigitale.uni-frankfurt.de\/es\/wp-json\/wp\/v2\/pages\/290","targetHints":{"allow":["GET"]}}],"collection":[{"href":"https:\/\/eunita.s.studiumdigitale.uni-frankfurt.de\/es\/wp-json\/wp\/v2\/pages"}],"about":[{"href":"https:\/\/eunita.s.studiumdigitale.uni-frankfurt.de\/es\/wp-json\/wp\/v2\/types\/page"}],"author":[{"embeddable":true,"href":"https:\/\/eunita.s.studiumdigitale.uni-frankfurt.de\/es\/wp-json\/wp\/v2\/users\/3"}],"replies":[{"embeddable":true,"href":"https:\/\/eunita.s.studiumdigitale.uni-frankfurt.de\/es\/wp-json\/wp\/v2\/comments?post=290"}],"version-history":[{"count":3,"href":"https:\/\/eunita.s.studiumdigitale.uni-frankfurt.de\/es\/wp-json\/wp\/v2\/pages\/290\/revisions"}],"predecessor-version":[{"id":3123,"href":"https:\/\/eunita.s.studiumdigitale.uni-frankfurt.de\/es\/wp-json\/wp\/v2\/pages\/290\/revisions\/3123"}],"wp:attachment":[{"href":"https:\/\/eunita.s.studiumdigitale.uni-frankfurt.de\/es\/wp-json\/wp\/v2\/media?parent=290"}],"curies":[{"name":"wp","href":"https:\/\/api.w.org\/{rel}","templated":true}]}}