{"id":292,"date":"2025-05-09T16:09:27","date_gmt":"2025-05-09T14:09:27","guid":{"rendered":"https:\/\/eunita.s.studiumdigitale.uni-frankfurt.de\/?page_id=292"},"modified":"2025-10-30T15:30:04","modified_gmt":"2025-10-30T14:30:04","slug":"empower-your-campus-with-eunita-join-the-leading-academic-language-exchange-network","status":"publish","type":"page","link":"https:\/\/eunita.s.studiumdigitale.uni-frankfurt.de\/es\/empower-your-campus-with-eunita-join-the-leading-academic-language-exchange-network\/","title":{"rendered":"\u00bfSu universidad quiere formar parte de EUniTa? \u00danete a la creciente red acad\u00e9mica de intercambio ling\u00fc\u00edstico."},"content":{"rendered":"\n<p>\u00bfTu universidad est\u00e1 preparada para llevar la internacionalizaci\u00f3n y la participaci\u00f3n de los estudiantes al siguiente nivel?<\/p>\n\n\n\n<p>Colabora con EUniTa, y ofrece a tus estudiantes conexiones globales.<\/p>\n\n\n\n<p>Al unirte a EUniTa, formar\u00e1s parte de una plataforma innovadora que conecta a estudiantes de toda Europa para realizar intercambios ling\u00fc\u00edsticos significativos, mejorando sus competencias ling\u00fc\u00edsticas e interculturales, y contribuyendo a una mentalidad global.<\/p>\n\n\n\n<p>As\u00ed es como funciona para las instituciones:<\/p>\n\n\n\n<p>\u2705 <strong>Paso 1: Convi\u00e9rtete en socio de EUniTa<\/strong><br>\u00danete a una red prestigiosa de universidades que impulsan la innovaci\u00f3n en el aprendizaje de idiomas. Tu colaboraci\u00f3n nos ayuda a asegurar la mejora continua de la tecnolog\u00eda y de los servicios para estudiantes.<\/p>\n\n\n\n<p>\u2705 <strong>Paso 2: Integraci\u00f3n sin esfuerzo<\/strong><br>EUniTa se integra f\u00e1cilmente en tus programas existentes de aprendizaje de idiomas y ense\u00f1anza digital. Nuestro equipo trabaja en estrecha colaboraci\u00f3n con tus departamentos para garantizar una experiencia sin fisuras.<\/p>\n\n\n\n<p>\u2705 <strong>Paso 3: Activa y motiva a tus estudiantes<\/strong><br>Te ayudamos a incorporar a tus estudiantes mediante procesos de registro personalizados y recursos adaptados, facilitando que encuentren su compa\u00f1ero o compa\u00f1era de t\u00e1ndem ideal.<\/p>\n\n\n\n<p>\u2705 <strong>Paso 4: Aumenta la visibilidad y la participaci\u00f3n<\/strong><br>Aprovecha nuestros eventos promocionales semestrales, tanto digitales como presenciales, para maximizar la participaci\u00f3n estudiantil y la visibilidad de tu instituci\u00f3n.<\/p>\n\n\n\n<p>\u2705 <strong>Paso 5: Aprovecha los datos e informes<\/strong><br>Obt\u00e9n acceso a an\u00e1lisis detallados sobre la actividad estudiantil, los idiomas m\u00e1s solicitados y los emparejamientos exitosos, lo que te permitir\u00e1 optimizar tus servicios acad\u00e9micos.<\/p>\n\n\n\n<h2 class=\"wp-block-heading\"><strong>\u00a1Convi\u00e9rtete en socio ahora!<\/strong><\/h2>\n\n\n\n<p><strong>Transforma la experiencia estudiantil. Internacionaliza tu campus. Fortalece tus redes acad\u00e9micas.<\/strong><\/p>\n\n\n\n<p>Cont\u00e1ctanos en: <strong>partner[at]eunita.org<\/strong><\/p>\n","protected":false},"excerpt":{"rendered":"<p>\u00bfTu universidad est\u00e1 preparada para llevar la internacionalizaci\u00f3n y la participaci\u00f3n de los estudiantes al siguiente nivel? Colabora con EUniTa, y ofrece a tus estudiantes conexiones globales. Al unirte a EUniTa, formar\u00e1s parte de una plataforma innovadora que conecta a estudiantes de toda Europa para realizar intercambios ling\u00fc\u00edsticos significativos, mejorando sus competencias ling\u00fc\u00edsticas e interculturales, [&hellip;]<\/p>\n","protected":false},"author":3,"featured_media":0,"parent":0,"menu_order":0,"comment_status":"closed","ping_status":"closed","template":"","meta":{"footnotes":""},"class_list":["post-292","page","type-page","status-publish","hentry"],"_links":{"self":[{"href":"https:\/\/eunita.s.studiumdigitale.uni-frankfurt.de\/es\/wp-json\/wp\/v2\/pages\/292","targetHints":{"allow":["GET"]}}],"collection":[{"href":"https:\/\/eunita.s.studiumdigitale.uni-frankfurt.de\/es\/wp-json\/wp\/v2\/pages"}],"about":[{"href":"https:\/\/eunita.s.studiumdigitale.uni-frankfurt.de\/es\/wp-json\/wp\/v2\/types\/page"}],"author":[{"embeddable":true,"href":"https:\/\/eunita.s.studiumdigitale.uni-frankfurt.de\/es\/wp-json\/wp\/v2\/users\/3"}],"replies":[{"embeddable":true,"href":"https:\/\/eunita.s.studiumdigitale.uni-frankfurt.de\/es\/wp-json\/wp\/v2\/comments?post=292"}],"version-history":[{"count":5,"href":"https:\/\/eunita.s.studiumdigitale.uni-frankfurt.de\/es\/wp-json\/wp\/v2\/pages\/292\/revisions"}],"predecessor-version":[{"id":3147,"href":"https:\/\/eunita.s.studiumdigitale.uni-frankfurt.de\/es\/wp-json\/wp\/v2\/pages\/292\/revisions\/3147"}],"wp:attachment":[{"href":"https:\/\/eunita.s.studiumdigitale.uni-frankfurt.de\/es\/wp-json\/wp\/v2\/media?parent=292"}],"curies":[{"name":"wp","href":"https:\/\/api.w.org\/{rel}","templated":true}]}}