{"id":294,"date":"2025-05-09T16:10:03","date_gmt":"2025-05-09T14:10:03","guid":{"rendered":"https:\/\/eunita.s.studiumdigitale.uni-frankfurt.de\/?page_id=294"},"modified":"2025-10-14T18:42:57","modified_gmt":"2025-10-14T16:42:57","slug":"stories-tips-real-voices-real-experiences-real-advice","status":"publish","type":"page","link":"https:\/\/eunita.s.studiumdigitale.uni-frankfurt.de\/es\/stories-tips-real-voices-real-experiences-real-advice\/","title":{"rendered":"Testimonios y consejos \u2013 Voces reales, experiencias reales, consejos aut\u00e9nticos"},"content":{"rendered":"\n<h3 class=\"wp-block-heading\"><strong>Bienvenido al coraz\u00f3n de EUniTa.<\/strong><\/h3>\n\n\n\n<p><strong><br><\/strong>Aqu\u00ed es donde los estudiantes comparten sus experiencias en t\u00e1ndem, sus logros personales y consejos pr\u00e1cticos de idiomas, para inspirarte, apoyarte en tu aprendizaje y ayudarte a sacar el m\u00e1ximo provecho de <strong>EUniTa<\/strong>.<\/p>\n\n\n\n<p><strong>Historias de estudiantes<\/strong><\/p>\n\n\n\n<p>Descubre c\u00f3mo otras personas aprovechan al m\u00e1ximo su experiencia en t\u00e1ndem.<br>Desde superar la ansiedad ling\u00fc\u00edstica hasta crear amistades internacionales, estas historias reales muestran el poder del intercambio de idiomas.<\/p>\n\n\n\n<p>\ud83d\udde8 <em>\u201cGracias a EUniTa no solo he mejorado mi italiano, \u00a1tambi\u00e9n he hecho una amiga para toda la vida!\u201d (Claire, Universidad de Liverpool)<\/em><\/p>\n\n\n\n<p>\ud83d\udde8 <em>\u201cComo hablante nativo de portugu\u00e9s que aprende alem\u00e1n, por fin encontr\u00e9 a alguien con quien pod\u00eda hablar sin presi\u00f3n.\u201d (Jo\u00e3o, Universidad Federal de Cear\u00e1)<\/em><\/p>\n\n\n\n<p>\ud83d\udc49 <strong>\u00bfQuieres compartir tu historia? Nos encantar\u00eda presentar tu experiencia.<\/strong><br>Env\u00edanos tu testimonio a: <strong>contact[at]eunita.org<\/strong><\/p>\n\n\n\n<p><strong>Consejos para el t\u00e1ndem<\/strong>: <strong>Ideas \u00fatiles para guiar tu aprendizaje<\/strong><\/p>\n\n\n\n<p>Haz que tus sesiones de t\u00e1ndem sean m\u00e1s divertidas, eficaces y sin estr\u00e9s con estos consejos de estudiantes y expertos en idiomas:<\/p>\n\n\n\n<ul class=\"wp-block-list\">\n<li><strong>S\u00e9 constante:<\/strong> Re\u00fanete con regularidad, aunque solo sean 15 minutos por semana.<\/li>\n\n\n\n<li><strong>Fija objetivos en com\u00fan:<\/strong> Define qu\u00e9 quer\u00e9is aprender y celebrad vuestros avances.<\/li>\n\n\n\n<li><strong>Usa los materiales de aprendizaje de EUniTa:<\/strong> Est\u00e1n dise\u00f1ados para apoyar tanto a principiantes como a aprendices avanzados.<\/li>\n\n\n\n<li><strong>Equilibra los idiomas:<\/strong> Divide el tiempo de forma justa entre ambas lenguas.<\/li>\n\n\n\n<li><strong>Mant\u00e9n una actitud positiva:<\/strong> No te preocupes por los errores, disfruta aprendiendo juntos.<\/li>\n<\/ul>\n\n\n\n<hr class=\"wp-block-separator has-alpha-channel-opacity\" \/>\n\n\n\n<p><strong>Aprovecha al m\u00e1ximo EUniTa<\/strong><\/p>\n\n\n\n<p>Tanto si acabas de empezar como si ya tienes pareja de t\u00e1ndem, EUniTa est\u00e1 aqu\u00ed para ayudarte.<br>Usa esta p\u00e1gina como fuente de motivaci\u00f3n y como tu caja de herramientas pr\u00e1ctica.<\/p>\n\n\n\n<p><strong>Vuelve a visitarnos regularmente<\/strong> \u2014 siempre estamos a\u00f1adiendo nuevas historias y consejos frescos de la comunidad EUniTa.<\/p>\n\n","protected":false},"excerpt":{"rendered":"<p>Bienvenido al coraz\u00f3n de EUniTa. Aqu\u00ed es donde los estudiantes comparten sus experiencias en t\u00e1ndem, sus logros personales y consejos pr\u00e1cticos de idiomas, para inspirarte, apoyarte en tu aprendizaje y ayudarte a sacar el m\u00e1ximo provecho de EUniTa. Historias de estudiantes Descubre c\u00f3mo otras personas aprovechan al m\u00e1ximo su experiencia en t\u00e1ndem.Desde superar la ansiedad [&hellip;]<\/p>\n","protected":false},"author":3,"featured_media":0,"parent":0,"menu_order":0,"comment_status":"closed","ping_status":"closed","template":"","meta":{"footnotes":""},"class_list":["post-294","page","type-page","status-publish","hentry"],"_links":{"self":[{"href":"https:\/\/eunita.s.studiumdigitale.uni-frankfurt.de\/es\/wp-json\/wp\/v2\/pages\/294","targetHints":{"allow":["GET"]}}],"collection":[{"href":"https:\/\/eunita.s.studiumdigitale.uni-frankfurt.de\/es\/wp-json\/wp\/v2\/pages"}],"about":[{"href":"https:\/\/eunita.s.studiumdigitale.uni-frankfurt.de\/es\/wp-json\/wp\/v2\/types\/page"}],"author":[{"embeddable":true,"href":"https:\/\/eunita.s.studiumdigitale.uni-frankfurt.de\/es\/wp-json\/wp\/v2\/users\/3"}],"replies":[{"embeddable":true,"href":"https:\/\/eunita.s.studiumdigitale.uni-frankfurt.de\/es\/wp-json\/wp\/v2\/comments?post=294"}],"version-history":[{"count":3,"href":"https:\/\/eunita.s.studiumdigitale.uni-frankfurt.de\/es\/wp-json\/wp\/v2\/pages\/294\/revisions"}],"predecessor-version":[{"id":3134,"href":"https:\/\/eunita.s.studiumdigitale.uni-frankfurt.de\/es\/wp-json\/wp\/v2\/pages\/294\/revisions\/3134"}],"wp:attachment":[{"href":"https:\/\/eunita.s.studiumdigitale.uni-frankfurt.de\/es\/wp-json\/wp\/v2\/media?parent=294"}],"curies":[{"name":"wp","href":"https:\/\/api.w.org\/{rel}","templated":true}]}}