{"id":296,"date":"2025-05-09T16:12:13","date_gmt":"2025-05-09T14:12:13","guid":{"rendered":"https:\/\/eunita.s.studiumdigitale.uni-frankfurt.de\/?page_id=296"},"modified":"2025-10-30T15:22:47","modified_gmt":"2025-10-30T14:22:47","slug":"how-it-works","status":"publish","type":"page","link":"https:\/\/eunita.s.studiumdigitale.uni-frankfurt.de\/es\/how-it-works\/","title":{"rendered":"C\u00f3mo funciona"},"content":{"rendered":"\n<h2 class=\"wp-block-heading\"><strong>Descubre. Conecta. Habla con el mundo. \ud83c\udf0d<\/strong><\/h2>\n\n\n\n<p>\u00bfQuieres practicar idiomas con estudiantes de toda Europa y m\u00e1s all\u00e1? Con <strong>EUniTa<\/strong> es f\u00e1cil, gratuito y lleno de conexiones aut\u00e9nticas.<\/p>\n\n\n\n<hr class=\"wp-block-separator has-alpha-channel-opacity\" \/>\n\n\n\n<h2 class=\"wp-block-heading\">Paso 1: Registro f\u00e1cil<\/h2>\n\n\n\n<p>Comprueba si tu universidad forma parte de la red EUniTa.<br>\u2705 Reg\u00edstrate con tu <strong>correo universitario<\/strong><br>\u2705 Confirma tu direcci\u00f3n de correo<br>\ud83d\udc49 <a>Reg\u00edstrate hoy<\/a> y abre tu mundo.<\/p>\n\n\n\n<hr class=\"wp-block-separator has-alpha-channel-opacity\" \/>\n\n\n\n<h2 class=\"wp-block-heading\">Paso 2: Crea tu perfil ling\u00fc\u00edstico<\/h2>\n\n\n\n<p>Tu perfil es la clave para que encuentres el\/la mejor compa\u00f1ero\/a de t\u00e1ndem para ti.<\/p>\n\n\n\n<p>Entra los siguientes datos:<br>1\ufe0f\u20e3 <strong>\u00c1rea acad\u00e9mica<\/strong> \u2013 con\u00e9ctate con compa\u00f1eros de tu mismo disciplina de estudio.<br>2\ufe0f\u20e3 <strong>Nombre<\/strong> \u2013 nombre y apellidos para que tu pareja sepa qui\u00e9n eres.<br>3\ufe0f\u20e3 <strong>Fecha de nacimiento y g\u00e9nero<\/strong> \u2013 solo se usan para que consigas el\/la mejor compa\u00f1ero\/a posible.<br>4\ufe0f\u20e3 <strong>Biograf\u00eda<\/strong> \u2013 una breve presentaci\u00f3n: tus intereses, estudios, aficiones.<br>5\ufe0f\u20e3 <strong>Lengua(s) materna(s)<\/strong> \u2013 indica una o dos lenguas nativas.<br>6\ufe0f\u20e3 <strong>Otros idiomas + niveles (A1\u2013C2)<\/strong> \u2013 dinos qu\u00e9 idiomas hablas y tu nivel.<br>7\ufe0f\u20e3 <strong>Intereses personales<\/strong> \u2013 viajes, deportes, m\u00fasica, videojuegos, cultura\u2026 los intereses comunes facilitan la conversaci\u00f3n.<\/p>\n\n\n\n<p>\ud83d\udc49 Completa tu perfil ahora.<br>\u26a1 Consejo: necesitas <strong>completar tu perfil<\/strong> para empezar a buscar un\/a compa\u00f1ero\/a de intercambio.<\/p>\n\n\n\n<hr class=\"wp-block-separator has-alpha-channel-opacity\" \/>\n\n\n\n<h2 class=\"wp-block-heading\">Paso 3: Encuentra tu pareja de t\u00e1ndem ideal<\/h2>\n\n\n\n<p>Ahora empieza lo divertido. Elige c\u00f3mo quieres emparejarte:<\/p>\n\n\n\n<ul class=\"wp-block-list\">\n<li>\ud83c\udf93 <strong>T\u00e1ndem acad\u00e9mico<\/strong> \u2013 empareja por \u00e1rea de estudio.<\/li>\n\n\n\n<li>\ud83c\udfeb <strong>Coincidencia interna<\/strong> \u2013 con\u00e9ctate con estudiantes de tu misma universidad.<\/li>\n\n\n\n<li>\ud83c\udfaf <strong>Coincidencia por intereses<\/strong> \u2013 conoce personas que comparten tus pasiones.<\/li>\n<\/ul>\n\n\n\n<p>\ud83d\udc49 Ejemplo: hablas alem\u00e1n y quieres aprender franc\u00e9s. Te conectamos con un estudiante franc\u00e9s que quiere practicar alem\u00e1n. \u00a1Perfecto!<\/p>\n\n\n\n<hr class=\"wp-block-separator has-alpha-channel-opacity\" \/>\n\n\n\n<h2 class=\"wp-block-heading\">Paso 4: Con\u00e9ctate y comun\u00edcate<\/h2>\n\n\n\n<p>Una vez que tengas pareja de intercambio:<br>\u2705 Ambos recibir\u00e9is un <strong>correo de emparejamiento<\/strong> con los datos del compa\u00f1ero.<br>\u2705 El t\u00e1ndem ser\u00e1 visible en tu panel personal.<br>\u2705 Ponte en contacto por <strong>correo universitario<\/strong> y queda para vuestra primera reuni\u00f3n.<\/p>\n\n\n\n<p>\ud83d\udc49 Empieza a conectar hoy mismo.<\/p>\n\n\n\n<hr class=\"wp-block-separator has-alpha-channel-opacity\" \/>\n\n\n\n<h2 class=\"wp-block-heading\">Paso 5: Aprende y crece junto a tu compa\u00f1ero\/a<\/h2>\n\n\n\n<p>EUniTa ofrece una biblioteca de recursos abiertos dise\u00f1ados para el aprendizaje en t\u00e1ndem. \u00dasalos para estructurar tus sesiones y seguir tu progreso.<\/p>\n\n\n\n<p>\ud83d\udc49 Explora los materiales. Aprende m\u00e1s. Crece junto a tu compa\u00f1ero.<\/p>\n\n\n\n<hr class=\"wp-block-separator has-alpha-channel-opacity\" \/>\n\n\n\n<p>\ud83c\udf1f \u00danete a miles de estudiantes que ampl\u00edan sus horizontes.<br><strong>Tu pr\u00f3xima pareja de t\u00e1ndem te est\u00e1 esperando.<\/strong><\/p>\n","protected":false},"excerpt":{"rendered":"<p>Descubre. Conecta. Habla con el mundo. \ud83c\udf0d \u00bfQuieres practicar idiomas con estudiantes de toda Europa y m\u00e1s all\u00e1? Con EUniTa es f\u00e1cil, gratuito y lleno de conexiones aut\u00e9nticas. Paso 1: Registro f\u00e1cil Comprueba si tu universidad forma parte de la red EUniTa.\u2705 Reg\u00edstrate con tu correo universitario\u2705 Confirma tu direcci\u00f3n de correo\ud83d\udc49 Reg\u00edstrate hoy y [&hellip;]<\/p>\n","protected":false},"author":3,"featured_media":0,"parent":0,"menu_order":0,"comment_status":"closed","ping_status":"closed","template":"","meta":{"footnotes":""},"class_list":["post-296","page","type-page","status-publish","hentry"],"_links":{"self":[{"href":"https:\/\/eunita.s.studiumdigitale.uni-frankfurt.de\/es\/wp-json\/wp\/v2\/pages\/296","targetHints":{"allow":["GET"]}}],"collection":[{"href":"https:\/\/eunita.s.studiumdigitale.uni-frankfurt.de\/es\/wp-json\/wp\/v2\/pages"}],"about":[{"href":"https:\/\/eunita.s.studiumdigitale.uni-frankfurt.de\/es\/wp-json\/wp\/v2\/types\/page"}],"author":[{"embeddable":true,"href":"https:\/\/eunita.s.studiumdigitale.uni-frankfurt.de\/es\/wp-json\/wp\/v2\/users\/3"}],"replies":[{"embeddable":true,"href":"https:\/\/eunita.s.studiumdigitale.uni-frankfurt.de\/es\/wp-json\/wp\/v2\/comments?post=296"}],"version-history":[{"count":5,"href":"https:\/\/eunita.s.studiumdigitale.uni-frankfurt.de\/es\/wp-json\/wp\/v2\/pages\/296\/revisions"}],"predecessor-version":[{"id":3145,"href":"https:\/\/eunita.s.studiumdigitale.uni-frankfurt.de\/es\/wp-json\/wp\/v2\/pages\/296\/revisions\/3145"}],"wp:attachment":[{"href":"https:\/\/eunita.s.studiumdigitale.uni-frankfurt.de\/es\/wp-json\/wp\/v2\/media?parent=296"}],"curies":[{"name":"wp","href":"https:\/\/api.w.org\/{rel}","templated":true}]}}