{"id":298,"date":"2025-05-09T16:13:48","date_gmt":"2025-05-09T14:13:48","guid":{"rendered":"https:\/\/eunita.s.studiumdigitale.uni-frankfurt.de\/?page_id=298"},"modified":"2025-10-14T18:41:20","modified_gmt":"2025-10-14T16:41:20","slug":"faq-help","status":"publish","type":"page","link":"https:\/\/eunita.s.studiumdigitale.uni-frankfurt.de\/es\/faq-help\/","title":{"rendered":"Preguntas frecuentes (FAQ)"},"content":{"rendered":"\n<p><strong>P: \u00bfQU\u00c9 ES UN INTERCAMBIO EN T\u00c1NDEM Y C\u00d3MO FUNCIONA?<\/strong><\/p>\n\n\n\n<p><strong>R: Un t\u00e1ndem ling\u00fc\u00edstico es un intercambio entre dos personas que desean aprender el idioma de la otra y mejorar juntas sus habilidades ling\u00fc\u00edsticas e interculturales. En los encuentros, el tiempo debe dividirse equitativamente entre ambos idiomas.<\/strong><\/p>\n\n\n\n<hr class=\"wp-block-separator has-alpha-channel-opacity\" \/>\n\n\n\n<p><strong>P: QUIERO PRACTICAR M\u00c1S DE UN IDIOMA. \u00bfPUEDO REGISTRARME EN M\u00c1S DE UN T\u00c1NDEM?<\/strong><\/p>\n\n\n\n<p><strong>R: S\u00ed, es posible. Solo tiene que iniciar una nueva b\u00fasqueda de t\u00e1ndem para cada idioma que desee practicar.<\/strong><\/p>\n\n\n\n<hr class=\"wp-block-separator has-alpha-channel-opacity\" \/>\n\n\n\n<p><strong>P: \u00bfNECESITO TENER UN NIVEL DE IDIOMA DETERMINADO ANTES DE EMPEZAR MI T\u00c1NDEM?<\/strong><\/p>\n\n\n\n<p><strong>R: No, no es necesario tener un nivel espec\u00edfico, pero recomendamos al menos un nivel A1 para poder comunicarse con su pareja de t\u00e1ndem.<\/strong><\/p>\n\n\n\n<hr class=\"wp-block-separator has-alpha-channel-opacity\" \/>\n\n\n\n<p><strong>P: \u00bfPUEDO REGISTRARME EN UN T\u00c1NDEM EN CUALQUIER MOMENTO?<\/strong><\/p>\n\n\n\n<p><strong>R: S\u00ed, puede registrarse en EUniTa e iniciar una nueva b\u00fasqueda de t\u00e1ndem en cualquier momento.<\/strong><\/p>\n\n\n\n<hr class=\"wp-block-separator has-alpha-channel-opacity\" \/>\n\n\n\n<p><strong>P: \u00bfCU\u00c1NTO TIEMPO TARDA EN ENCONTRARSE UNA PAREJA?<\/strong><\/p>\n\n\n\n<p><strong>R: Si existe un participante que coincide con su b\u00fasqueda, recibir\u00e1 un correo electr\u00f3nico inmediatamente. Si no, deber\u00e1 esperar hasta que alguien con sus mismos criterios inicie una b\u00fasqueda de t\u00e1ndem.<\/strong><\/p>\n\n\n\n<hr class=\"wp-block-separator has-alpha-channel-opacity\" \/>\n\n\n\n<p><strong>P: \u00bfQU\u00c9 ES UN T\u00c1NDEM ACAD\u00c9MICO?<\/strong><\/p>\n\n\n\n<p><strong>R: Para mejorar sus habilidades ling\u00fc\u00edsticas acad\u00e9micas, EUniTa puede emparejar personas con el mismo \u00e1mbito acad\u00e9mico. Si marca la opci\u00f3n \u201cT\u00e1ndem acad\u00e9mico\u201d en su b\u00fasqueda, solo se le emparejar\u00e1 con alguien de su mismo campo o disciplina.<\/strong><\/p>\n\n\n\n<hr class=\"wp-block-separator has-alpha-channel-opacity\" \/>\n\n\n\n<p><strong>P: \u00bfPUEDO HACER UN T\u00c1NDEM PRESENCIAL?<\/strong><\/p>\n\n\n\n<p><strong>R: S\u00ed, EUniTa tambi\u00e9n permite esa opci\u00f3n. Se llama \u201cCoincidencia interna\u201d. Puede elegir entre un t\u00e1ndem en l\u00ednea, presencial o ambos.<\/strong><\/p>\n\n\n\n<hr class=\"wp-block-separator has-alpha-channel-opacity\" \/>\n\n\n\n<p><strong>P: \u00bfC\u00d3MO FUNCIONA EL PRIMER ENCUENTRO DE T\u00c1NDEM?<\/strong><\/p>\n\n\n\n<p><strong>R: Despu\u00e9s de ser emparejado con su compa\u00f1ero de t\u00e1ndem, deber\u00e1 ponerse en contacto con \u00e9l o ella y proponer una hora y un lugar para el primer encuentro (en l\u00ednea o en persona). En el caso de una coincidencia interna, proponga tambi\u00e9n un lugar, por ejemplo una cafeter\u00eda en la universidad. En el primer encuentro pueden presentarse y hablar de sus expectativas (por ejemplo, qu\u00e9 quieren mejorar o si desean que su pareja les corrija). Tambi\u00e9n puede usar el archivo \u201cPres\u00e9ntate\u201d disponible en la biblioteca de EUniTa.<\/strong><\/p>\n\n\n\n<hr class=\"wp-block-separator has-alpha-channel-opacity\" \/>\n\n\n\n<p><strong>P: TODAV\u00cdA NO HE SIDO EMPAREJADO CON UN COMPA\u00d1ERO. \u00bfQU\u00c9 PUEDO HACER?<\/strong><\/p>\n\n\n\n<p><strong>R: Intente iniciar una nueva b\u00fasqueda de t\u00e1ndem sin seleccionar las opciones \u201cCoincidencia interna\u201d o \u201cT\u00e1ndem acad\u00e9mico\u201d.<\/strong><\/p>\n\n\n\n<hr class=\"wp-block-separator has-alpha-channel-opacity\" \/>\n\n\n\n<p><strong>P: MI COMPA\u00d1ERO DE T\u00c1NDEM NO SE PRESENTA CUANDO ACORDAMOS UNA REUNI\u00d3N. \u00bfQU\u00c9 PUEDO HACER?<\/strong><\/p>\n\n\n\n<p><strong>R: Intente ponerse en contacto con su compa\u00f1ero nuevamente para preguntar si sigue interesado en el t\u00e1ndem. Si no lo est\u00e1, inicie una nueva b\u00fasqueda de t\u00e1ndem.<\/strong><\/p>\n\n\n\n<hr class=\"wp-block-separator has-alpha-channel-opacity\" \/>\n\n\n\n<p><strong>P: \u00bfPUEDO OBTENER UN CERTIFICADO DE PARTICIPACI\u00d3N POR MI T\u00c1NDEM? \u00bfQU\u00c9 DEBO HACER?<\/strong><\/p>\n\n\n\n<p><strong>R: S\u00ed. Para obtener un certificado, debe reunirse con su pareja al menos 12 veces y completar la documentaci\u00f3n de aprendizaje disponible en la plataforma EUniTa. Una vez haya subido este documento, emitiremos el certificado.<\/strong><\/p>\n\n\n\n<hr class=\"wp-block-separator has-alpha-channel-opacity\" \/>\n\n\n\n<p><strong>P: \u00bfEUNITA EST\u00c1 DISPONIBLE EN DISPOSITIVOS M\u00d3VILES?<\/strong><\/p>\n\n\n\n<p><strong>R: Puede usar EUniTa en dispositivos m\u00f3viles desde su navegador.<\/strong><\/p>\n\n\n\n<hr class=\"wp-block-separator has-alpha-channel-opacity\" \/>\n\n\n\n<p><strong>P: \u00bfQU\u00c9 PUEDO HACER SI TENGO UN PROBLEMA CON LA CONTRASE\u00d1A O LA ACTIVACI\u00d3N?<\/strong><\/p>\n\n\n\n<p><strong>R: Intente restablecer su contrase\u00f1a utilizando la opci\u00f3n \u201cSolicitar restablecimiento de contrase\u00f1a\u201d. Si su cuenta a\u00fan no est\u00e1 activada, recibir\u00e1 un nuevo enlace de activaci\u00f3n por correo electr\u00f3nico.<\/strong><\/p>\n\n\n\n<hr class=\"wp-block-separator has-alpha-channel-opacity\" \/>\n\n\n\n<p><strong>P: NO PUEDO REGISTRARME PORQUE MI CORREO ELECTR\u00d3NICO NO ES V\u00c1LIDO.<\/strong><\/p>\n\n\n\n<p><strong>R: La plataforma EUniTa solo est\u00e1 disponible para estudiantes de universidades asociadas. Para registrarse, solo puede utilizar su direcci\u00f3n de correo electr\u00f3nico universitaria oficial.<\/strong><\/p>\n\n\n\n<hr class=\"wp-block-separator has-alpha-channel-opacity\" \/>\n\n\n\n<p><\/p>\n\n","protected":false},"excerpt":{"rendered":"<p>P: \u00bfQU\u00c9 ES UN INTERCAMBIO EN T\u00c1NDEM Y C\u00d3MO FUNCIONA? R: Un t\u00e1ndem ling\u00fc\u00edstico es un intercambio entre dos personas que desean aprender el idioma de la otra y mejorar juntas sus habilidades ling\u00fc\u00edsticas e interculturales. En los encuentros, el tiempo debe dividirse equitativamente entre ambos idiomas. P: QUIERO PRACTICAR M\u00c1S DE UN IDIOMA. \u00bfPUEDO [&hellip;]<\/p>\n","protected":false},"author":3,"featured_media":0,"parent":0,"menu_order":0,"comment_status":"closed","ping_status":"closed","template":"","meta":{"footnotes":""},"class_list":["post-298","page","type-page","status-publish","hentry"],"_links":{"self":[{"href":"https:\/\/eunita.s.studiumdigitale.uni-frankfurt.de\/es\/wp-json\/wp\/v2\/pages\/298","targetHints":{"allow":["GET"]}}],"collection":[{"href":"https:\/\/eunita.s.studiumdigitale.uni-frankfurt.de\/es\/wp-json\/wp\/v2\/pages"}],"about":[{"href":"https:\/\/eunita.s.studiumdigitale.uni-frankfurt.de\/es\/wp-json\/wp\/v2\/types\/page"}],"author":[{"embeddable":true,"href":"https:\/\/eunita.s.studiumdigitale.uni-frankfurt.de\/es\/wp-json\/wp\/v2\/users\/3"}],"replies":[{"embeddable":true,"href":"https:\/\/eunita.s.studiumdigitale.uni-frankfurt.de\/es\/wp-json\/wp\/v2\/comments?post=298"}],"version-history":[{"count":3,"href":"https:\/\/eunita.s.studiumdigitale.uni-frankfurt.de\/es\/wp-json\/wp\/v2\/pages\/298\/revisions"}],"predecessor-version":[{"id":3128,"href":"https:\/\/eunita.s.studiumdigitale.uni-frankfurt.de\/es\/wp-json\/wp\/v2\/pages\/298\/revisions\/3128"}],"wp:attachment":[{"href":"https:\/\/eunita.s.studiumdigitale.uni-frankfurt.de\/es\/wp-json\/wp\/v2\/media?parent=298"}],"curies":[{"name":"wp","href":"https:\/\/api.w.org\/{rel}","templated":true}]}}