{"id":300,"date":"2025-05-09T16:13:48","date_gmt":"2025-05-09T14:13:48","guid":{"rendered":"https:\/\/eunita.s.studiumdigitale.uni-frankfurt.de\/?page_id=300"},"modified":"2025-10-14T18:42:39","modified_gmt":"2025-10-14T16:42:39","slug":"privacy-policy","status":"publish","type":"page","link":"https:\/\/eunita.s.studiumdigitale.uni-frankfurt.de\/es\/privacy-policy\/","title":{"rendered":"Pol\u00edtica de Privacidad"},"content":{"rendered":"\n<h2 class=\"wp-block-heading\">Informaci\u00f3n sobre la protecci\u00f3n de datos y el consentimiento para el tratamiento de datos personales<\/h2>\n\n\n\n<p>La presente Pol\u00edtica de Privacidad cumple con la obligaci\u00f3n de informaci\u00f3n establecida en el art\u00edculo 13 del Reglamento General de Protecci\u00f3n de Datos de la UE (RGPD), relativa a la recogida de datos personales en el momento en que se obtienen de las personas interesadas.<\/p>\n\n\n\n<p>Concedemos gran importancia a su privacidad y a la protecci\u00f3n de sus datos personales. Por ello, le informamos a continuaci\u00f3n sobre c\u00f3mo utilizamos y protegemos los datos recogidos sobre usted.<\/p>\n\n\n\n<hr class=\"wp-block-separator has-alpha-channel-opacity\"\/>\n\n\n\n<h2 class=\"wp-block-heading\">1. Nombre y direcci\u00f3n del responsable y de los contactos administrativos<\/h2>\n\n\n\n<p><strong>Responsable:<\/strong><br>Goethe-Universit\u00e4t Frankfurt am Main<br>Theodor-W.-Adorno-Platz 1<br>60323 Frankfurt am Main<br>Alemania<\/p>\n\n\n\n<p><strong>Direcci\u00f3n postal:<\/strong><br>Goethe-Universit\u00e4t Frankfurt am Main<br>60629 Frankfurt<br>Alemania<\/p>\n\n\n\n<p><strong>Soporte administrativo (t\u00e9cnico y organizativo):<\/strong><br>Goethe-Universit\u00e4t Frankfurt am Main<br>House of Labour<br>studiumdigitale \u2013 Unidad Central de eLearning de la Universidad de Frankfurt<br>Eschersheimer Landstr. 155\/157<br>60323 Frankfurt am Main<br>Alemania<br>Tel\u00e9fono: +49-69-798-22198 | Fax: +49-69-798-22195<br>P\u00e1gina web: <a href=\"http:\/\/www.studiumdigitale.uni-frankfurt.de?utm_source=chatgpt.com\">http:\/\/www.studiumdigitale.uni-frankfurt.de<\/a><br>Correo electr\u00f3nico: <a>mailto:info@studiumdigitale.uni-frankfurt.de<\/a><\/p>\n\n\n\n<hr class=\"wp-block-separator has-alpha-channel-opacity\"\/>\n\n\n\n<h2 class=\"wp-block-heading\">2. Delegado\/a de Protecci\u00f3n de Datos<\/h2>\n\n\n\n<p>Goethe-Universit\u00e4t Frankfurt am Main<br>Delegados\/as de protecci\u00f3n de datos<br>Theodor-W.-Adorno-Platz 1<br>60323 Frankfurt am Main<br>Alemania<br>P\u00e1gina web: <a href=\"http:\/\/www.uni-frankfurt.de\/47859992\/datenschutzbeauftragte?utm_source=chatgpt.com\">http:\/\/www.uni-frankfurt.de\/47859992\/datenschutzbeauftragte<\/a><br>Correo electr\u00f3nico: <a>mailto:dsb@uni-frankfurt.de<\/a><\/p>\n\n\n\n<hr class=\"wp-block-separator has-alpha-channel-opacity\"\/>\n\n\n\n<h2 class=\"wp-block-heading\">3. Finalidades y bases jur\u00eddicas del tratamiento<\/h2>\n\n\n\n<p>Los datos personales se procesan exclusivamente de conformidad con el RGPD:<\/p>\n\n\n\n<ul class=\"wp-block-list\">\n<li><strong>Registro y emparejamiento (Matching):<\/strong> Art. 6(1)(b) RGPD (ejecuci\u00f3n de un contrato).<\/li>\n\n\n\n<li><strong>Datos opcionales del perfil (n\u00famero de tel\u00e9fono, intereses, biograf\u00eda, foto de perfil):<\/strong> Art. 6(1)(a) RGPD (consentimiento).<\/li>\n\n\n\n<li><strong>An\u00e1lisis estad\u00edstico (Matomo):<\/strong> Art. 6(1)(a) RGPD (consentimiento).<\/li>\n\n\n\n<li><strong>Funcionamiento y seguridad del sitio web (archivos de registro, cookies):<\/strong> Art. 6(1)(f) RGPD (inter\u00e9s leg\u00edtimo).<\/li>\n\n\n\n<li><strong>Protecci\u00f3n contra spam y abuso (Google reCAPTCHA):<\/strong> Art. 6(1)(f) RGPD (inter\u00e9s leg\u00edtimo).<\/li>\n\n\n\n<li><strong>Procesamientos requeridos por obligaciones legales (por ejemplo, legislaci\u00f3n universitaria):<\/strong> Art. 6(1)(c) RGPD.<\/li>\n<\/ul>\n\n\n\n<p><strong>Datos obligatorios:<\/strong><br>El uso de la aplicaci\u00f3n EUniTa requiere una direcci\u00f3n de correo electr\u00f3nico universitaria v\u00e1lida. Sin este dato, el registro no es posible.<\/p>\n\n\n\n<hr class=\"wp-block-separator has-alpha-channel-opacity\"\/>\n\n\n\n<h2 class=\"wp-block-heading\">4. Derechos de las personas interesadas<\/h2>\n\n\n\n<p>Usted tiene los siguientes derechos seg\u00fan el RGPD en relaci\u00f3n con sus datos personales:<\/p>\n\n\n\n<ul class=\"wp-block-list\">\n<li><strong>Derecho de acceso<\/strong> (art. 15 RGPD)<\/li>\n\n\n\n<li><strong>Derecho de rectificaci\u00f3n<\/strong> (art. 16 RGPD)<\/li>\n\n\n\n<li><strong>Derecho de supresi\u00f3n<\/strong> (art. 17 RGPD)<\/li>\n\n\n\n<li><strong>Derecho a la limitaci\u00f3n del tratamiento<\/strong> (art. 18 RGPD)<\/li>\n\n\n\n<li><strong>Derecho a la portabilidad de los datos<\/strong> (art. 20 RGPD)<\/li>\n\n\n\n<li><strong>Derecho de oposici\u00f3n<\/strong> (art. 21 RGPD)<\/li>\n\n\n\n<li><strong>Derecho a retirar el consentimiento<\/strong> (art. 7(3) RGPD)<\/li>\n<\/ul>\n\n\n\n<p>Nota: La legalidad del tratamiento realizado hasta la retirada del consentimiento no se ve afectada.<\/p>\n\n\n\n<p><strong>Derecho a presentar una reclamaci\u00f3n:<\/strong><br>Puede presentar una reclamaci\u00f3n ante la autoridad de control competente:<\/p>\n\n\n\n<p>Der Hessische Datenschutzbeauftragte<br>Apartado de correos 3163<br>65021 Wiesbaden<br>Alemania<br>Tel\u00e9fono: +49 611 1408 \u2013 0 | Fax: +49 611 1408 \u2013 611<br>P\u00e1gina web: <a>https:\/\/datenschutz.hessen.de\/ueber-uns\/kontakt<\/a><\/p>\n\n\n\n<p>Para ejercer sus derechos, p\u00f3ngase en contacto con: <a>mailto:datenschutz@studiumdigitale.uni-frankfurt.de<\/a><\/p>\n\n\n\n<hr class=\"wp-block-separator has-alpha-channel-opacity\"\/>\n\n\n\n<h2 class=\"wp-block-heading\">5. Categor\u00edas de datos, finalidades y periodos de conservaci\u00f3n<\/h2>\n\n\n\n<h3 class=\"wp-block-heading\">5.1 Registro y datos del perfil<\/h3>\n\n\n\n<ul class=\"wp-block-list\">\n<li><strong>Datos obligatorios:<\/strong> nombre, correo electr\u00f3nico universitario, contrase\u00f1a, configuraci\u00f3n de idioma<\/li>\n\n\n\n<li><strong>Datos opcionales:<\/strong> foto de perfil, biograf\u00eda, n\u00famero de tel\u00e9fono<\/li>\n<\/ul>\n\n\n\n<p><strong>Datos del perfil (necesarios para el emparejamiento):<\/strong><\/p>\n\n\n\n<ul class=\"wp-block-list\">\n<li>Nombre, apellidos, fecha de nacimiento, sexo, \u00e1rea acad\u00e9mica<\/li>\n\n\n\n<li>Lenguas maternas y extranjeras con nivel (A1\u2013C2)<\/li>\n\n\n\n<li>Intereses (voluntario)<\/li>\n<\/ul>\n\n\n\n<p><strong>Datos de t\u00e1ndem y emparejamiento:<\/strong><\/p>\n\n\n\n<ul class=\"wp-block-list\">\n<li>B\u00fasqueda de t\u00e1ndem: lengua objetivo, frecuencia de pr\u00e1ctica, filtros opcionales (\u00e1rea acad\u00e9mica, coincidencias internas, intereses)<\/li>\n\n\n\n<li>Datos de emparejamiento: comunicados por correo electr\u00f3nico (nombre, correo universitario), adem\u00e1s visibles en el panel (foto de perfil, \u00e1rea acad\u00e9mica, perfil ling\u00fc\u00edstico, intereses, biograf\u00eda, n\u00famero de tel\u00e9fono si se facilita)<\/li>\n\n\n\n<li>Datos de actividad: b\u00fasquedas abiertas de t\u00e1ndem, emparejamientos, uso del panel<\/li>\n<\/ul>\n\n\n\n<hr class=\"wp-block-separator has-alpha-channel-opacity\"\/>\n\n\n\n<h3 class=\"wp-block-heading\">5.2 Recogida de datos al visitar el sitio web<\/h3>\n\n\n\n<p>Cuando se accede al sitio web, se recogen datos t\u00e9cnicamente necesarios (los llamados \u201carchivos de registro del servidor\u201d):<\/p>\n\n\n\n<ul class=\"wp-block-list\">\n<li>URL de la p\u00e1gina visitada<\/li>\n\n\n\n<li>Fecha y hora del acceso<\/li>\n\n\n\n<li>Referente (fuente de acceso)<\/li>\n\n\n\n<li>Cantidad de datos transferidos<\/li>\n\n\n\n<li>Tipo\/versi\u00f3n del navegador<\/li>\n\n\n\n<li>Sistema operativo<\/li>\n\n\n\n<li>Direcci\u00f3n IP<\/li>\n<\/ul>\n\n\n\n<p><strong>Finalidad:<\/strong> Garantizar la funcionalidad, la seguridad y la detecci\u00f3n de abusos.<br><strong>Base jur\u00eddica:<\/strong> Art. 6(1)(f) RGPD.<br><strong>Supresi\u00f3n:<\/strong> Despu\u00e9s de un m\u00e1ximo de 7 d\u00edas, salvo que un inter\u00e9s leg\u00edtimo o una obligaci\u00f3n legal requiera un almacenamiento m\u00e1s prolongado.<\/p>\n\n\n\n<hr class=\"wp-block-separator has-alpha-channel-opacity\"\/>\n\n\n\n<h3 class=\"wp-block-heading\">5.3 Periodos de conservaci\u00f3n<\/h3>\n\n\n\n<ul class=\"wp-block-list\">\n<li>Eliminaci\u00f3n de la cuenta: los datos permanecen inactivos durante 30 d\u00edas (no visibles). Despu\u00e9s se eliminan de forma permanente.<\/li>\n\n\n\n<li>Archivos de registro: 7 d\u00edas<\/li>\n\n\n\n<li>Copias de seguridad: hasta 12 meses<\/li>\n\n\n\n<li>Datos estad\u00edsticos (Matomo): 13 meses<\/li>\n<\/ul>\n\n\n\n<hr class=\"wp-block-separator has-alpha-channel-opacity\"\/>\n\n\n\n<h2 class=\"wp-block-heading\">6. Destinatarios de los datos<\/h2>\n\n\n\n<ul class=\"wp-block-list\">\n<li><strong>Otros estudiantes:<\/strong> Los datos personales solo se comparten en caso de un emparejamiento.<\/li>\n\n\n\n<li><strong>Administraciones locales asociadas:<\/strong> Unidades designadas en las universidades asociadas (por ejemplo, centros de idiomas, oficinas internacionales, oficinas de coordinaci\u00f3n EUniTa). Estas solo pueden acceder y gestionar los datos de los usuarios de su propia universidad (perfiles, b\u00fasquedas de t\u00e1ndem, emparejamientos). El acceso a perfiles de otras universidades solo es posible si existe un emparejamiento con usuarios de su propia instituci\u00f3n.<\/li>\n\n\n\n<li><strong>Administraci\u00f3n central (Goethe-Universit\u00e4t Frankfurt):<\/strong>\n<ul class=\"wp-block-list\">\n<li>studiumdigitale \u2013 Unidad Central de eLearning<\/li>\n\n\n\n<li>Dra. Maria Kopp-Kavermann, Internationales Studien- und Sprachenzentrum (ISZ), Fremdsprachen, Campus Westend, ISZ-Container, Sala 111, Tel.: +49 69 798-23757, Correo: <a>mailto:kopp-kavermann@em.uni-frankfurt.de<\/a>, P\u00e1gina web: <a href=\"https:\/\/www.uni-frankfurt.de\/43667923\/team?utm_source=chatgpt.com\">https:\/\/www.uni-frankfurt.de\/43667923\/team<\/a><br>Estas entidades centrales son responsables del funcionamiento, coordinaci\u00f3n y gesti\u00f3n general de la aplicaci\u00f3n EUniTa y tienen acceso a todo el sistema para garantizar su correcto funcionamiento.<\/li>\n<\/ul>\n<\/li>\n\n\n\n<li><strong>No se realiza ninguna transmisi\u00f3n a terceros externos<\/strong> ni para fines de marketing.<\/li>\n<\/ul>\n\n\n\n<hr class=\"wp-block-separator has-alpha-channel-opacity\"\/>\n\n\n\n<h2 class=\"wp-block-heading\">7. Transferencias a terceros pa\u00edses<\/h2>\n\n\n\n<ul class=\"wp-block-list\">\n<li><strong>Google reCAPTCHA:<\/strong> Para la protecci\u00f3n contra spam, algunos datos (direcci\u00f3n IP, informaci\u00f3n del dispositivo, comportamiento de uso) pueden transferirse a Google LLC, EE. UU.<br>Base jur\u00eddica: Art. 6(1)(f) RGPD en relaci\u00f3n con las Cl\u00e1usulas Contractuales Tipo de la UE.<br>Nota: A pesar de las medidas contractuales y t\u00e9cnicas, no se puede excluir un riesgo residual al transferir datos a EE. UU.<\/li>\n\n\n\n<li><strong>Todos los dem\u00e1s datos:<\/strong> Se procesan exclusivamente en servidores en Alemania.<\/li>\n<\/ul>\n\n\n\n<hr class=\"wp-block-separator has-alpha-channel-opacity\"\/>\n\n\n\n<h2 class=\"wp-block-heading\">8. Toma de decisiones automatizada \/ elaboraci\u00f3n de perfiles<\/h2>\n\n\n\n<p>El emparejamiento se realiza mediante un algoritmo que tiene en cuenta los objetivos ling\u00fc\u00edsticos, los niveles de competencia y los filtros opcionales.<br>Esto <strong>no<\/strong> constituye una elaboraci\u00f3n de perfiles jur\u00eddicamente vinculante, sino \u00fanicamente un apoyo t\u00e9cnico para la asignaci\u00f3n de parejas sin efectos jur\u00eddicos en el sentido del art. 22 RGPD.<\/p>\n\n\n\n<hr class=\"wp-block-separator has-alpha-channel-opacity\"\/>\n\n\n\n<h2 class=\"wp-block-heading\">9. Cookies y seguimiento<\/h2>\n\n\n\n<ul class=\"wp-block-list\">\n<li><strong>Cookies esenciales<\/strong>\n<ul class=\"wp-block-list\">\n<li><code>pp_box_cookie<\/code>: almacena preferencias de privacidad (1 a\u00f1o)<\/li>\n\n\n\n<li><code>CAKEPHP<\/code>: cookie de sesi\u00f3n, eliminada al cerrar el navegador<\/li>\n<\/ul>\n<\/li>\n\n\n\n<li><strong>Cookies de an\u00e1lisis (Matomo)<\/strong>\n<ul class=\"wp-block-list\">\n<li>Solo se utilizan con consentimiento, anonimizadas, conservadas 13 meses<\/li>\n\n\n\n<li>Posibilidad de darse de baja en cualquier momento<\/li>\n<\/ul>\n<\/li>\n\n\n\n<li><strong>Cookies reCAPTCHA (Google)<\/strong>\n<ul class=\"wp-block-list\">\n<li>V\u00e1lidas entre 1 y 10 a\u00f1os<\/li>\n<\/ul>\n<\/li>\n<\/ul>\n\n\n\n<p>Los usuarios pueden bloquear o eliminar las cookies en la configuraci\u00f3n del navegador.<\/p>\n\n\n\n<hr class=\"wp-block-separator has-alpha-channel-opacity\"\/>\n\n\n\n<h2 class=\"wp-block-heading\">10. Medidas t\u00e9cnicas y organizativas<\/h2>\n\n\n\n<ul class=\"wp-block-list\">\n<li>Ubicaci\u00f3n de los servidores: Alemania<\/li>\n\n\n\n<li>Cifrado SSL<\/li>\n\n\n\n<li>Acceso restringido a administradores autorizados<\/li>\n\n\n\n<li>Concepto de roles y derechos (Goethe-Uni central, universidades asociadas locales)<\/li>\n\n\n\n<li>Copias de seguridad y actualizaciones de seguridad peri\u00f3dicas<\/li>\n<\/ul>\n\n\n\n<hr class=\"wp-block-separator has-alpha-channel-opacity\"\/>\n\n\n\n<h2 class=\"wp-block-heading\">11. Modificaciones<\/h2>\n\n\n\n<p>Nos reservamos el derecho de actualizar esta Pol\u00edtica de Privacidad en caso necesario.<br>La versi\u00f3n vigente est\u00e1 disponible en todo momento en el sitio web y en el pie de p\u00e1gina de la aplicaci\u00f3n EUniTa.<\/p>\n","protected":false},"excerpt":{"rendered":"<p>Informaci\u00f3n sobre la protecci\u00f3n de datos y el consentimiento para el tratamiento de datos personales La presente Pol\u00edtica de Privacidad cumple con la obligaci\u00f3n de informaci\u00f3n establecida en el art\u00edculo 13 del Reglamento General de Protecci\u00f3n de Datos de la UE (RGPD), relativa a la recogida de datos personales en el momento en que se [&hellip;]<\/p>\n","protected":false},"author":3,"featured_media":0,"parent":0,"menu_order":0,"comment_status":"closed","ping_status":"closed","template":"","meta":{"footnotes":""},"class_list":["post-300","page","type-page","status-publish","hentry"],"_links":{"self":[{"href":"https:\/\/eunita.s.studiumdigitale.uni-frankfurt.de\/es\/wp-json\/wp\/v2\/pages\/300","targetHints":{"allow":["GET"]}}],"collection":[{"href":"https:\/\/eunita.s.studiumdigitale.uni-frankfurt.de\/es\/wp-json\/wp\/v2\/pages"}],"about":[{"href":"https:\/\/eunita.s.studiumdigitale.uni-frankfurt.de\/es\/wp-json\/wp\/v2\/types\/page"}],"author":[{"embeddable":true,"href":"https:\/\/eunita.s.studiumdigitale.uni-frankfurt.de\/es\/wp-json\/wp\/v2\/users\/3"}],"replies":[{"embeddable":true,"href":"https:\/\/eunita.s.studiumdigitale.uni-frankfurt.de\/es\/wp-json\/wp\/v2\/comments?post=300"}],"version-history":[{"count":3,"href":"https:\/\/eunita.s.studiumdigitale.uni-frankfurt.de\/es\/wp-json\/wp\/v2\/pages\/300\/revisions"}],"predecessor-version":[{"id":3133,"href":"https:\/\/eunita.s.studiumdigitale.uni-frankfurt.de\/es\/wp-json\/wp\/v2\/pages\/300\/revisions\/3133"}],"wp:attachment":[{"href":"https:\/\/eunita.s.studiumdigitale.uni-frankfurt.de\/es\/wp-json\/wp\/v2\/media?parent=300"}],"curies":[{"name":"wp","href":"https:\/\/api.w.org\/{rel}","templated":true}]}}