{"id":363,"date":"2025-08-29T17:43:47","date_gmt":"2025-08-29T15:43:47","guid":{"rendered":"https:\/\/eunita.s.studiumdigitale.uni-frankfurt.de\/?page_id=363"},"modified":"2025-10-14T18:42:13","modified_gmt":"2025-10-14T16:42:13","slug":"impressum","status":"publish","type":"page","link":"https:\/\/eunita.s.studiumdigitale.uni-frankfurt.de\/es\/impressum\/","title":{"rendered":"Aviso legal"},"content":{"rendered":"\n<p><em>Identificaci\u00f3n del proveedor conforme al art. 5 TMG y al art. 18(2) MStV<\/em><br>\u00daltima actualizaci\u00f3n: 29 de agosto de 2025<\/p>\n\n\n\n<p><strong>Proveedor de servicios \/ Operador del sitio web y de la aplicaci\u00f3n EUniTa<\/strong><br>Universidad Goethe de Fr\u00e1ncfort del Meno<br>Theodor-W.-Adorno-Platz 1<br>60323 Fr\u00e1ncfort del Meno<br>Alemania<\/p>\n\n\n\n<p><strong>Forma jur\u00eddica<\/strong><br>Corporaci\u00f3n de derecho p\u00fablico<\/p>\n\n\n\n<p><strong>Representante autorizado<\/strong><br>Representada por la Presidencia.<\/p>\n\n\n\n<p><strong>Contacto<\/strong><br>Soporte administrativo: studiumdigitale \u2013 Centro de eLearning<br>Eschersheimer Landstr. 155\/157, 60323 Fr\u00e1ncfort del Meno, Alemania<br>Tel\u00e9fono: +49 69 798-22198<br>Correo electr\u00f3nico: <a>info[at]studiumdigitale.uni-frankfurt.de<\/a><br><a href=\"https:\/\/eunita.s.studiumdigitale.uni-frankfurt.de\/contact-us\/\" data-type=\"page\" data-id=\"290\">Formulario de contacto<\/a><\/p>\n\n\n\n<p><strong>Responsable editorial conforme al art. 18(2) MStV<\/strong><br>Dra. Maria Kopp-Kavermann<br>Centro Internacional de Estudios y Lenguas (ISZ), Lenguas Extranjeras<\/p>\n\n\n\n<p><span style=\"font-size: revert\">Johann Wolfgang Goethe-Universit\u00e4t<\/span><\/p>\n\n\n\n<p>Theodor-W.-Adorno-Platz 1<br>D-60323 Fr\u00e1ncfort del Meno<br>Tel\u00e9fono: +49 69 798-23757<br>Correo electr\u00f3nico: kopp-kavermann[at]em.uni-frankfurt.de<\/p>\n\n\n\n<p><br><strong>Autoridad supervisora<\/strong><br>Ministerio de Ciencia y Arte del Estado de Hesse (HMWK)<\/p>\n\n\n\n<p><strong><a href=\"https:\/\/eunita.s.studiumdigitale.uni-frankfurt.de\/terms-of-use\/\" data-type=\"page\" data-id=\"302\">T\u00e9rminos de uso<\/a><\/strong><br><a href=\"https:\/\/eunita.s.studiumdigitale.uni-frankfurt.de\/privacy-policy\/\" data-type=\"page\" data-id=\"300\"><strong>Pol\u00edtica de privacidad<\/strong><\/a><br><strong><a href=\"https:\/\/eunita.s.studiumdigitale.uni-frankfurt.de\/cookie-policy\/\" data-type=\"page\" data-id=\"318\">Pol\u00edtica de cookies<\/a><\/strong><br>Delegado de protecci\u00f3n de datos: <a>dsb[at]uni-frankfurt.de<\/a><\/p>\n\n\n\n<p><strong>Responsabilidad por los contenidos<\/strong><br>De acuerdo con el art. 7(1) TMG, la Universidad Goethe es responsable de los contenidos propios en estas p\u00e1ginas. Seg\u00fan los arts. 8 a 10 TMG, no existe obligaci\u00f3n de supervisar la informaci\u00f3n transmitida o almacenada de terceros ni de investigar circunstancias que indiquen una actividad il\u00edcita. Las obligaciones de eliminar o bloquear el uso de informaci\u00f3n conforme a las leyes generales no se ven afectadas. La responsabilidad solo es posible a partir del conocimiento de una infracci\u00f3n concreta. En caso de ser notificados de infracciones, eliminaremos el contenido de inmediato.<\/p>\n\n\n\n<p><strong>Responsabilidad por enlaces<\/strong><br>Este sitio web contiene enlaces a sitios web externos de terceros. Los proveedores de dichos sitios son los \u00fanicos responsables de sus contenidos. No se detect\u00f3 contenido ilegal en el momento de la vinculaci\u00f3n. En caso de notificaci\u00f3n de infracciones, eliminaremos dichos enlaces sin demora.<\/p>\n\n\n\n<p><strong>Derechos de autor<\/strong><br>Salvo que se indique lo contrario, los materiales did\u00e1cticos de este sitio web est\u00e1n licenciados bajo <strong>CC BY-NC-ND 4.0<\/strong>. Atribuci\u00f3n requerida: \u201cEUniTa App, Universidad Goethe de Fr\u00e1ncfort del Meno\u201d y los respectivos autores. No se permite la edici\u00f3n ni el uso comercial. Los contenidos de terceros est\u00e1n identificados y sujetos a sus propios t\u00e9rminos.<\/p>\n\n\n\n<p><strong>Resoluci\u00f3n de litigios en l\u00ednea y mediaci\u00f3n del consumidor<\/strong><br>Plataforma de la UE para la resoluci\u00f3n en l\u00ednea de litigios: <a href=\"https:\/\/ec.europa.eu\/consumers\/odr\">https:\/\/ec.europa.eu\/consumers\/odr<\/a><br>La Universidad Goethe no est\u00e1 obligada ni dispuesta a participar en procedimientos de resoluci\u00f3n de conflictos ante una junta arbitral de consumo.<\/p>\n\n\n\n<p><\/p>\n\n","protected":false},"excerpt":{"rendered":"<p>Identificaci\u00f3n del proveedor conforme al art. 5 TMG y al art. 18(2) MStV\u00daltima actualizaci\u00f3n: 29 de agosto de 2025 Proveedor de servicios \/ Operador del sitio web y de la aplicaci\u00f3n EUniTaUniversidad Goethe de Fr\u00e1ncfort del MenoTheodor-W.-Adorno-Platz 160323 Fr\u00e1ncfort del MenoAlemania Forma jur\u00eddicaCorporaci\u00f3n de derecho p\u00fablico Representante autorizadoRepresentada por la Presidencia. ContactoSoporte administrativo: studiumdigitale \u2013 [&hellip;]<\/p>\n","protected":false},"author":3,"featured_media":0,"parent":0,"menu_order":0,"comment_status":"closed","ping_status":"closed","template":"","meta":{"footnotes":""},"class_list":["post-363","page","type-page","status-publish","hentry"],"_links":{"self":[{"href":"https:\/\/eunita.s.studiumdigitale.uni-frankfurt.de\/es\/wp-json\/wp\/v2\/pages\/363","targetHints":{"allow":["GET"]}}],"collection":[{"href":"https:\/\/eunita.s.studiumdigitale.uni-frankfurt.de\/es\/wp-json\/wp\/v2\/pages"}],"about":[{"href":"https:\/\/eunita.s.studiumdigitale.uni-frankfurt.de\/es\/wp-json\/wp\/v2\/types\/page"}],"author":[{"embeddable":true,"href":"https:\/\/eunita.s.studiumdigitale.uni-frankfurt.de\/es\/wp-json\/wp\/v2\/users\/3"}],"replies":[{"embeddable":true,"href":"https:\/\/eunita.s.studiumdigitale.uni-frankfurt.de\/es\/wp-json\/wp\/v2\/comments?post=363"}],"version-history":[{"count":3,"href":"https:\/\/eunita.s.studiumdigitale.uni-frankfurt.de\/es\/wp-json\/wp\/v2\/pages\/363\/revisions"}],"predecessor-version":[{"id":3131,"href":"https:\/\/eunita.s.studiumdigitale.uni-frankfurt.de\/es\/wp-json\/wp\/v2\/pages\/363\/revisions\/3131"}],"wp:attachment":[{"href":"https:\/\/eunita.s.studiumdigitale.uni-frankfurt.de\/es\/wp-json\/wp\/v2\/media?parent=363"}],"curies":[{"name":"wp","href":"https:\/\/api.w.org\/{rel}","templated":true}]}}