{"id":546,"date":"2025-09-11T11:25:14","date_gmt":"2025-09-11T09:25:14","guid":{"rendered":"https:\/\/eunita.s.studiumdigitale.uni-frankfurt.de\/?page_id=546"},"modified":"2025-10-14T18:42:18","modified_gmt":"2025-10-14T16:42:18","slug":"join-the-adventure","status":"publish","type":"page","link":"https:\/\/eunita.s.studiumdigitale.uni-frankfurt.de\/es\/join-the-adventure\/","title":{"rendered":"\u00danete a la aventura"},"content":{"rendered":"\n<p><\/p>\n\n\n\n<h2 class=\"wp-block-heading\">EUniTa &#8211; <strong>Mucho m\u00e1s que una plataforma de aprendizaje<\/strong><\/h2>\n\n\n\n<p>EUniTa es un movimiento centrado en la conexi\u00f3n personal y en disfrutar del aprendizaje de idiomas. Creemos en hacer del aprendizaje de lenguas una experiencia agradable fomentando interacciones genuinas. EUniTa es una red de t\u00e1ndems ling\u00fc\u00edsticos verificada por universidades. Conecta a estudiantes y personal de universidades asociadas de Europa y Brasil para practicar la conversaci\u00f3n, intercambiar culturas y desarrollar competencias ling\u00fc\u00edsticas de forma sostenible. Conecta con personas apasionadas por los idiomas, comparte tus intereses y crea amistades que trascienden las fronteras.<\/p>\n\n\n\n<p>EUniTa es una <strong>comunidad de personas con intereses comunes:<\/strong> \u00danete a una red de personas curiosas y ambiciosas que desean aprender y crecer. Comparte tu camino, motiva a los dem\u00e1s y celebra los logros juntos.<\/p>\n\n\n\n<h2 class=\"wp-block-heading\">\u00bfPor qu\u00e9 unirse?<\/h2>\n\n\n\n<p>EUniTa ofrece un espacio acogedor para conocer gente nueva, compartir culturas y fomentar relaciones internacionales, todo sin coste alguno. Pon a prueba tus habilidades ling\u00fc\u00edsticas en situaciones reales. A trav\u00e9s de interacciones significativas, ganar\u00e1s confianza y fluidez, haciendo que tu aprendizaje sea pr\u00e1ctico y agradable.<\/p>\n\n\n\n<p>Gana confianza al hablar<strong>:<\/strong> Encuentra a una persona que aprende tu idioma mientras te ayuda a practicar el suyo.<\/p>\n\n\n\n<p>Prep\u00e1rate para la movilidad: Usa EUniTa para prepararte para un semestre de intercambio, una pr\u00e1ctica o una estancia de investigaci\u00f3n.<\/p>\n\n\n\n<p>Aprende con prop\u00f3sito: Establece objetivos comunes, sigue tus progresos y reflexiona sobre lo que funciona.<\/p>\n\n\n\n<p>Ampl\u00eda tu red: Conecta con personas afines de diferentes facultades y pa\u00edses.<\/p>\n\n\n\n<h2 class=\"wp-block-heading\"><strong>\u00bfQui\u00e9n puede participar?<\/strong><\/h2>\n\n\n\n<ul class=\"wp-block-list\">\n<li>Estudiantes matriculados en universidades asociadas a EUniTa<\/li>\n<li>Personal acad\u00e9mico y administrativo de instituciones asociadas<\/li>\n<li>Aprendices de todos los niveles, desde principiantes hasta avanzados<\/li>\n<\/ul>\n\n\n\n<h2 class=\"wp-block-heading\"><strong>\u00a1Da el siguiente paso hoy mismo!<\/strong><\/h2>\n\n\n\n<p>\u00bfListo para mejorar tus habilidades ling\u00fc\u00edsticas y crear conexiones duraderas? En EUniTa, cada conversaci\u00f3n es un paso m\u00e1s hacia tus objetivos. \u00danete a nosotros y descubre el mundo de los idiomas. As\u00ed funciona:<\/p>\n\n\n\n<ul class=\"wp-block-list\">\n<li>Crea tu perfil: Reg\u00edstrate con tu correo universitario. Indica tus idiomas, nivel y \u00e1reas de inter\u00e9s.<\/li>\n<li>Recibe una coincidencia: Nuestro sistema te emparejar\u00e1 seg\u00fan tus idiomas, disponibilidad y objetivos.<\/li>\n<li>Define objetivos: Acuerda con tu pareja qu\u00e9 practicar\u00e1n y c\u00f3mo evaluar\u00e1n su progreso.<\/li>\n<li>Re\u00fananse con regularidad: En l\u00ednea o en el campus. Las sesiones cortas y frecuentes funcionan mejor.<\/li>\n<li>Reflexiona y mejora: Utiliza nuestras gu\u00edas para planificar, supervisar y ajustar tu aprendizaje.<\/li>\n<\/ul>\n\n\n\n<h2 class=\"wp-block-heading\"><strong>Seguridad y privacidad<\/strong><\/h2>\n\n\n\n<ul class=\"wp-block-list\">\n<li>Acceso limitado a cuentas universitarias verificadas<\/li>\n<li>Canales claros de soporte y reporte<\/li>\n<li>Minimizaci\u00f3n de datos y procesamiento seguro conforme al RGPD<\/li>\n<li>T\u00fa controlas la visibilidad de tu perfil y tus preferencias de emparejamiento<\/li>\n<\/ul>\n\n\n\n<h2 class=\"wp-block-heading\"><strong>Ideas de enfoque acad\u00e9mico<\/strong><\/h2>\n\n\n\n<p>Utiliza tu t\u00e1ndem para apoyar tu trabajo universitario:<\/p>\n\n\n\n<ul class=\"wp-block-list\">\n<li>Comenta lecturas o temas de clase en el idioma meta<\/li>\n<li>Practica presentaciones y defensas orales<\/li>\n<li>Coescribe res\u00famenes o borradores de correos electr\u00f3nicos y revisen juntos el estilo y el tono<\/li>\n<li>Compara convenciones acad\u00e9micas y pr\u00e1cticas de citaci\u00f3n entre culturas<\/li>\n<li>Intercambia comentarios sobre la claridad, estructura y argumentaci\u00f3n de los textos<\/li>\n<\/ul>\n\n\n\n<p><\/p>\n\n\n\n<p><\/p>\n\n","protected":false},"excerpt":{"rendered":"<p>EUniTa &#8211; Mucho m\u00e1s que una plataforma de aprendizaje EUniTa es un movimiento centrado en la conexi\u00f3n personal y en disfrutar del aprendizaje de idiomas. Creemos en hacer del aprendizaje de lenguas una experiencia agradable fomentando interacciones genuinas. EUniTa es una red de t\u00e1ndems ling\u00fc\u00edsticos verificada por universidades. Conecta a estudiantes y personal de universidades [&hellip;]<\/p>\n","protected":false},"author":3,"featured_media":0,"parent":0,"menu_order":0,"comment_status":"closed","ping_status":"closed","template":"","meta":{"footnotes":""},"class_list":["post-546","page","type-page","status-publish","hentry"],"_links":{"self":[{"href":"https:\/\/eunita.s.studiumdigitale.uni-frankfurt.de\/es\/wp-json\/wp\/v2\/pages\/546","targetHints":{"allow":["GET"]}}],"collection":[{"href":"https:\/\/eunita.s.studiumdigitale.uni-frankfurt.de\/es\/wp-json\/wp\/v2\/pages"}],"about":[{"href":"https:\/\/eunita.s.studiumdigitale.uni-frankfurt.de\/es\/wp-json\/wp\/v2\/types\/page"}],"author":[{"embeddable":true,"href":"https:\/\/eunita.s.studiumdigitale.uni-frankfurt.de\/es\/wp-json\/wp\/v2\/users\/3"}],"replies":[{"embeddable":true,"href":"https:\/\/eunita.s.studiumdigitale.uni-frankfurt.de\/es\/wp-json\/wp\/v2\/comments?post=546"}],"version-history":[{"count":3,"href":"https:\/\/eunita.s.studiumdigitale.uni-frankfurt.de\/es\/wp-json\/wp\/v2\/pages\/546\/revisions"}],"predecessor-version":[{"id":3132,"href":"https:\/\/eunita.s.studiumdigitale.uni-frankfurt.de\/es\/wp-json\/wp\/v2\/pages\/546\/revisions\/3132"}],"wp:attachment":[{"href":"https:\/\/eunita.s.studiumdigitale.uni-frankfurt.de\/es\/wp-json\/wp\/v2\/media?parent=546"}],"curies":[{"name":"wp","href":"https:\/\/api.w.org\/{rel}","templated":true}]}}