{"id":199,"date":"2025-05-07T13:24:38","date_gmt":"2025-05-07T11:24:38","guid":{"rendered":"https:\/\/eunita.s.studiumdigitale.uni-frankfurt.de\/?page_id=199"},"modified":"2026-02-26T11:34:20","modified_gmt":"2026-02-26T10:34:20","slug":"startseite","status":"publish","type":"page","link":"https:\/\/eunita.s.studiumdigitale.uni-frankfurt.de\/fr\/","title":{"rendered":"Page d&#8217;accueil FR"},"content":{"rendered":"\n<div class=\"wp-block-group\"><div class=\"wp-block-group__inner-container is-layout-constrained wp-block-group-is-layout-constrained\">\n<div class=\"wp-block-columns py-5 my-5 is-layout-flex wp-container-core-columns-is-layout-9d6595d7 wp-block-columns-is-layout-flex\">\n<div class=\"wp-block-column is-layout-flow wp-block-column-is-layout-flow\">\n<p><strong>TANDEM UNIVERSITAIRE EUROP\u00c9EN<\/strong><\/p>\n\n\n\n<h1 class=\"wp-block-heading\">Parlez la langue du monde. Trouvez votre bonheur linguistique.<\/h1>\n\n\n\n<p>Rejoignez un r\u00e9seau dynamique d&#8217;\u00e9tudiants sur EUniTa et d\u00e9couvrez le pouvoir des langues gr\u00e2ce \u00e0 des \u00e9changes authentiques et personnalis\u00e9s. Partagez vos langues, vos cultures et vos r\u00eaves, et r\u00e9volutionnez votre parcours d&#8217;apprentissage et tout \u00e7a, gratuitement !<\/p>\n\n\n\n<div class=\"wp-block-buttons is-content-justification-left is-layout-flex wp-container-core-buttons-is-layout-fdcfc74e wp-block-buttons-is-layout-flex\">\n<div class=\"wp-block-button {border: 2px solid #86C232}\"><a class=\"wp-block-button__link wp-element-button\" href=\"https:\/\/eunita.s.studiumdigitale.uni-frankfurt.de\/join-the-adventure\/\">Rejoignez l&#8217;aventure !<\/a><\/div>\n\n\n\n<div class=\"wp-block-button is-style-outline is-style-outline--1\"><a class=\"wp-block-button__link wp-element-button\" href=\"https:\/\/eunita-app.s.studiumdigitale.uni-frankfurt.de\/register?lang=en\">Inscrivez-vous ici<\/a><\/div>\n<\/div>\n<\/div>\n\n\n\n<div class=\"wp-block-column is-layout-flow wp-block-column-is-layout-flow\"><div class=\"wp-block-image\">\n<figure class=\"alignright size-full is-resized\"><img decoding=\"async\" src=\"https:\/\/eunita.s.studiumdigitale.uni-frankfurt.de\/wp-content\/uploads\/2025\/09\/eunita3.png\" alt=\"\" class=\"wp-image-515\" style=\"width:472px;height:auto\" \/><\/figure><\/div><\/div>\n<\/div>\n<\/div><\/div>\n\n\n\n<div class=\"wp-block-group alignfull bg-dark callout navbar-dark text-white\"><div class=\"wp-block-group__inner-container is-layout-constrained wp-block-group-is-layout-constrained\">\n<div class=\"wp-block-columns is-layout-flex wp-container-core-columns-is-layout-9d6595d7 wp-block-columns-is-layout-flex\">\n<div class=\"wp-block-column callout-block is-layout-flow wp-block-column-is-layout-flow\">\n<h3 class=\"wp-block-heading fs-4\">Pourquoi EUniTa?<\/h3>\n\n\n\n<p>Rencontrez des membres de la communaut\u00e9 universitaire partout en Europe. Mettez vos comp\u00e9tences linguistiques en pratique. Renforcez votre confiance en vous ! Faites-vous des amis au-del\u00e0 des fronti\u00e8res, le tout gratuitement et au m\u00eame endroit.<\/p>\n<\/div>\n\n\n\n<div class=\"wp-block-column callout-block is-layout-flow wp-block-column-is-layout-flow\">\n<h3 class=\"wp-block-heading fs-4\">Qu&#8217;est ce qui rend EUniTa unique ?<\/h3>\n\n\n\n<p>EUniTa, ce n&#8217;est pas qu&#8217;une plateforme&#8230; C&#8217;est une v\u00e9ritable r\u00e9volution ! Un lieu o\u00f9 l&#8217;apprentissage des langues devient une exp\u00e9rience humaine, ludique et internationale. Rejoignez une communaut\u00e9 aussi curieuse et ambitieuse que vous.<\/p>\n<\/div>\n\n\n\n<div class=\"wp-block-column callout-block is-layout-flow wp-block-column-is-layout-flow\">\n<h3 class=\"wp-block-heading\">Alors pr\u00eat \u00e0 passer au niveau sup\u00e9rieur ?<\/h3>\n\n\n\n<p>Avec EUniTa, vous n&#8217;apprenez pas seulement une langue, vous la vivez. Entrez en contact avec de vrais \u00e9tudiants, partagez des conversations authentiques et faites de chaque discussion un pas de plus vers la r\u00e9alisation de vos r\u00eaves linguistiques.<\/p>\n<\/div>\n<\/div>\n<\/div><\/div>\n\n\n\n<div class=\"wp-block-group\"><div class=\"wp-block-group__inner-container is-layout-constrained wp-block-group-is-layout-constrained\">\n<div class=\"wp-block-columns py-5 my-5 is-layout-flex wp-container-core-columns-is-layout-9d6595d7 wp-block-columns-is-layout-flex\">\n<div class=\"wp-block-column is-vertically-aligned-center is-layout-flow wp-block-column-is-layout-flow\">\n<h2 class=\"wp-block-heading\">Ready to join thousands of students across Europe &#8211; and beyond?<\/h2>\n\n\n\n<p>EUniTa is your gateway to authentic conversations, meaningful friendships, and powerful language skills. Connect with like-minded students from partner universities across Europe and Brazil. Exchange cultures, boost your speaking confidence, prepare for an exchange semester, or simply make international friends &#8211; all free of charge. <\/p>\n<\/div>\n\n\n\n<div class=\"wp-block-column is-layout-flow wp-block-column-is-layout-flow\">\n<figure class=\"wp-block-image size-full\"><img loading=\"lazy\" decoding=\"async\" width=\"2000\" height=\"2000\" src=\"https:\/\/eunita.s.studiumdigitale.uni-frankfurt.de\/fr\/wp-content\/uploads\/sites\/21\/2026\/02\/Online-friends-rafiki.png\" alt=\"\" class=\"wp-image-3170\" srcset=\"https:\/\/eunita.s.studiumdigitale.uni-frankfurt.de\/fr\/wp-content\/uploads\/sites\/21\/2026\/02\/Online-friends-rafiki.png 2000w, https:\/\/eunita.s.studiumdigitale.uni-frankfurt.de\/fr\/wp-content\/uploads\/sites\/21\/2026\/02\/Online-friends-rafiki-300x300.png 300w, https:\/\/eunita.s.studiumdigitale.uni-frankfurt.de\/fr\/wp-content\/uploads\/sites\/21\/2026\/02\/Online-friends-rafiki-1024x1024.png 1024w, https:\/\/eunita.s.studiumdigitale.uni-frankfurt.de\/fr\/wp-content\/uploads\/sites\/21\/2026\/02\/Online-friends-rafiki-150x150.png 150w, https:\/\/eunita.s.studiumdigitale.uni-frankfurt.de\/fr\/wp-content\/uploads\/sites\/21\/2026\/02\/Online-friends-rafiki-768x768.png 768w, https:\/\/eunita.s.studiumdigitale.uni-frankfurt.de\/fr\/wp-content\/uploads\/sites\/21\/2026\/02\/Online-friends-rafiki-1536x1536.png 1536w\" sizes=\"auto, (max-width: 2000px) 100vw, 2000px\" \/><\/figure>\n<\/div>\n<\/div>\n<\/div><\/div>\n\n\n\n<div class=\"wp-block-group\"><div class=\"wp-block-group__inner-container is-layout-constrained wp-block-group-is-layout-constrained\">\n<div class=\"wp-block-columns py-5 my-5 is-layout-flex wp-container-core-columns-is-layout-9d6595d7 wp-block-columns-is-layout-flex\">\n<div class=\"wp-block-column is-layout-flow wp-block-column-is-layout-flow\">\n<figure class=\"wp-block-image size-full is-style-default\"><img loading=\"lazy\" decoding=\"async\" width=\"2000\" height=\"2000\" src=\"https:\/\/eunita.s.studiumdigitale.uni-frankfurt.de\/fr\/wp-content\/uploads\/sites\/21\/2026\/02\/Connected-rafiki.png\" alt=\"\" class=\"wp-image-3169\" srcset=\"https:\/\/eunita.s.studiumdigitale.uni-frankfurt.de\/fr\/wp-content\/uploads\/sites\/21\/2026\/02\/Connected-rafiki.png 2000w, https:\/\/eunita.s.studiumdigitale.uni-frankfurt.de\/fr\/wp-content\/uploads\/sites\/21\/2026\/02\/Connected-rafiki-300x300.png 300w, https:\/\/eunita.s.studiumdigitale.uni-frankfurt.de\/fr\/wp-content\/uploads\/sites\/21\/2026\/02\/Connected-rafiki-1024x1024.png 1024w, https:\/\/eunita.s.studiumdigitale.uni-frankfurt.de\/fr\/wp-content\/uploads\/sites\/21\/2026\/02\/Connected-rafiki-150x150.png 150w, https:\/\/eunita.s.studiumdigitale.uni-frankfurt.de\/fr\/wp-content\/uploads\/sites\/21\/2026\/02\/Connected-rafiki-768x768.png 768w, https:\/\/eunita.s.studiumdigitale.uni-frankfurt.de\/fr\/wp-content\/uploads\/sites\/21\/2026\/02\/Connected-rafiki-1536x1536.png 1536w\" sizes=\"auto, (max-width: 2000px) 100vw, 2000px\" \/><\/figure>\n<\/div>\n\n\n\n<div class=\"wp-block-column is-vertically-aligned-center is-layout-flow wp-block-column-is-layout-flow\">\n<h2 class=\"wp-block-heading\">Simple. Secure. For Students &amp; Staff Only.<\/h2>\n\n\n\n<p>EUniTa is exclusively for students and staff from partner universities, ensuring a safe, supportive environment for every tandem learning journey. We strictly verify all university email addresses and operate in full compliance with the GDPR (General Data Protection Regulation). Your data is protected, your privacy matters, and your tandem experience is always secure.<\/p>\n\n\n\n<div class=\"wp-block-buttons is-content-justification-right is-layout-flex wp-container-core-buttons-is-layout-765c4724 wp-block-buttons-is-layout-flex\">\n<div class=\"wp-block-button is-style-fill\"><a class=\"wp-block-button__link wp-element-button\" href=\"https:\/\/eunita.s.studiumdigitale.uni-frankfurt.de\/privacy-policy\/\">Learn more<\/a><\/div>\n<\/div>\n<\/div>\n<\/div>\n<\/div><\/div>\n\n\n\n<div class=\"wp-block-group alignwide our-partners\"><div class=\"wp-block-group__inner-container is-layout-constrained wp-block-group-is-layout-constrained\">\n<h1 class=\"wp-block-heading alignwide has-text-align-center\">Our Proud Partner Universities<\/h1>\n\n\n\n<p class=\"has-text-align-center\">Working together to connect students across the world<\/p>\n\n\n\n<div class=\"wp-block-columns is-layout-flex wp-container-core-columns-is-layout-9d6595d7 wp-block-columns-is-layout-flex\">\n<div class=\"wp-block-column is-layout-flow wp-block-column-is-layout-flow\"><\/div>\n\n\n\n<div class=\"wp-block-column is-layout-flow wp-block-column-is-layout-flow\"><\/div>\n\n\n\n<div class=\"wp-block-column is-layout-flow wp-block-column-is-layout-flow\"><\/div>\n<\/div>\n\n\n\n<div class=\"wp-block-group\"><div class=\"wp-block-group__inner-container is-layout-constrained wp-block-group-is-layout-constrained\">\n<div class=\"wp-block-columns is-layout-flex wp-container-core-columns-is-layout-9d6595d7 wp-block-columns-is-layout-flex\">\n<div class=\"wp-block-column is-layout-flow wp-block-column-is-layout-flow\">\n<h4 class=\"wp-block-heading\">Universitat Ramon Llull Barcelona<\/h4>\n\n\n\n<figure class=\"wp-block-image alignfull size-full\"><img decoding=\"async\" src=\"https:\/\/eunita.s.studiumdigitale.uni-frankfurt.de\/wp-content\/uploads\/2025\/08\/Universitat-Ramon-Llull-Barcelona.png\" alt=\"\" class=\"wp-image-448\" \/><\/figure>\n<\/div>\n\n\n\n<div class=\"wp-block-column is-layout-flow wp-block-column-is-layout-flow\">\n<h4 class=\"wp-block-heading\">Goethe University Frankfurt<\/h4>\n\n\n\n<figure class=\"wp-block-image size-full\"><img decoding=\"async\" src=\"https:\/\/eunita.s.studiumdigitale.uni-frankfurt.de\/wp-content\/uploads\/2025\/08\/Goethe-University-Frankfurt.png\" alt=\"\" class=\"wp-image-449\" \/><\/figure>\n<\/div>\n\n\n\n<div class=\"wp-block-column is-layout-flow wp-block-column-is-layout-flow\">\n<h4 class=\"wp-block-heading\">Panth\u00e9on\u2011Sorbonne University<\/h4>\n\n\n\n<figure class=\"wp-block-image size-full\"><img decoding=\"async\" src=\"https:\/\/eunita.s.studiumdigitale.uni-frankfurt.de\/wp-content\/uploads\/2025\/08\/Pantheon\u2011Sorbonne-University.png\" alt=\"\" class=\"wp-image-451\" \/><\/figure>\n<\/div>\n<\/div>\n\n\n\n<div class=\"wp-block-columns is-layout-flex wp-container-core-columns-is-layout-9d6595d7 wp-block-columns-is-layout-flex\">\n<div class=\"wp-block-column is-layout-flow wp-block-column-is-layout-flow\">\n<h4 class=\"wp-block-heading\">University of Florence<\/h4>\n\n\n\n<figure class=\"wp-block-image size-full\"><img decoding=\"async\" src=\"https:\/\/eunita.s.studiumdigitale.uni-frankfurt.de\/wp-content\/uploads\/2025\/08\/University-of-Florence.jpg\" alt=\"\" class=\"wp-image-453\" \/><\/figure>\n<\/div>\n\n\n\n<div class=\"wp-block-column is-layout-flow wp-block-column-is-layout-flow\">\n<h4 class=\"wp-block-heading\">University of Exeter<\/h4>\n\n\n\n<figure class=\"wp-block-image size-full\"><img decoding=\"async\" src=\"https:\/\/eunita.s.studiumdigitale.uni-frankfurt.de\/wp-content\/uploads\/2025\/08\/University-of-Exeter.jpg\" alt=\"\" class=\"wp-image-459\" \/><\/figure>\n<\/div>\n\n\n\n<div class=\"wp-block-column is-layout-flow wp-block-column-is-layout-flow\">\n<h4 class=\"wp-block-heading\">University of Liverpool<\/h4>\n\n\n\n<figure class=\"wp-block-image size-full\"><img decoding=\"async\" src=\"https:\/\/eunita.s.studiumdigitale.uni-frankfurt.de\/wp-content\/uploads\/2025\/08\/University-of-Liverpool.png\" alt=\"\" class=\"wp-image-461\" \/><\/figure>\n<\/div>\n<\/div>\n\n\n\n<div class=\"wp-block-columns is-layout-flex wp-container-core-columns-is-layout-9d6595d7 wp-block-columns-is-layout-flex\">\n<div class=\"wp-block-column is-layout-flow wp-block-column-is-layout-flow\">\n<h4 class=\"wp-block-heading\">University of Poitiers<\/h4>\n\n\n\n<p><\/p>\n\n\n\n<figure class=\"wp-block-image size-full\"><img decoding=\"async\" src=\"https:\/\/eunita.s.studiumdigitale.uni-frankfurt.de\/wp-content\/uploads\/2025\/08\/University-of-Poitiers.png\" alt=\"\" class=\"wp-image-465\" \/><\/figure>\n<\/div>\n\n\n\n<div class=\"wp-block-column is-layout-flow wp-block-column-is-layout-flow\">\n<h4 class=\"wp-block-heading\">University School of Tourism Barcelona<\/h4>\n\n\n<div class=\"wp-block-image\">\n<figure class=\"aligncenter size-full\"><img decoding=\"async\" src=\"https:\/\/eunita.s.studiumdigitale.uni-frankfurt.de\/wp-content\/uploads\/2025\/08\/University-School-of-Tourism-Barcelona.png\" alt=\"\" class=\"wp-image-466\" \/><\/figure><\/div><\/div>\n\n\n\n<div class=\"wp-block-column is-layout-flow wp-block-column-is-layout-flow\">\n<h4 class=\"wp-block-heading\">Federal University of Cear\u00e1<\/h4>\n\n\n\n<p><\/p>\n\n\n\n<figure class=\"wp-block-image alignwide size-full\"><img decoding=\"async\" src=\"https:\/\/eunita.s.studiumdigitale.uni-frankfurt.de\/wp-content\/uploads\/2025\/08\/Federal-University-of-Ceara.jpg\" alt=\"\" class=\"wp-image-470\" \/><\/figure>\n<\/div>\n<\/div>\n\n\n\n<div class=\"wp-block-columns is-layout-flex wp-container-core-columns-is-layout-9d6595d7 wp-block-columns-is-layout-flex\">\n<div class=\"wp-block-column is-layout-flow wp-block-column-is-layout-flow\">\n<h4 class=\"wp-block-heading\">Frankfurt University of Applied Sciences<\/h4>\n\n\n<div class=\"wp-block-image\">\n<figure class=\"aligncenter size-full is-resized\"><img decoding=\"async\" src=\"https:\/\/eunita.s.studiumdigitale.uni-frankfurt.de\/wp-content\/uploads\/2025\/08\/Frankfurt-University-of-Applied-Sciences.jpg\" alt=\"\" class=\"wp-image-472\" style=\"width:395px;height:auto\" \/><\/figure><\/div><\/div>\n\n\n\n<div class=\"wp-block-column is-layout-flow wp-block-column-is-layout-flow\">\n<h4 class=\"wp-block-heading\">The Pere Tarr\u00e9s Foundation<\/h4>\n\n\n<div class=\"wp-block-image\">\n<figure class=\"aligncenter size-full\"><img decoding=\"async\" src=\"https:\/\/eunita.s.studiumdigitale.uni-frankfurt.de\/wp-content\/uploads\/2025\/08\/The-Pere-Tarres-Foundation.jpg\" alt=\"\" class=\"wp-image-474\" \/><\/figure><\/div><\/div>\n\n\n\n<div class=\"wp-block-column is-layout-flow wp-block-column-is-layout-flow\">\n<h4 class=\"wp-block-heading\"><\/h4>\n\n\n\n<p><\/p>\n\n\n\n<p><\/p>\n<\/div>\n<\/div>\n<\/div><\/div>\n<\/div><\/div>\n\n\n\n<p><\/p>\n","protected":false},"excerpt":{"rendered":"<p>TANDEM UNIVERSITAIRE EUROP\u00c9EN Parlez la langue du monde. Trouvez votre bonheur linguistique. Rejoignez un r\u00e9seau dynamique d&#8217;\u00e9tudiants sur EUniTa et d\u00e9couvrez le pouvoir des langues gr\u00e2ce \u00e0 des \u00e9changes authentiques et personnalis\u00e9s. Partagez vos langues, vos cultures et vos r\u00eaves, et r\u00e9volutionnez votre parcours d&#8217;apprentissage et tout \u00e7a, gratuitement ! Pourquoi EUniTa? Rencontrez des membres [&hellip;]<\/p>\n","protected":false},"author":3,"featured_media":0,"parent":0,"menu_order":0,"comment_status":"closed","ping_status":"closed","template":"","meta":{"footnotes":""},"class_list":["post-199","page","type-page","status-publish","hentry"],"_links":{"self":[{"href":"https:\/\/eunita.s.studiumdigitale.uni-frankfurt.de\/fr\/wp-json\/wp\/v2\/pages\/199","targetHints":{"allow":["GET"]}}],"collection":[{"href":"https:\/\/eunita.s.studiumdigitale.uni-frankfurt.de\/fr\/wp-json\/wp\/v2\/pages"}],"about":[{"href":"https:\/\/eunita.s.studiumdigitale.uni-frankfurt.de\/fr\/wp-json\/wp\/v2\/types\/page"}],"author":[{"embeddable":true,"href":"https:\/\/eunita.s.studiumdigitale.uni-frankfurt.de\/fr\/wp-json\/wp\/v2\/users\/3"}],"replies":[{"embeddable":true,"href":"https:\/\/eunita.s.studiumdigitale.uni-frankfurt.de\/fr\/wp-json\/wp\/v2\/comments?post=199"}],"version-history":[{"count":14,"href":"https:\/\/eunita.s.studiumdigitale.uni-frankfurt.de\/fr\/wp-json\/wp\/v2\/pages\/199\/revisions"}],"predecessor-version":[{"id":3186,"href":"https:\/\/eunita.s.studiumdigitale.uni-frankfurt.de\/fr\/wp-json\/wp\/v2\/pages\/199\/revisions\/3186"}],"wp:attachment":[{"href":"https:\/\/eunita.s.studiumdigitale.uni-frankfurt.de\/fr\/wp-json\/wp\/v2\/media?parent=199"}],"curies":[{"name":"wp","href":"https:\/\/api.w.org\/{rel}","templated":true}]}}