{"id":290,"date":"2025-05-09T15:59:38","date_gmt":"2025-05-09T13:59:38","guid":{"rendered":"https:\/\/eunita.s.studiumdigitale.uni-frankfurt.de\/?page_id=290"},"modified":"2025-10-31T11:44:15","modified_gmt":"2025-10-31T10:44:15","slug":"contact-us","status":"publish","type":"page","link":"https:\/\/eunita.s.studiumdigitale.uni-frankfurt.de\/fr\/contact-us\/","title":{"rendered":"Nous contacter ?"},"content":{"rendered":"\n<p>Vous avez une question ou besoin d&#8217;aide dans votre utilisation d&#8217;EUniTa ? Vous souhaitez partager votre exp\u00e9rience EUniTA ? Vous souhaitez devenir une universit\u00e9 partenaire ?<br>Nous sommes l\u00e0 pour vous r\u00e9pondre. \u00c9crivez-nous !<\/p>\n\n\n\n<p>Contactez-nous \u00e0 l&#8217;adresse contact[at]eunita.org et nous vous r\u00e9pondrons dans les plus brefs d\u00e9lais.<\/p>\n\n\n\n<hr class=\"wp-block-separator has-alpha-channel-opacity\" \/>\n\n\n\n<p>Vous \u00eates :<br>\u2705 un \u00e9tudiant qui a besoin d&#8217;aide ?<br>\u2705 un membre du personnel avec des suggestions, des remarques ?<br>\u2705 une universit\u00e9 int\u00e9ress\u00e9e par une adh\u00e9sion, un abonnement \u00e0 EUniTa ?<\/p>\n\n\n\n<p>N&#8217;h\u00e9sitez pas \u00e0 nous contacter ! contact[at]eunita.org<\/p>\n\n\n\n<p><strong>Contacts locaux dans les universit\u00e9s partenaires :<\/strong><br>Les universit\u00e9s partenaires accompagnent aussi leurs \u00e9tudiants et leurs personnels. Merci de bien vouloir consulter la page <strong>Partenaires <\/strong>pour trouver le bon interlocuteur et ses coordonn\u00e9es.<\/p>\n\n\n\n<p><strong>Avis de confidentialit\u00e9 :<\/strong><br>Lorsque vous nous envoyez un e-mail, nous traitons vos donn\u00e9es personnelles afin de r\u00e9pondre \u00e0 votre demande conform\u00e9ment \u00e0 notre politique de confidentialit\u00e9.<br><\/p>\n","protected":false},"excerpt":{"rendered":"<p>Vous avez une question ou besoin d&#8217;aide dans votre utilisation d&#8217;EUniTa ? Vous souhaitez partager votre exp\u00e9rience EUniTA ? Vous souhaitez devenir une universit\u00e9 partenaire ?Nous sommes l\u00e0 pour vous r\u00e9pondre. \u00c9crivez-nous ! Contactez-nous \u00e0 l&#8217;adresse contact[at]eunita.org et nous vous r\u00e9pondrons dans les plus brefs d\u00e9lais. Vous \u00eates :\u2705 un \u00e9tudiant qui a besoin d&#8217;aide [&hellip;]<\/p>\n","protected":false},"author":3,"featured_media":0,"parent":0,"menu_order":0,"comment_status":"closed","ping_status":"closed","template":"","meta":{"footnotes":""},"class_list":["post-290","page","type-page","status-publish","hentry"],"_links":{"self":[{"href":"https:\/\/eunita.s.studiumdigitale.uni-frankfurt.de\/fr\/wp-json\/wp\/v2\/pages\/290","targetHints":{"allow":["GET"]}}],"collection":[{"href":"https:\/\/eunita.s.studiumdigitale.uni-frankfurt.de\/fr\/wp-json\/wp\/v2\/pages"}],"about":[{"href":"https:\/\/eunita.s.studiumdigitale.uni-frankfurt.de\/fr\/wp-json\/wp\/v2\/types\/page"}],"author":[{"embeddable":true,"href":"https:\/\/eunita.s.studiumdigitale.uni-frankfurt.de\/fr\/wp-json\/wp\/v2\/users\/3"}],"replies":[{"embeddable":true,"href":"https:\/\/eunita.s.studiumdigitale.uni-frankfurt.de\/fr\/wp-json\/wp\/v2\/comments?post=290"}],"version-history":[{"count":6,"href":"https:\/\/eunita.s.studiumdigitale.uni-frankfurt.de\/fr\/wp-json\/wp\/v2\/pages\/290\/revisions"}],"predecessor-version":[{"id":3138,"href":"https:\/\/eunita.s.studiumdigitale.uni-frankfurt.de\/fr\/wp-json\/wp\/v2\/pages\/290\/revisions\/3138"}],"wp:attachment":[{"href":"https:\/\/eunita.s.studiumdigitale.uni-frankfurt.de\/fr\/wp-json\/wp\/v2\/media?parent=290"}],"curies":[{"name":"wp","href":"https:\/\/api.w.org\/{rel}","templated":true}]}}