{"id":292,"date":"2025-05-09T16:09:27","date_gmt":"2025-05-09T14:09:27","guid":{"rendered":"https:\/\/eunita.s.studiumdigitale.uni-frankfurt.de\/?page_id=292"},"modified":"2026-02-26T11:24:43","modified_gmt":"2026-02-26T10:24:43","slug":"empower-your-campus-with-eunita-join-the-leading-academic-language-exchange-network","status":"publish","type":"page","link":"https:\/\/eunita.s.studiumdigitale.uni-frankfurt.de\/fr\/empower-your-campus-with-eunita-join-the-leading-academic-language-exchange-network\/","title":{"rendered":"Devenez une universit\u00e9 partenaire d\u2019EUniTa \u2013 Rejoignez le r\u00e9seau acad\u00e9mique d\u2019\u00e9changes linguistiques en pleine expansion !"},"content":{"rendered":"\n<p>Votre universit\u00e9 est-elle pr\u00eate \u00e0 faire passer l\u2019internationalisation et l\u2019engagement \u00e9tudiant au niveau sup\u00e9rieur ?<\/p>\n\n\n\n<p>Collaborez avec EUniTa et offrez \u00e0 vos \u00e9tudiants des connexions \u00e0 l\u2019\u00e9chelle mondiale.<\/p>\n\n\n\n<p>En rejoignant EUniTa, vous ferez partie d\u2019une plateforme innovante qui relie les \u00e9tudiants \u00e0 travers l\u2019Europe pour des \u00e9changes linguistiques enrichissants \u2014 renfor\u00e7ant leurs comp\u00e9tences linguistiques, leur comp\u00e9tence interculturelle et leur ouverture sur le monde.<\/p>\n\n\n\n<p>Voici comment cela fonctionne concr\u00e8tement pour les \u00e9tablissements :<\/p>\n\n\n\n<p>\u2705 <strong>\u00e9tape 1 : devenez partenaire d\u2019EUniTa<\/strong><br>Rejoignez un r\u00e9seau prestigieux d\u2019universit\u00e9s qui innovent dans l\u2019apprentissage des langues. Votre partenariat soutient l\u2019am\u00e9lioration continue de la technologie et des services aux \u00e9tudiants.<\/p>\n\n\n\n<p>\u2705 <strong>\u00e9tape 2 : int\u00e9gration sans effort<\/strong><br>EUniTa s\u2019int\u00e8gre facilement \u00e0 vos programmes linguistiques et num\u00e9riques existants. Notre \u00e9quipe collabore \u00e9troitement avec vos d\u00e9partements pour garantir une exp\u00e9rience fluide.<\/p>\n\n\n\n<p>\u2705 <strong>\u00e9tape 3 : activez et impliquez vos \u00e9tudiants<\/strong><br>Nous vous aidons \u00e0 inscrire vos \u00e9tudiants gr\u00e2ce \u00e0 des processus d\u2019enregistrement personnalis\u00e9s et des ressources adapt\u00e9es, afin qu\u2019ils trouvent facilement leur partenaire de tandem id\u00e9al.<\/p>\n\n\n\n<p>\u2705 <strong>\u00e9tape 4 : renforcez la visibilit\u00e9 et la participation<\/strong><br>Profitez de nos campagnes de promotion semestrielles, \u00e0 la fois num\u00e9riques et sur les campus, pour maximiser la participation et la visibilit\u00e9 au sein de votre \u00e9tablissement.<\/p>\n\n\n\n<p>\u2705 <strong>\u00e9tape 5 : exploitez des donn\u00e9es pr\u00e9cieuses<\/strong><br>Acc\u00e9dez \u00e0 des analyses d\u00e9taill\u00e9es sur l\u2019activit\u00e9 des \u00e9tudiants, les langues pr\u00e9f\u00e9r\u00e9es et les tandems r\u00e9ussis, afin d\u2019optimiser vos services acad\u00e9miques.<\/p>\n\n\n\n<h2 class=\"wp-block-heading\"><strong>Devenez partenaire d\u00e8s maintenant !<\/strong><\/h2>\n\n\n\n<p><strong>Transformez l\u2019exp\u00e9rience \u00e9tudiante. Internationalisez votre campus. Renforcez vos r\u00e9seaux universitaires.<\/strong><\/p>\n\n\n\n<p>Contactez-nous \u00e0 : <strong>partner[at]eunita.org<\/strong><\/p>\n","protected":false},"excerpt":{"rendered":"<p>Votre universit\u00e9 est-elle pr\u00eate \u00e0 faire passer l\u2019internationalisation et l\u2019engagement \u00e9tudiant au niveau sup\u00e9rieur ? Collaborez avec EUniTa et offrez \u00e0 vos \u00e9tudiants des connexions \u00e0 l\u2019\u00e9chelle mondiale. En rejoignant EUniTa, vous ferez partie d\u2019une plateforme innovante qui relie les \u00e9tudiants \u00e0 travers l\u2019Europe pour des \u00e9changes linguistiques enrichissants \u2014 renfor\u00e7ant leurs comp\u00e9tences linguistiques, leur [&hellip;]<\/p>\n","protected":false},"author":3,"featured_media":0,"parent":0,"menu_order":0,"comment_status":"closed","ping_status":"closed","template":"","meta":{"footnotes":""},"class_list":["post-292","page","type-page","status-publish","hentry"],"_links":{"self":[{"href":"https:\/\/eunita.s.studiumdigitale.uni-frankfurt.de\/fr\/wp-json\/wp\/v2\/pages\/292","targetHints":{"allow":["GET"]}}],"collection":[{"href":"https:\/\/eunita.s.studiumdigitale.uni-frankfurt.de\/fr\/wp-json\/wp\/v2\/pages"}],"about":[{"href":"https:\/\/eunita.s.studiumdigitale.uni-frankfurt.de\/fr\/wp-json\/wp\/v2\/types\/page"}],"author":[{"embeddable":true,"href":"https:\/\/eunita.s.studiumdigitale.uni-frankfurt.de\/fr\/wp-json\/wp\/v2\/users\/3"}],"replies":[{"embeddable":true,"href":"https:\/\/eunita.s.studiumdigitale.uni-frankfurt.de\/fr\/wp-json\/wp\/v2\/comments?post=292"}],"version-history":[{"count":5,"href":"https:\/\/eunita.s.studiumdigitale.uni-frankfurt.de\/fr\/wp-json\/wp\/v2\/pages\/292\/revisions"}],"predecessor-version":[{"id":3182,"href":"https:\/\/eunita.s.studiumdigitale.uni-frankfurt.de\/fr\/wp-json\/wp\/v2\/pages\/292\/revisions\/3182"}],"wp:attachment":[{"href":"https:\/\/eunita.s.studiumdigitale.uni-frankfurt.de\/fr\/wp-json\/wp\/v2\/media?parent=292"}],"curies":[{"name":"wp","href":"https:\/\/api.w.org\/{rel}","templated":true}]}}