{"id":294,"date":"2025-05-09T16:10:03","date_gmt":"2025-05-09T14:10:03","guid":{"rendered":"https:\/\/eunita.s.studiumdigitale.uni-frankfurt.de\/?page_id=294"},"modified":"2026-01-28T12:54:32","modified_gmt":"2026-01-28T11:54:32","slug":"stories-tips-real-voices-real-experiences-real-advice","status":"publish","type":"page","link":"https:\/\/eunita.s.studiumdigitale.uni-frankfurt.de\/fr\/stories-tips-real-voices-real-experiences-real-advice\/","title":{"rendered":"T\u00e9moignages et conseils \u2013 Des voix authentiques, des exp\u00e9riences r\u00e9elles, des conseils concrets"},"content":{"rendered":"\n<p><strong><br><\/strong>Ici, des \u00e9tudiants partagent leur parcours en tandem, leurs r\u00e9ussites personnelles et des conseils pratiques pour les langues. Le tout pour vous inspirer, soutenir votre apprentissage et vous aider \u00e0 tirer le meilleur parti de <strong>EUniTA<\/strong>.<\/p>\n\n\n\n<p><strong>T\u00e9moignages d\u2019\u00e9tudiants<\/strong><\/p>\n\n\n\n<p>D\u00e9couvrez comment d\u2019autres tirent pleinement parti de leur exp\u00e9rience en tandem.<br>De la gestion de l\u2019appr\u00e9hension \u00e0 l\u2019oral \u00e0 la cr\u00e9ation d\u2019amiti\u00e9s internationales, ces r\u00e9cits authentiques montrent la force de l\u2019\u00e9change linguistique.<\/p>\n\n\n\n<p>\ud83d\udde8 <em>\u00ab Gr\u00e2ce \u00e0 EUniTa, j\u2019ai non seulement am\u00e9lior\u00e9 mon italien, mais j\u2019ai aussi rencontr\u00e9 une amie pour la vie ! \u00bb (Claire, University of Liverpool<\/em>)<em><br><\/em><\/p>\n\n\n\n<p>\ud83d\udde8 <em>\u00ab En tant que locuteur natif du portugais apprenant l\u2019allemand, j\u2019ai enfin trouv\u00e9 quelqu\u2019un avec qui je pouvais parler sans pression. \u00bb (Jo\u00e3o, Universidade Federal do Cear\u00e1<\/em>)<em><br><\/em><\/p>\n\n\n\n<p>\ud83d\udc49 <strong>Vous souhaitez partager votre histoire ? Nous serions ravis de mettre en avant votre exp\u00e9rience.<\/strong><strong><br><\/strong>Envoyez-nous votre t\u00e9moignage \u00e0 : <strong>contact[at]eunita.org<\/strong><\/p>\n\n\n\n<p><\/p>\n\n\n\n<p><strong>Conseils pour le tandem<\/strong> : <strong>des rep\u00e8res utiles pour guider votre parcours d\u2019apprentissage<\/strong><\/p>\n\n\n\n<p>Rendez vos s\u00e9ances de tandem plus ludiques, efficaces et sans stress gr\u00e2ce \u00e0 ces conseils cl\u00e9s partag\u00e9s par des \u00e9tudiants et des experts en langues :<\/p>\n\n\n\n<ul class=\"wp-block-list\">\n<li><strong>Soyez r\u00e9gulier :<\/strong> rencontrez-vous souvent, m\u00eame si ce n\u2019est que 15 minutes par semaine.<\/li>\n\n\n\n<li><strong>Fixez des objectifs ensemble :<\/strong> d\u00e9finissez ce que vous souhaitez apprendre et c\u00e9l\u00e9brez vos progr\u00e8s.<\/li>\n\n\n\n<li><strong>Utilisez les ressources p\u00e9dagogiques EUniTa :<\/strong> elles sont con\u00e7ues pour accompagner aussi bien les d\u00e9butants que les apprenants avanc\u00e9s.<\/li>\n\n\n\n<li><strong>\u00c9quilibrez les langues :<\/strong> r\u00e9partissez \u00e9quitablement le temps entre les deux langues.<\/li>\n\n\n\n<li><strong>Restez d\u00e9tendu :<\/strong> ne vous inqui\u00e9tez pas des erreurs, prenez plaisir \u00e0 apprendre ensemble.<\/li>\n<\/ul>\n\n\n\n<hr class=\"wp-block-separator has-alpha-channel-opacity\"\/>\n\n\n\n<p><strong>Tirer le meilleur parti d\u2019EUniTa<\/strong><\/p>\n\n\n\n<p>Que vous d\u00e9butiez ou que vous soyez d\u00e9j\u00e0 en tandem avec un partenaire, EUniTa est l\u00e0 pour vous accompagner.<br>Utilisez cette page comme source de motivation et bo\u00eete \u00e0 outils pratique.<\/p>\n\n\n\n<p><strong>Revenez r\u00e9guli\u00e8rement<\/strong>, nous ajoutons en permanence de nouveaux t\u00e9moignages et des conseils in\u00e9dits de la communaut\u00e9 EUniTa.<\/p>\n","protected":false},"excerpt":{"rendered":"<p>Ici, des \u00e9tudiants partagent leur parcours en tandem, leurs r\u00e9ussites personnelles et des conseils pratiques pour les langues. Le tout pour vous inspirer, soutenir votre apprentissage et vous aider \u00e0 tirer le meilleur parti de EUniTA. T\u00e9moignages d\u2019\u00e9tudiants D\u00e9couvrez comment d\u2019autres tirent pleinement parti de leur exp\u00e9rience en tandem.De la gestion de l\u2019appr\u00e9hension \u00e0 l\u2019oral [&hellip;]<\/p>\n","protected":false},"author":3,"featured_media":0,"parent":0,"menu_order":0,"comment_status":"closed","ping_status":"closed","template":"","meta":{"footnotes":""},"class_list":["post-294","page","type-page","status-publish","hentry"],"_links":{"self":[{"href":"https:\/\/eunita.s.studiumdigitale.uni-frankfurt.de\/fr\/wp-json\/wp\/v2\/pages\/294","targetHints":{"allow":["GET"]}}],"collection":[{"href":"https:\/\/eunita.s.studiumdigitale.uni-frankfurt.de\/fr\/wp-json\/wp\/v2\/pages"}],"about":[{"href":"https:\/\/eunita.s.studiumdigitale.uni-frankfurt.de\/fr\/wp-json\/wp\/v2\/types\/page"}],"author":[{"embeddable":true,"href":"https:\/\/eunita.s.studiumdigitale.uni-frankfurt.de\/fr\/wp-json\/wp\/v2\/users\/3"}],"replies":[{"embeddable":true,"href":"https:\/\/eunita.s.studiumdigitale.uni-frankfurt.de\/fr\/wp-json\/wp\/v2\/comments?post=294"}],"version-history":[{"count":3,"href":"https:\/\/eunita.s.studiumdigitale.uni-frankfurt.de\/fr\/wp-json\/wp\/v2\/pages\/294\/revisions"}],"predecessor-version":[{"id":3156,"href":"https:\/\/eunita.s.studiumdigitale.uni-frankfurt.de\/fr\/wp-json\/wp\/v2\/pages\/294\/revisions\/3156"}],"wp:attachment":[{"href":"https:\/\/eunita.s.studiumdigitale.uni-frankfurt.de\/fr\/wp-json\/wp\/v2\/media?parent=294"}],"curies":[{"name":"wp","href":"https:\/\/api.w.org\/{rel}","templated":true}]}}