{"id":296,"date":"2025-05-09T16:12:13","date_gmt":"2025-05-09T14:12:13","guid":{"rendered":"https:\/\/eunita.s.studiumdigitale.uni-frankfurt.de\/?page_id=296"},"modified":"2026-02-26T10:54:05","modified_gmt":"2026-02-26T09:54:05","slug":"how-it-works","status":"publish","type":"page","link":"https:\/\/eunita.s.studiumdigitale.uni-frankfurt.de\/fr\/how-it-works\/","title":{"rendered":"Comment \u00e7a fonctionne ?"},"content":{"rendered":"\n<h2 class=\"wp-block-heading\"><strong>D\u00e9couvrir. Se connecter. Parler au monde. \ud83c\udf0d<\/strong><\/h2>\n\n\n\n<p>Vous souhaitez pratiquer des langues avec des \u00e9tudiants partout en Europe et au-del\u00e0 ? Avec <strong>EUniTa<\/strong>, c\u2019est simple, gratuit et riche en rencontres authentiques.<\/p>\n\n\n\n<p><strong>\u00c9tape 1 : inscription facile<br><\/strong><strong>D\u00e9couvrir. Se connecter. Parler au monde. \ud83c\udf0d<\/strong><\/p>\n\n\n\n<p>Vous souhaitez pratiquer des langues avec des \u00e9tudiants partout en Europe et au-del\u00e0 ? Avec <strong>EUniTa<\/strong>, c\u2019est simple, gratuit et plein d&#8217;\u00e9changes authentiques.<\/p>\n\n\n\n<hr class=\"wp-block-separator has-alpha-channel-opacity\" \/>\n\n\n\n<h2 class=\"wp-block-heading\">\u00c9tape 1 : inscription facile<\/h2>\n\n\n\n<p>V\u00e9rifiez si votre universit\u00e9 fait partie du r\u00e9seau EUniTa :<br> \u2705 inscrivez-vous avec votre <strong>adresse e-mail universitaire<\/strong>,<br> \u2705 confirmez votre adresse e-mail.<br> \ud83d\udc49 Inscrivez-vous <a>d\u00e8s aujourd\u2019hui<\/a> et ouvrez-vous sur le monde.<\/p>\n\n\n\n<hr class=\"wp-block-separator has-alpha-channel-opacity\" \/>\n\n\n\n<h2 class=\"wp-block-heading\">\u00c9tape 2 : cr\u00e9ez votre profil linguistique<\/h2>\n\n\n\n<p>Votre profil est la cl\u00e9 pour obtenir les meilleurs appariements en tandem.<\/p>\n\n\n\n<p>Ajoutez les informations suivantes :<br> 1\ufe0f\u20e3 <strong>domaine acad\u00e9mique<\/strong> <strong>\/ universitaire<\/strong> : connectez-vous avec des pairs de votre discipline.<br> 2\ufe0f\u20e3 <strong>nom<\/strong> : pr\u00e9nom et nom afin que vos partenaires sachent qui vous \u00eates.<br> 3\ufe0f\u20e3 <strong>date de naissance et genre<\/strong> : utilis\u00e9s uniquement pour am\u00e9liorer l\u2019appariement.<br> 4\ufe0f\u20e3 <strong>biographie<\/strong> : une courte pr\u00e9sentation, vos centres d\u2019int\u00e9r\u00eat, votre domaine d\u2019\u00e9tudes, vos loisirs.<br> 5\ufe0f\u20e3 <strong>langue(s) maternelle(s)<\/strong> : indiquez une ou deux langues natives.<br> 6\ufe0f\u20e3<strong> autres langues et niveaux (A1 \u00e0 C2)<\/strong> : montrez les autres langues que vous parlez et votre niveau.<br> 7\ufe0f\u20e3 <strong>int\u00e9r\u00eats personnels<\/strong> : voyages, sport, musique, jeux vid\u00e9o, culture. Les int\u00e9r\u00eats communs facilitent la conversation.<\/p>\n\n\n\n<p>\ud83d\udc49 Cr\u00e9ez votre profil d\u00e8s maintenant.<br>\n\u26a1 Astuce : un <strong>profil complet<\/strong> est n\u00e9cessaire pour commencer les appariements.<\/p>\n\n\n\n<hr class=\"wp-block-separator has-alpha-channel-opacity\" \/>\n\n\n\n<h2 class=\"wp-block-heading\">\u00c9tape 3 : trouvez votre partenaire de tandem id\u00e9al<\/h2>\n\n\n\n<p>Le plaisir commence ici. Choisissez votre mode d\u2019appariement :<\/p>\n\n\n\n<ul class=\"wp-block-list\">\n<li>\ud83c\udf93 <strong>tandem acad\u00e9mique<\/strong> : appariement par domaine acad\u00e9mique \/ universitaire.<\/li>\n\n\n\n<li>\ud83c\udfeb <strong>appariement interne<\/strong> : \u00e9change avec des \u00e9tudiants de votre propre universit\u00e9.<\/li>\n\n\n\n<li>\ud83c\udfaf <strong>appariement par centres d\u2019int\u00e9r\u00eat<\/strong> : rencontrez des personnes qui partagent vos passions.<\/li>\n<\/ul>\n\n\n\n<p>\ud83d\udc49 Exemple : vous parlez allemand et souhaitez apprendre le fran\u00e7ais. Nous vous mettons en relation avec un \u00e9tudiant fran\u00e7ais qui souhaite pratiquer l\u2019allemand. Parfait.<\/p>\n\n\n\n<hr class=\"wp-block-separator has-alpha-channel-opacity\" \/>\n\n\n\n<h2 class=\"wp-block-heading\">\u00c9tape 4 : se connecter et communiquer<\/h2>\n\n\n\n<p>Une fois l\u2019appariement effectu\u00e9 :<br>\n\u2705 Vous recevez tous les deux un <strong>e-mail de mise en relation<\/strong> avec les informations du partenaire.<br>\n\u2705 L\u2019appariement appara\u00eet dans votre tableau de bord personnel.<br>\n\u2705 Contactez votre partenaire via l\u2019<strong>e-mail universitaire<\/strong> et planifiez votre premi\u00e8re rencontre.<\/p>\n\n\n\n<p>\ud83d\udc49 Commencez \u00e0 \u00e9changer d\u00e8s aujourd\u2019hui.<\/p>\n\n\n\n<hr class=\"wp-block-separator has-alpha-channel-opacity\" \/>\n\n\n\n<h2 class=\"wp-block-heading\">\u00c9tape 5 : apprendre et progresser ensemble<\/h2>\n\n\n\n<p>EUniTa met \u00e0 disposition une biblioth\u00e8que de ressources libres con\u00e7ues pour l\u2019apprentissage en tandem. Utilisez-les pour structurer vos s\u00e9ances et suivre vos progr\u00e8s.<\/p>\n\n\n\n<p>\ud83d\udc49 Explorez les ressources. Apprenez davantage. Progressez ensemble.<\/p>\n\n\n\n<hr class=\"wp-block-separator has-alpha-channel-opacity\" \/>\n\n\n\n<p>\ud83c\udf1f Rejoignez des milliers d\u2019\u00e9tudiants qui \u00e9largissent leurs horizons.<br>\n<strong>Votre prochain partenaire tandem vous attend.<\/strong><\/p>\n","protected":false},"excerpt":{"rendered":"<p>D\u00e9couvrir. Se connecter. Parler au monde. \ud83c\udf0d Vous souhaitez pratiquer des langues avec des \u00e9tudiants partout en Europe et au-del\u00e0 ? Avec EUniTa, c\u2019est simple, gratuit et riche en rencontres authentiques. \u00c9tape 1 : inscription facileD\u00e9couvrir. Se connecter. Parler au monde. \ud83c\udf0d Vous souhaitez pratiquer des langues avec des \u00e9tudiants partout en Europe et au-del\u00e0 [&hellip;]<\/p>\n","protected":false},"author":3,"featured_media":0,"parent":0,"menu_order":0,"comment_status":"closed","ping_status":"closed","template":"","meta":{"footnotes":""},"class_list":["post-296","page","type-page","status-publish","hentry"],"_links":{"self":[{"href":"https:\/\/eunita.s.studiumdigitale.uni-frankfurt.de\/fr\/wp-json\/wp\/v2\/pages\/296","targetHints":{"allow":["GET"]}}],"collection":[{"href":"https:\/\/eunita.s.studiumdigitale.uni-frankfurt.de\/fr\/wp-json\/wp\/v2\/pages"}],"about":[{"href":"https:\/\/eunita.s.studiumdigitale.uni-frankfurt.de\/fr\/wp-json\/wp\/v2\/types\/page"}],"author":[{"embeddable":true,"href":"https:\/\/eunita.s.studiumdigitale.uni-frankfurt.de\/fr\/wp-json\/wp\/v2\/users\/3"}],"replies":[{"embeddable":true,"href":"https:\/\/eunita.s.studiumdigitale.uni-frankfurt.de\/fr\/wp-json\/wp\/v2\/comments?post=296"}],"version-history":[{"count":5,"href":"https:\/\/eunita.s.studiumdigitale.uni-frankfurt.de\/fr\/wp-json\/wp\/v2\/pages\/296\/revisions"}],"predecessor-version":[{"id":3175,"href":"https:\/\/eunita.s.studiumdigitale.uni-frankfurt.de\/fr\/wp-json\/wp\/v2\/pages\/296\/revisions\/3175"}],"wp:attachment":[{"href":"https:\/\/eunita.s.studiumdigitale.uni-frankfurt.de\/fr\/wp-json\/wp\/v2\/media?parent=296"}],"curies":[{"name":"wp","href":"https:\/\/api.w.org\/{rel}","templated":true}]}}