{"id":298,"date":"2025-05-09T16:13:48","date_gmt":"2025-05-09T14:13:48","guid":{"rendered":"https:\/\/eunita.s.studiumdigitale.uni-frankfurt.de\/?page_id=298"},"modified":"2026-02-26T11:30:32","modified_gmt":"2026-02-26T10:30:32","slug":"faq-help","status":"publish","type":"page","link":"https:\/\/eunita.s.studiumdigitale.uni-frankfurt.de\/fr\/faq-help\/","title":{"rendered":"Foire aux questions"},"content":{"rendered":"\n<p><strong>Q : QU\u2019EST-CE QU\u2019UN \u00c9CHANGE EN TANDEM ET COMMENT FONCTIONNE-T-IL ?<\/strong><\/p>\n\n\n\n<p><strong>R\u00e9ponse : un tandem linguistique est un \u00e9change entre deux personnes qui souhaitent apprendre la langue de l\u2019autre et am\u00e9liorer ensemble leurs comp\u00e9tences linguistiques et interculturelles. Lors des rencontres, le temps doit \u00eatre r\u00e9parti de mani\u00e8re \u00e9gale entre les deux langues.<\/strong><\/p>\n\n\n\n<hr class=\"wp-block-separator has-alpha-channel-opacity\" \/>\n\n\n\n<p><strong>Q : JE SOUHAITE PRATIQUER PLUS D\u2019UNE LANGUE. PUIS-JE M\u2019INSCRIRE \u00c0 PLUSIEURS TANDEMS ?<\/strong><\/p>\n\n\n\n<p><strong>R\u00e9ponse : oui, c\u2019est possible. Il vous suffit de lancer une nouvelle recherche de tandem pour chaque langue que vous souhaitez pratiquer.<\/strong><\/p>\n\n\n\n<hr class=\"wp-block-separator has-alpha-channel-opacity\" \/>\n\n\n\n<p><strong>Q : FAUT-IL AVOIR UN CERTAIN NIVEAU DE LANGUE AVANT DE COMMENCER ?<\/strong><\/p>\n\n\n\n<p><strong>R\u00e9ponse : non, aucun niveau pr\u00e9cis n\u2019est requis, mais nous recommandons d\u2019avoir au moins un niveau A1 afin de pouvoir communiquer avec votre partenaire.<\/strong><\/p>\n\n\n\n<hr class=\"wp-block-separator has-alpha-channel-opacity\" \/>\n\n\n\n<p><strong>Q : PUIS-JE M\u2019INSCRIRE \u00c0 UN TANDEM \u00c0 N\u2019IMPORTE QUEL MOMENT ?<\/strong><\/p>\n\n\n\n<p><strong>R\u00e9ponse : oui, vous pouvez vous inscrire \u00e0 EUniTa et lancer une nouvelle recherche de tandem \u00e0 tout moment.<\/strong><\/p>\n\n\n\n<hr class=\"wp-block-separator has-alpha-channel-opacity\" \/>\n\n\n\n<p><strong>Q : COMBIEN DE TEMPS FAUT-IL POUR TROUVER UN PARTENAIRE ?<\/strong><\/p>\n\n\n\n<p><strong>R\u00e9ponse : si un participant correspondant \u00e0 vos crit\u00e8res est disponible, vous recevrez imm\u00e9diatement un e-mail. Sinon, vous devrez attendre qu\u2019un autre participant lance une recherche correspondant \u00e0 votre profil.<\/strong><\/p>\n\n\n\n<hr class=\"wp-block-separator has-alpha-channel-opacity\" \/>\n\n\n\n<p><strong>Q : QU\u2019EST-CE QU\u2019UN TANDEM ACAD\u00c9MIQUE ?<\/strong><\/p>\n\n\n\n<p><strong>R\u00e9ponse : pour am\u00e9liorer vos comp\u00e9tences linguistiques acad\u00e9miques \/ universitaires, EUniTa peut associer des personnes issues du m\u00eame domaine d\u2019\u00e9tudes. Si vous cochez la case \u00ab Tandem acad\u00e9mique \u00bb dans votre recherche, vous ne serez mis en relation qu\u2019avec un partenaire de votre domaine ou discipline.<\/strong><\/p>\n\n\n\n<hr class=\"wp-block-separator has-alpha-channel-opacity\" \/>\n\n\n\n<p><strong>Q : PUIS-JE FAIRE UN TANDEM EN PR\u00c9SENTIEL ?<\/strong><\/p>\n\n\n\n<p><strong>R\u00e9ponse : oui, c\u2019est \u00e9galement possible avec EUniTa. Cela s\u2019appelle un \u00ab jumelage interne \u00bb. Vous pouvez choisir un tandem en ligne, en pr\u00e9sentiel, ou les deux.<\/strong><\/p>\n\n\n\n<hr class=\"wp-block-separator has-alpha-channel-opacity\" \/>\n\n\n\n<p><strong>Q : COMMENT SE D\u00c9ROULE LA PREMI\u00c8RE RENCONTRE EN TANDEM ?<\/strong><\/p>\n\n\n\n<p><strong>R\u00e9ponse : une fois que vous avez \u00e9t\u00e9 jumel\u00e9(e) avec votre partenaire, contactez-le\/la et proposez une date et un lieu pour votre premi\u00e8re rencontre (en ligne ou en personne). Pour un jumelage interne, vous pouvez sugg\u00e9rer un lieu, par exemple un caf\u00e9 \u00e0 l\u2019universit\u00e9. Lors de cette premi\u00e8re rencontre, pr\u00e9sentez-vous et discutez de vos attentes (par exemple : que souhaitez-vous am\u00e9liorer ? Voulez-vous que votre partenaire vous corrige lorsque vous parlez ?). Vous pouvez \u00e9galement utiliser le document \u00ab Pr\u00e9sentez-vous \u00bb disponible dans la biblioth\u00e8que EUniTa.<\/strong><\/p>\n\n\n\n<hr class=\"wp-block-separator has-alpha-channel-opacity\" \/>\n\n\n\n<p><strong>Q : JE N\u2019AI PAS ENCORE \u00c9T\u00c9 JUMEL\u00c9(E) AVEC UN PARTENAIRE. QUE FAIRE ?<\/strong><\/p>\n\n\n\n<p><strong>R\u00e9ponse : essayez de lancer une nouvelle recherche sans cocher les options \u00ab Jumelage interne \u00bb ou \u00ab Tandem acad\u00e9mique \u00bb.<\/strong><\/p>\n\n\n\n<hr class=\"wp-block-separator has-alpha-channel-opacity\" \/>\n\n\n\n<p><strong>Q : MON PARTENAIRE DE TANDEM NE SE PR\u00c9SENTE PAS \u00c0 NOS RENDEZ-VOUS. QUE FAIRE ?<\/strong><\/p>\n\n\n\n<p><strong>R\u00e9ponse : essayez de le\/la recontacter pour v\u00e9rifier s\u2019il\/elle souhaite toujours poursuivre le tandem. Si ce n\u2019est pas le cas, lancez une nouvelle recherche.<\/strong><\/p>\n\n\n\n<hr class=\"wp-block-separator has-alpha-channel-opacity\" \/>\n\n\n\n<p><strong>Q : PUIS-JE OBTENIR UNE ATTESTATION DE PARTICIPATION ? SI OUI, COMMENT ?<\/strong><\/p>\n\n\n\n<p><strong>R\u00e9ponse : oui. Pour obtenir un certificat, vous devez rencontrer votre partenaire 12 fois et remplir la fiche de suivi d\u2019apprentissage disponible sur la plateforme EUniTa. Une fois le document t\u00e9l\u00e9charg\u00e9 sur la plateforme, nous \u00e9mettrons l&#8217;attestation.<\/strong><\/p>\n\n\n\n<hr class=\"wp-block-separator has-alpha-channel-opacity\" \/>\n\n\n\n<p><strong>Q : EUniTa EST-IL DISPONIBLE SUR LES APPAREILS MOBILES ?<\/strong><\/p>\n\n\n\n<p><strong>R\u00e9ponse : oui, vous pouvez utiliser EUniTa sur vos appareils mobiles directement dans le navigateur.<\/strong><\/p>\n\n\n\n<hr class=\"wp-block-separator has-alpha-channel-opacity\" \/>\n\n\n\n<p><strong>Q : QUE FAIRE EN CAS DE PROBL\u00c8ME DE MOT DE PASSE OU D\u2019ACTIVATION ?<\/strong><\/p>\n\n\n\n<p><strong>R\u00e9ponse : essayez de r\u00e9initialiser votre mot de passe via \u00ab Demander la r\u00e9initialisation du mot de passe \u00bb. Si votre compte n\u2019est pas encore activ\u00e9, vous recevrez un nouvel e-mail avec un lien d\u2019activation.<\/strong><\/p>\n\n\n\n<hr class=\"wp-block-separator has-alpha-channel-opacity\" \/>\n\n\n\n<p><strong>Q : JE NE PEUX PAS M\u2019INSCRIRE, MON ADRESSE E-MAIL EST INVALIDE.<\/strong><\/p>\n\n\n\n<p><strong>R\u00e9ponse : la plateforme EUniTa est uniquement accessible aux \u00e9tudiants des universit\u00e9s partenaires. L\u2019inscription n\u2019est possible qu\u2019avec votre adresse e-mail universitaire officielle.<\/strong><\/p>\n\n\n\n<hr class=\"wp-block-separator has-alpha-channel-opacity\" \/>\n","protected":false},"excerpt":{"rendered":"<p>Q : QU\u2019EST-CE QU\u2019UN \u00c9CHANGE EN TANDEM ET COMMENT FONCTIONNE-T-IL ? R\u00e9ponse : un tandem linguistique est un \u00e9change entre deux personnes qui souhaitent apprendre la langue de l\u2019autre et am\u00e9liorer ensemble leurs comp\u00e9tences linguistiques et interculturelles. Lors des rencontres, le temps doit \u00eatre r\u00e9parti de mani\u00e8re \u00e9gale entre les deux langues. Q : JE [&hellip;]<\/p>\n","protected":false},"author":3,"featured_media":0,"parent":0,"menu_order":0,"comment_status":"closed","ping_status":"closed","template":"","meta":{"footnotes":""},"class_list":["post-298","page","type-page","status-publish","hentry"],"_links":{"self":[{"href":"https:\/\/eunita.s.studiumdigitale.uni-frankfurt.de\/fr\/wp-json\/wp\/v2\/pages\/298","targetHints":{"allow":["GET"]}}],"collection":[{"href":"https:\/\/eunita.s.studiumdigitale.uni-frankfurt.de\/fr\/wp-json\/wp\/v2\/pages"}],"about":[{"href":"https:\/\/eunita.s.studiumdigitale.uni-frankfurt.de\/fr\/wp-json\/wp\/v2\/types\/page"}],"author":[{"embeddable":true,"href":"https:\/\/eunita.s.studiumdigitale.uni-frankfurt.de\/fr\/wp-json\/wp\/v2\/users\/3"}],"replies":[{"embeddable":true,"href":"https:\/\/eunita.s.studiumdigitale.uni-frankfurt.de\/fr\/wp-json\/wp\/v2\/comments?post=298"}],"version-history":[{"count":7,"href":"https:\/\/eunita.s.studiumdigitale.uni-frankfurt.de\/fr\/wp-json\/wp\/v2\/pages\/298\/revisions"}],"predecessor-version":[{"id":3184,"href":"https:\/\/eunita.s.studiumdigitale.uni-frankfurt.de\/fr\/wp-json\/wp\/v2\/pages\/298\/revisions\/3184"}],"wp:attachment":[{"href":"https:\/\/eunita.s.studiumdigitale.uni-frankfurt.de\/fr\/wp-json\/wp\/v2\/media?parent=298"}],"curies":[{"name":"wp","href":"https:\/\/api.w.org\/{rel}","templated":true}]}}