{"id":363,"date":"2025-08-29T17:43:47","date_gmt":"2025-08-29T15:43:47","guid":{"rendered":"https:\/\/eunita.s.studiumdigitale.uni-frankfurt.de\/?page_id=363"},"modified":"2026-02-26T11:31:49","modified_gmt":"2026-02-26T10:31:49","slug":"impressum","status":"publish","type":"page","link":"https:\/\/eunita.s.studiumdigitale.uni-frankfurt.de\/fr\/impressum\/","title":{"rendered":"Mentions l\u00e9gales"},"content":{"rendered":"\n<p><em>Identification du prestataire conform\u00e9ment au \u00a7 5 TMG et au \u00a7 18, al. 2 MStV<\/em><br>Derni\u00e8re mise \u00e0 jour : 29 ao\u00fbt 2025<\/p>\n\n\n\n<p><strong>Prestataire de services \/ Exploitant du site web et de l\u2019application EUniTa<\/strong><br>Goethe-Universit\u00e4t Frankfurt am Main<br>Theodor-W.-Adorno-Platz 1<br>60323 Francfort-sur-le-Main<br>Allemagne<\/p>\n\n\n\n<p><strong>Forme juridique<\/strong><br>Personne morale de droit public<\/p>\n\n\n\n<p><strong>Repr\u00e9sentant autoris\u00e9<\/strong><br>Repr\u00e9sent\u00e9e par le pr\u00e9sident.<\/p>\n\n\n\n<p><strong>Contact<\/strong><br>Support administratif : studiumdigitale \u2013 Central eLearning Facility<br>Eschersheimer Landstr. 155\/157, 60323 Francfort-sur-le-Main, Allemagne<br>T\u00e9l\u00e9phone : +49 69 798-22198<br>Email : <a>info[at]studiumdigitale.uni-frankfurt.de<\/a><br><a href=\"https:\/\/eunita.s.studiumdigitale.uni-frankfurt.de\/contact-us\/\" data-type=\"page\" data-id=\"290\">Formulaire de contact<\/a><\/p>\n\n\n\n<p><strong>Responsabilit\u00e9 \u00e9ditoriale conform\u00e9ment au \u00a7 18, al. 2 MStV<\/strong><br>Dr Maria Kopp-Kavermann<br>Internationales Studien- und Sprachenzentrum (ISZ), Langues \u00e9trang\u00e8res<\/p>\n\n\n\n<p><span style=\"font-size: revert\">Johann Wolfgang Goethe-Universit\u00e4t<\/span><\/p>\n\n\n\n<p>Theodor-W.-Adorno-Platz 1<br>D-60323 Francfort-sur-le-Main<br>T\u00e9l\u00e9phone : +49 69 798-23757<br>Email : kopp-kavermann[at]em.uni-frankfurt.de<\/p>\n\n\n\n<p><br><strong>Autorit\u00e9 de tutelle<\/strong><br>Minist\u00e8re des Sciences et des Arts du Land de Hesse (HMWK)<\/p>\n\n\n\n<p><strong><a href=\"https:\/\/eunita.s.studiumdigitale.uni-frankfurt.de\/terms-of-use\/\" data-type=\"page\" data-id=\"302\">Conditions d\u2019utilisation<\/a><\/strong><br>\n<strong><a href=\"https:\/\/eunita.s.studiumdigitale.uni-frankfurt.de\/privacy-policy\/\" data-type=\"page\" data-id=\"300\">Politique de confidentialit\u00e9<\/a><\/strong><br>\n<strong><a href=\"https:\/\/eunita.s.studiumdigitale.uni-frankfurt.de\/cookie-policy\/\" data-type=\"page\" data-id=\"318\">Politique relative aux cookies<\/a><\/strong><br>\nD\u00e9l\u00e9gu\u00e9 \u00e0 la protection des donn\u00e9es : <a>dsb[at]uni-frankfurt.de<\/a><\/p>\n\n\n\n<p><strong>Responsabilit\u00e9 relative au contenu<\/strong><br>Conform\u00e9ment au \u00a7 7, al. 1 TMG, la Goethe-Universit\u00e4t est responsable de ses propres contenus sur ces pages. Selon les \u00a7\u00a7 8 \u00e0 10 TMG, il n\u2019existe aucune obligation de surveiller les informations transmises ou stock\u00e9es de tiers ni de rechercher des circonstances indiquant une activit\u00e9 ill\u00e9gale. Les obligations de suppression ou de blocage de l\u2019utilisation d\u2019informations en vertu des lois g\u00e9n\u00e9rales demeurent inchang\u00e9es. Une responsabilit\u00e9 n\u2019est engag\u00e9e qu\u2019\u00e0 partir du moment o\u00f9 une violation concr\u00e8te est port\u00e9e \u00e0 notre connaissance. D\u00e8s notification de telles violations, les contenus concern\u00e9s seront supprim\u00e9s sans d\u00e9lai.<\/p>\n\n\n\n<p><strong>Responsabilit\u00e9 relative aux liens<\/strong><br>Ce site web contient des liens vers des sites externes de tiers. Les fournisseurs de ces sites sont seuls responsables de leurs contenus. Aucun contenu ill\u00e9gal n\u2019\u00e9tait identifiable au moment de la cr\u00e9ation des liens. En cas de notification de violations, ces liens seront supprim\u00e9s sans d\u00e9lai.<\/p>\n\n\n\n<p><strong>Droit d\u2019auteur<\/strong><br>Sauf indication contraire, les supports p\u00e9dagogiques pr\u00e9sents sur ce site sont mis \u00e0 disposition sous licence <strong>CC BY-NC-ND 4.0<\/strong>. Mention obligatoire : \u00ab EUniTa App, Goethe University Frankfurt am Main \u00bb ainsi que les auteurs respectifs. Aucune modification. Aucune utilisation commerciale. Les contenus de tiers sont signal\u00e9s et soumis \u00e0 leurs propres conditions.<\/p>\n\n\n\n<p><strong>R\u00e8glement en ligne des litiges et m\u00e9diation des consommateurs<\/strong><br>Plateforme europ\u00e9enne de r\u00e8glement en ligne des litiges : <a href=\"https:\/\/ec.europa.eu\/consumers\/odr?utm_source=chatgpt.com\">https:\/\/ec.europa.eu\/consumers\/odr<\/a><br>La Goethe-Universit\u00e4t n\u2019est ni tenue ni dispos\u00e9e \u00e0 participer \u00e0 une proc\u00e9dure de r\u00e8glement des litiges devant un organisme de m\u00e9diation des consommateurs.<\/p>\n","protected":false},"excerpt":{"rendered":"<p>Identification du prestataire conform\u00e9ment au \u00a7 5 TMG et au \u00a7 18, al. 2 MStVDerni\u00e8re mise \u00e0 jour : 29 ao\u00fbt 2025 Prestataire de services \/ Exploitant du site web et de l\u2019application EUniTaGoethe-Universit\u00e4t Frankfurt am MainTheodor-W.-Adorno-Platz 160323 Francfort-sur-le-MainAllemagne Forme juridiquePersonne morale de droit public Repr\u00e9sentant autoris\u00e9Repr\u00e9sent\u00e9e par le pr\u00e9sident. ContactSupport administratif : studiumdigitale \u2013 [&hellip;]<\/p>\n","protected":false},"author":3,"featured_media":0,"parent":0,"menu_order":0,"comment_status":"closed","ping_status":"closed","template":"","meta":{"footnotes":""},"class_list":["post-363","page","type-page","status-publish","hentry"],"_links":{"self":[{"href":"https:\/\/eunita.s.studiumdigitale.uni-frankfurt.de\/fr\/wp-json\/wp\/v2\/pages\/363","targetHints":{"allow":["GET"]}}],"collection":[{"href":"https:\/\/eunita.s.studiumdigitale.uni-frankfurt.de\/fr\/wp-json\/wp\/v2\/pages"}],"about":[{"href":"https:\/\/eunita.s.studiumdigitale.uni-frankfurt.de\/fr\/wp-json\/wp\/v2\/types\/page"}],"author":[{"embeddable":true,"href":"https:\/\/eunita.s.studiumdigitale.uni-frankfurt.de\/fr\/wp-json\/wp\/v2\/users\/3"}],"replies":[{"embeddable":true,"href":"https:\/\/eunita.s.studiumdigitale.uni-frankfurt.de\/fr\/wp-json\/wp\/v2\/comments?post=363"}],"version-history":[{"count":5,"href":"https:\/\/eunita.s.studiumdigitale.uni-frankfurt.de\/fr\/wp-json\/wp\/v2\/pages\/363\/revisions"}],"predecessor-version":[{"id":3185,"href":"https:\/\/eunita.s.studiumdigitale.uni-frankfurt.de\/fr\/wp-json\/wp\/v2\/pages\/363\/revisions\/3185"}],"wp:attachment":[{"href":"https:\/\/eunita.s.studiumdigitale.uni-frankfurt.de\/fr\/wp-json\/wp\/v2\/media?parent=363"}],"curies":[{"name":"wp","href":"https:\/\/api.w.org\/{rel}","templated":true}]}}