{"id":546,"date":"2025-09-11T11:25:14","date_gmt":"2025-09-11T09:25:14","guid":{"rendered":"https:\/\/eunita.s.studiumdigitale.uni-frankfurt.de\/?page_id=546"},"modified":"2026-01-28T13:32:34","modified_gmt":"2026-01-28T12:32:34","slug":"join-the-adventure","status":"publish","type":"page","link":"https:\/\/eunita.s.studiumdigitale.uni-frankfurt.de\/fr\/join-the-adventure\/","title":{"rendered":"Rejoignez l\u2019aventure"},"content":{"rendered":"\n<p><\/p>\n\n\n\n<h2 class=\"wp-block-heading\">EUniTa \u2013 <strong>Bien plus qu\u2019une plateforme d\u2019apprentissage<\/strong><\/h2>\n\n\n\n<p>EUniTa est un mouvement centr\u00e9 sur la connexion humaine et le plaisir d\u2019apprendre les langues. Nous croyons qu\u2019il est possible de rendre l\u2019acquisition linguistique agr\u00e9able en favorisant des \u00e9changes authentiques. EUniTa est un r\u00e9seau de tandems linguistiques v\u00e9rifi\u00e9 par les universit\u00e9s. Il met en relation des \u00e9tudiants et des membres du personnel d\u2019universit\u00e9s partenaires \u00e0 travers l\u2019Europe et le Br\u00e9sil pour une pratique orale authentique, des \u00e9changes culturels et un d\u00e9veloppement linguistique durable. \u00c9changez avec des passionn\u00e9s de langues qui partagent vos centres d\u2019int\u00e9r\u00eat. Cr\u00e9ez des amiti\u00e9s qui d\u00e9passent les fronti\u00e8res g\u00e9ographiques.<\/p>\n\n\n\n<p>EUniTa est une <strong>communaut\u00e9 de personnes partageant les m\u00eames valeurs<\/strong> : rejoignez un r\u00e9seau d\u2019individus curieux et ambitieux, d\u00e9sireux d\u2019apprendre et d\u2019\u00e9voluer. Partagez votre parcours, relevez des d\u00e9fis ensemble et c\u00e9l\u00e9brez vos r\u00e9ussites collectivement.<\/p>\n\n\n\n<h2 class=\"wp-block-heading\">Pourquoi participer ?<\/h2>\n\n\n\n<p>EUniTa offre une plateforme accueillante pour rencontrer de nouvelles personnes, partager des cultures et d\u00e9velopper des relations internationales, gratuitement. Mettez vos comp\u00e9tences linguistiques \u00e0 l\u2019\u00e9preuve dans des situations r\u00e9elles. Gr\u00e2ce \u00e0 des interactions porteuses de sens, vous gagnerez en confiance et en fluidit\u00e9, rendant votre apprentissage \u00e0 la fois pratique et motivant.<\/p>\n\n\n\n<p>Renforcez votre confiance \u00e0 l\u2019oral : rencontrez un partenaire qui apprend votre langue tout en vous aidant \u00e0 pratiquer la sienne.<\/p>\n\n\n\n<p>Pr\u00e9parez votre mobilit\u00e9 : utilisez EUniTa pour vous pr\u00e9parer \u00e0 un semestre d\u2019\u00e9change, un stage ou un s\u00e9jour de recherche.<\/p>\n\n\n\n<p>Apprenez avec un objectif clair : d\u00e9finissez des objectifs communs, suivez vos progr\u00e8s et r\u00e9fl\u00e9chissez \u00e0 ce qui fonctionne.<\/p>\n\n\n\n<p>\u00c9largissez votre r\u00e9seau : connectez-vous avec des pairs partageant les m\u00eames int\u00e9r\u00eats, au-del\u00e0 des disciplines et des pays.<\/p>\n\n\n\n<h2 class=\"wp-block-heading\"><strong>Qui peut participer ?<\/strong><\/h2>\n\n\n\n<ul class=\"wp-block-list\">\n<li>\u00c9tudiants inscrits dans les universit\u00e9s partenaires d\u2019EUniTa<\/li>\n<li>Personnel acad\u00e9mique et administratif des \u00e9tablissements partenaires<\/li>\n<li>Apprenants d\u00e9butants comme avanc\u00e9s<\/li>\n<\/ul>\n\n\n\n<h2 class=\"wp-block-heading\"><strong>Passez \u00e0 l\u2019\u00e9tape suivante d\u00e8s aujourd\u2019hui<\/strong><\/h2>\n\n\n\n<p>Pr\u00eat \u00e0 am\u00e9liorer vos comp\u00e9tences linguistiques et \u00e0 cr\u00e9er des liens durables ? Avec EUniTa, chaque \u00e9change vous rapproche de vos objectifs. Rejoignez-nous et explorez le monde des langues. Voici comment cela fonctionne :<\/p>\n\n\n\n<ul class=\"wp-block-list\">\n<li>Cr\u00e9ez votre profil : inscrivez-vous avec votre adresse e-mail universitaire et indiquez vos langues, niveaux et centres d\u2019int\u00e9r\u00eat.<\/li>\n<li>Trouvez un partenaire : notre syst\u00e8me d\u2019appariement vous met en relation selon les langues, la disponibilit\u00e9 et les objectifs.<\/li>\n<li>Fixez des objectifs communs : d\u00e9cidez ensemble de ce que vous souhaitez pratiquer et de la mani\u00e8re d\u2019\u00e9valuer vos progr\u00e8s.<\/li>\n<li>Rencontrez-vous r\u00e9guli\u00e8rement : en ligne ou sur le campus. Des s\u00e9ances courtes et fr\u00e9quentes sont les plus efficaces.<\/li>\n<li>Analysez et am\u00e9liorez : utilisez nos supports d\u2019accompagnement pour planifier, suivre et ajuster votre apprentissage.<\/li>\n<\/ul>\n\n\n\n<h2 class=\"wp-block-heading\"><strong>S\u00e9curit\u00e9 et protection des donn\u00e9es<\/strong><\/h2>\n\n\n\n<ul class=\"wp-block-list\">\n<li>Acc\u00e8s r\u00e9serv\u00e9 aux comptes universitaires v\u00e9rifi\u00e9s<\/li>\n<li>Canaux clairs de signalement et de support<\/li>\n<li>Minimisation des donn\u00e9es et traitement s\u00e9curis\u00e9 conform\u00e9ment au RGPD<\/li>\n<li>Contr\u00f4le total de la visibilit\u00e9 de votre profil et de vos pr\u00e9f\u00e9rences d\u2019appariement<\/li>\n<\/ul>\n\n\n\n<h2 class=\"wp-block-heading\"><strong>Id\u00e9es d\u2019orientation acad\u00e9mique<\/strong><\/h2>\n\n\n\n<p>Utilisez votre tandem pour soutenir votre travail universitaire :<\/p>\n\n\n\n<ul class=\"wp-block-list\">\n<li>Discuter de lectures ou de th\u00e8mes de cours dans la langue cible<\/li>\n<li>R\u00e9p\u00e9ter des pr\u00e9sentations ou des soutenances<\/li>\n<li>Co-r\u00e9diger des r\u00e9sum\u00e9s ou des brouillons d\u2019e-mails, puis relire ensemble le style et le ton<\/li>\n<li>Comparer les conventions acad\u00e9miques et les pratiques de citation selon les cultures<\/li>\n<li>\u00c9changer des retours sur la clart\u00e9, la structure et la coh\u00e9rence des arguments<\/li>\n<\/ul>\n\n\n\n<p><\/p>\n\n\n\n<p><\/p>\n","protected":false},"excerpt":{"rendered":"<p>EUniTa \u2013 Bien plus qu\u2019une plateforme d\u2019apprentissage EUniTa est un mouvement centr\u00e9 sur la connexion humaine et le plaisir d\u2019apprendre les langues. Nous croyons qu\u2019il est possible de rendre l\u2019acquisition linguistique agr\u00e9able en favorisant des \u00e9changes authentiques. EUniTa est un r\u00e9seau de tandems linguistiques v\u00e9rifi\u00e9 par les universit\u00e9s. Il met en relation des \u00e9tudiants et [&hellip;]<\/p>\n","protected":false},"author":3,"featured_media":0,"parent":0,"menu_order":0,"comment_status":"closed","ping_status":"closed","template":"","meta":{"footnotes":""},"class_list":["post-546","page","type-page","status-publish","hentry"],"_links":{"self":[{"href":"https:\/\/eunita.s.studiumdigitale.uni-frankfurt.de\/fr\/wp-json\/wp\/v2\/pages\/546","targetHints":{"allow":["GET"]}}],"collection":[{"href":"https:\/\/eunita.s.studiumdigitale.uni-frankfurt.de\/fr\/wp-json\/wp\/v2\/pages"}],"about":[{"href":"https:\/\/eunita.s.studiumdigitale.uni-frankfurt.de\/fr\/wp-json\/wp\/v2\/types\/page"}],"author":[{"embeddable":true,"href":"https:\/\/eunita.s.studiumdigitale.uni-frankfurt.de\/fr\/wp-json\/wp\/v2\/users\/3"}],"replies":[{"embeddable":true,"href":"https:\/\/eunita.s.studiumdigitale.uni-frankfurt.de\/fr\/wp-json\/wp\/v2\/comments?post=546"}],"version-history":[{"count":3,"href":"https:\/\/eunita.s.studiumdigitale.uni-frankfurt.de\/fr\/wp-json\/wp\/v2\/pages\/546\/revisions"}],"predecessor-version":[{"id":3166,"href":"https:\/\/eunita.s.studiumdigitale.uni-frankfurt.de\/fr\/wp-json\/wp\/v2\/pages\/546\/revisions\/3166"}],"wp:attachment":[{"href":"https:\/\/eunita.s.studiumdigitale.uni-frankfurt.de\/fr\/wp-json\/wp\/v2\/media?parent=546"}],"curies":[{"name":"wp","href":"https:\/\/api.w.org\/{rel}","templated":true}]}}