{"id":199,"date":"2025-05-07T13:24:38","date_gmt":"2025-05-07T11:24:38","guid":{"rendered":"https:\/\/eunita.s.studiumdigitale.uni-frankfurt.de\/?page_id=199"},"modified":"2026-02-11T15:13:31","modified_gmt":"2026-02-11T14:13:31","slug":"startseite","status":"publish","type":"page","link":"https:\/\/eunita.s.studiumdigitale.uni-frankfurt.de\/it\/","title":{"rendered":"Homepage IT"},"content":{"rendered":"\n<div class=\"wp-block-group\"><div class=\"wp-block-group__inner-container is-layout-constrained wp-block-group-is-layout-constrained\">\n<div class=\"wp-block-columns py-5 my-5 is-layout-flex wp-container-core-columns-is-layout-9d6595d7 wp-block-columns-is-layout-flex\">\n<div class=\"wp-block-column is-layout-flow wp-block-column-is-layout-flow\">\n<p><strong>EUROPEAN UNIVERSITY TANDEM<\/strong><\/p>\n\n\n\n<h1 class=\"wp-block-heading\">Parla con il mondo. Trova la tua comunit\u00e0.<\/h1>\n\n\n\n<p>Unisciti alla vivace rete studentesca di EUniTa e scopri la potenza delle lingue attraverso uno scambio autentico e personale. Condividi lingue, culture e sogni \u2013 e trasforma il tuo percorso di apprendimento, gratuitamente!<\/p>\n\n\n\n<div class=\"wp-block-buttons is-content-justification-left is-layout-flex wp-container-core-buttons-is-layout-fdcfc74e wp-block-buttons-is-layout-flex\">\n<div class=\"wp-block-button {border: 2px solid #86C232}\"><a class=\"wp-block-button__link wp-element-button\" href=\"https:\/\/eunita.s.studiumdigitale.uni-frankfurt.de\/it\/join-the-adventure\/\">Unisciti all\u2019avventura<\/a><\/div>\n\n\n\n<div class=\"wp-block-button is-style-outline is-style-outline--1\"><a class=\"wp-block-button__link wp-element-button\" href=\"https:\/\/eunita-app.s.studiumdigitale.uni-frankfurt.de\/register?lang=en\">Registrati qui<\/a><\/div>\n<\/div>\n<\/div>\n\n\n\n<div class=\"wp-block-column is-layout-flow wp-block-column-is-layout-flow\"><div class=\"wp-block-image\">\n<figure class=\"alignright size-full is-resized\"><img decoding=\"async\" src=\"https:\/\/eunita.s.studiumdigitale.uni-frankfurt.de\/wp-content\/uploads\/2025\/09\/eunita3.png\" alt=\"\" class=\"wp-image-515\" style=\"width:472px;height:auto\"\/><\/figure><\/div><\/div>\n<\/div>\n<\/div><\/div>\n\n\n\n<div class=\"wp-block-group alignfull bg-dark callout navbar-dark text-white\"><div class=\"wp-block-group__inner-container is-layout-constrained wp-block-group-is-layout-constrained\">\n<div class=\"wp-block-columns is-layout-flex wp-container-core-columns-is-layout-9d6595d7 wp-block-columns-is-layout-flex\">\n<div class=\"wp-block-column callout-block is-layout-flow wp-block-column-is-layout-flow\">\n<h3 class=\"wp-block-heading fs-4\">Perch\u00e9 scegliere EUniTa?<\/h3>\n\n\n\n<p>Incontra persone della comunit\u00e0 accademica di tutta Europa. Metti in pratica le tue competenze linguistiche. Aumenta la tua sicurezza! Fai amicizia oltre i confini \u2013 tutto gratuitamente, in un unico luogo.<\/p>\n<\/div>\n\n\n\n<div class=\"wp-block-column callout-block is-layout-flow wp-block-column-is-layout-flow\">\n<h3 class=\"wp-block-heading fs-4\">Cosa rende EUniTa unica?<\/h3>\n\n\n\n<p>EUniTa non \u00e8 solo una piattaforma \u2013 \u00e8 un movimento. Un luogo dove l\u2019apprendimento linguistico diventa umano, piacevole e globale. Unisciti a una comunit\u00e0 curiosa e ambiziosa come te.<\/p>\n<\/div>\n\n\n\n<div class=\"wp-block-column callout-block is-layout-flow wp-block-column-is-layout-flow\">\n<h3 class=\"wp-block-heading\">Pronto a fare il salto di qualit\u00e0?<\/h3>\n\n\n\n<p>Con EUniTa non impari solo una lingua \u2013 la vivi. Connettiti con studenti reali, condividi conversazioni autentiche e trasforma ogni dialogo in un passo verso i tuoi obiettivi.<\/p>\n<\/div>\n<\/div>\n<\/div><\/div>\n\n\n\n<div class=\"wp-block-group\"><div class=\"wp-block-group__inner-container is-layout-constrained wp-block-group-is-layout-constrained\">\n<div class=\"wp-block-columns py-5 my-5 is-layout-flex wp-container-core-columns-is-layout-9d6595d7 wp-block-columns-is-layout-flex\">\n<div class=\"wp-block-column is-vertically-aligned-center is-layout-flow wp-block-column-is-layout-flow\">\n<h2 class=\"wp-block-heading\">Pronto a unirti a migliaia di studenti in Europa \u2013 e oltre?<\/h2>\n\n\n\n<p>EUniTa \u00e8 la tua porta d\u2019accesso a conversazioni autentiche, amicizie significative e competenze linguistiche solide. Connettiti con studenti affini delle universit\u00e0 partner in Europa e Brasile. Scambia culture, aumenta la tua sicurezza nel parlare, preparati a un semestre all\u2019estero o semplicemente fai nuove amicizie internazionali \u2013 tutto gratuitamente.<\/p>\n<\/div>\n\n\n\n<div class=\"wp-block-column is-layout-flow wp-block-column-is-layout-flow\">\n<figure class=\"wp-block-image size-full\"><img loading=\"lazy\" decoding=\"async\" width=\"2000\" height=\"2000\" src=\"https:\/\/eunita.s.studiumdigitale.uni-frankfurt.de\/it\/wp-content\/uploads\/sites\/22\/2026\/02\/Online-friends-rafiki.png\" alt=\"\" class=\"wp-image-3166\" srcset=\"https:\/\/eunita.s.studiumdigitale.uni-frankfurt.de\/it\/wp-content\/uploads\/sites\/22\/2026\/02\/Online-friends-rafiki.png 2000w, https:\/\/eunita.s.studiumdigitale.uni-frankfurt.de\/it\/wp-content\/uploads\/sites\/22\/2026\/02\/Online-friends-rafiki-300x300.png 300w, https:\/\/eunita.s.studiumdigitale.uni-frankfurt.de\/it\/wp-content\/uploads\/sites\/22\/2026\/02\/Online-friends-rafiki-1024x1024.png 1024w, https:\/\/eunita.s.studiumdigitale.uni-frankfurt.de\/it\/wp-content\/uploads\/sites\/22\/2026\/02\/Online-friends-rafiki-150x150.png 150w, https:\/\/eunita.s.studiumdigitale.uni-frankfurt.de\/it\/wp-content\/uploads\/sites\/22\/2026\/02\/Online-friends-rafiki-768x768.png 768w, https:\/\/eunita.s.studiumdigitale.uni-frankfurt.de\/it\/wp-content\/uploads\/sites\/22\/2026\/02\/Online-friends-rafiki-1536x1536.png 1536w\" sizes=\"auto, (max-width: 2000px) 100vw, 2000px\" \/><\/figure>\n<\/div>\n<\/div>\n<\/div><\/div>\n\n\n\n<div class=\"wp-block-group\"><div class=\"wp-block-group__inner-container is-layout-constrained wp-block-group-is-layout-constrained\">\n<div class=\"wp-block-columns py-5 my-5 is-layout-flex wp-container-core-columns-is-layout-9d6595d7 wp-block-columns-is-layout-flex\">\n<div class=\"wp-block-column is-layout-flow wp-block-column-is-layout-flow\">\n<figure class=\"wp-block-image size-full is-style-default\"><img loading=\"lazy\" decoding=\"async\" width=\"2000\" height=\"2000\" src=\"https:\/\/eunita.s.studiumdigitale.uni-frankfurt.de\/it\/wp-content\/uploads\/sites\/22\/2026\/02\/Connected-rafiki.png\" alt=\"\" class=\"wp-image-3167\" srcset=\"https:\/\/eunita.s.studiumdigitale.uni-frankfurt.de\/it\/wp-content\/uploads\/sites\/22\/2026\/02\/Connected-rafiki.png 2000w, https:\/\/eunita.s.studiumdigitale.uni-frankfurt.de\/it\/wp-content\/uploads\/sites\/22\/2026\/02\/Connected-rafiki-300x300.png 300w, https:\/\/eunita.s.studiumdigitale.uni-frankfurt.de\/it\/wp-content\/uploads\/sites\/22\/2026\/02\/Connected-rafiki-1024x1024.png 1024w, https:\/\/eunita.s.studiumdigitale.uni-frankfurt.de\/it\/wp-content\/uploads\/sites\/22\/2026\/02\/Connected-rafiki-150x150.png 150w, https:\/\/eunita.s.studiumdigitale.uni-frankfurt.de\/it\/wp-content\/uploads\/sites\/22\/2026\/02\/Connected-rafiki-768x768.png 768w, https:\/\/eunita.s.studiumdigitale.uni-frankfurt.de\/it\/wp-content\/uploads\/sites\/22\/2026\/02\/Connected-rafiki-1536x1536.png 1536w\" sizes=\"auto, (max-width: 2000px) 100vw, 2000px\" \/><\/figure>\n<\/div>\n\n\n\n<div class=\"wp-block-column is-vertically-aligned-center is-layout-flow wp-block-column-is-layout-flow\">\n<h2 class=\"wp-block-heading\">Semplice. Sicuro. Solo per studenti e personale.<\/h2>\n\n\n\n<p>EUniTa \u00e8 riservata esclusivamente a studenti e personale delle universit\u00e0 partner, garantendo un ambiente sicuro e accogliente per ogni percorso di apprendimento in tandem. Verifichiamo rigorosamente tutti gli indirizzi email universitari e operiamo in piena conformit\u00e0 con il GDPR (Regolamento generale sulla protezione dei dati). I tuoi dati sono protetti, la tua privacy \u00e8 importante e la tua esperienza di tandem \u00e8 sempre sicura.<\/p>\n\n\n\n<div class=\"wp-block-buttons is-content-justification-right is-layout-flex wp-container-core-buttons-is-layout-765c4724 wp-block-buttons-is-layout-flex\">\n<div class=\"wp-block-button is-style-fill\"><a class=\"wp-block-button__link wp-element-button\" href=\"https:\/\/eunita.s.studiumdigitale.uni-frankfurt.de\/privacy-policy\/\">Scopri di pi\u00f9<\/a><\/div>\n<\/div>\n<\/div>\n<\/div>\n<\/div><\/div>\n\n\n\n<div class=\"wp-block-group alignwide our-partners\"><div class=\"wp-block-group__inner-container is-layout-constrained wp-block-group-is-layout-constrained\">\n<h1 class=\"wp-block-heading alignwide has-text-align-center\">Le nostre universit\u00e0 partner<\/h1>\n\n\n\n<p class=\"has-text-align-center\">Insieme per connettere studenti in tutto il mondo<\/p>\n\n\n\n<div class=\"wp-block-columns is-layout-flex wp-container-core-columns-is-layout-9d6595d7 wp-block-columns-is-layout-flex\">\n<div class=\"wp-block-column is-layout-flow wp-block-column-is-layout-flow\"><\/div>\n\n\n\n<div class=\"wp-block-column is-layout-flow wp-block-column-is-layout-flow\"><\/div>\n\n\n\n<div class=\"wp-block-column is-layout-flow wp-block-column-is-layout-flow\"><\/div>\n<\/div>\n\n\n\n<div class=\"wp-block-group\"><div class=\"wp-block-group__inner-container is-layout-constrained wp-block-group-is-layout-constrained\">\n<div class=\"wp-block-columns is-layout-flex wp-container-core-columns-is-layout-9d6595d7 wp-block-columns-is-layout-flex\">\n<div class=\"wp-block-column is-layout-flow wp-block-column-is-layout-flow\">\n<h4 class=\"wp-block-heading\">Universitat Ramon Llull Barcellona<\/h4>\n\n\n\n<figure class=\"wp-block-image alignfull size-full\"><img decoding=\"async\" src=\"https:\/\/eunita.s.studiumdigitale.uni-frankfurt.de\/wp-content\/uploads\/2025\/08\/Universitat-Ramon-Llull-Barcelona.png\" alt=\"\" class=\"wp-image-448\"\/><\/figure>\n<\/div>\n\n\n\n<div class=\"wp-block-column is-layout-flow wp-block-column-is-layout-flow\">\n<h4 class=\"wp-block-heading\">Goethe Universit\u00e4t Francoforte<\/h4>\n\n\n\n<figure class=\"wp-block-image size-full\"><img decoding=\"async\" src=\"https:\/\/eunita.s.studiumdigitale.uni-frankfurt.de\/wp-content\/uploads\/2025\/08\/Goethe-University-Frankfurt.png\" alt=\"\" class=\"wp-image-449\"\/><\/figure>\n<\/div>\n\n\n\n<div class=\"wp-block-column is-layout-flow wp-block-column-is-layout-flow\">\n<h4 class=\"wp-block-heading\">Universit\u00e9 Panth\u00e9on-Sorbonne<\/h4>\n\n\n\n<figure class=\"wp-block-image size-full\"><img decoding=\"async\" src=\"https:\/\/eunita.s.studiumdigitale.uni-frankfurt.de\/wp-content\/uploads\/2025\/08\/Pantheon-Sorbonne-University.png\" alt=\"\" class=\"wp-image-451\"\/><\/figure>\n<\/div>\n<\/div>\n\n\n\n<div class=\"wp-block-columns is-layout-flex wp-container-core-columns-is-layout-9d6595d7 wp-block-columns-is-layout-flex\">\n<div class=\"wp-block-column is-layout-flow wp-block-column-is-layout-flow\">\n<h4 class=\"wp-block-heading\">Universit\u00e0 di Firenze<\/h4>\n\n\n\n<figure class=\"wp-block-image size-full\"><img decoding=\"async\" src=\"https:\/\/eunita.s.studiumdigitale.uni-frankfurt.de\/wp-content\/uploads\/2025\/08\/University-of-Florence.jpg\" alt=\"\" class=\"wp-image-453\"\/><\/figure>\n<\/div>\n\n\n\n<div class=\"wp-block-column is-layout-flow wp-block-column-is-layout-flow\">\n<h4 class=\"wp-block-heading\">University of Exeter<\/h4>\n\n\n\n<figure class=\"wp-block-image size-full\"><img decoding=\"async\" src=\"https:\/\/eunita.s.studiumdigitale.uni-frankfurt.de\/wp-content\/uploads\/2025\/08\/University-of-Exeter.jpg\" alt=\"\" class=\"wp-image-459\"\/><\/figure>\n<\/div>\n\n\n\n<div class=\"wp-block-column is-layout-flow wp-block-column-is-layout-flow\">\n<h4 class=\"wp-block-heading\">University of Liverpool<\/h4>\n\n\n\n<figure class=\"wp-block-image size-full\"><img decoding=\"async\" src=\"https:\/\/eunita.s.studiumdigitale.uni-frankfurt.de\/wp-content\/uploads\/2025\/08\/University-of-Liverpool.png\" alt=\"\" class=\"wp-image-461\"\/><\/figure>\n<\/div>\n<\/div>\n\n\n\n<div class=\"wp-block-columns is-layout-flex wp-container-core-columns-is-layout-9d6595d7 wp-block-columns-is-layout-flex\">\n<div class=\"wp-block-column is-layout-flow wp-block-column-is-layout-flow\">\n<h4 class=\"wp-block-heading\">Universit\u00e9 de Poitiers<\/h4>\n\n\n\n<figure class=\"wp-block-image size-full\"><img decoding=\"async\" src=\"https:\/\/eunita.s.studiumdigitale.uni-frankfurt.de\/wp-content\/uploads\/2025\/08\/University-of-Poitiers.png\" alt=\"\" class=\"wp-image-465\"\/><\/figure>\n<\/div>\n\n\n\n<div class=\"wp-block-column is-layout-flow wp-block-column-is-layout-flow\">\n<h4 class=\"wp-block-heading\">University School of Tourism Barcellona<\/h4>\n\n\n<div class=\"wp-block-image\">\n<figure class=\"aligncenter size-full\"><img decoding=\"async\" src=\"https:\/\/eunita.s.studiumdigitale.uni-frankfurt.de\/wp-content\/uploads\/2025\/08\/University-School-of-Tourism-Barcelona.png\" alt=\"\" class=\"wp-image-466\"\/><\/figure><\/div><\/div>\n\n\n\n<div class=\"wp-block-column is-layout-flow wp-block-column-is-layout-flow\">\n<h4 class=\"wp-block-heading\">Universidade Federal do Cear\u00e1<\/h4>\n\n\n\n<figure class=\"wp-block-image alignwide size-full\"><img decoding=\"async\" src=\"https:\/\/eunita.s.studiumdigitale.uni-frankfurt.de\/wp-content\/uploads\/2025\/08\/Federal-University-of-Ceara.jpg\" alt=\"\" class=\"wp-image-470\"\/><\/figure>\n<\/div>\n<\/div>\n\n\n\n<div class=\"wp-block-columns is-layout-flex wp-container-core-columns-is-layout-9d6595d7 wp-block-columns-is-layout-flex\">\n<div class=\"wp-block-column is-layout-flow wp-block-column-is-layout-flow\">\n<h4 class=\"wp-block-heading\">Frankfurt University of Applied Sciences<\/h4>\n\n\n<div class=\"wp-block-image\">\n<figure class=\"aligncenter size-full is-resized\"><img decoding=\"async\" src=\"https:\/\/eunita.s.studiumdigitale.uni-frankfurt.de\/wp-content\/uploads\/2025\/08\/Frankfurt-University-of-Applied-Sciences.jpg\" alt=\"\" class=\"wp-image-472\" style=\"width:395px;height:auto\"\/><\/figure><\/div><\/div>\n\n\n\n<div class=\"wp-block-column is-layout-flow wp-block-column-is-layout-flow\">\n<h4 class=\"wp-block-heading\">Fondazione Pere Tarr\u00e9s<\/h4>\n\n\n<div class=\"wp-block-image\">\n<figure class=\"aligncenter size-full\"><img decoding=\"async\" src=\"https:\/\/eunita.s.studiumdigitale.uni-frankfurt.de\/wp-content\/uploads\/2025\/08\/The-Pere-Tarres-Foundation.jpg\" alt=\"\" class=\"wp-image-474\"\/><\/figure><\/div><\/div>\n<\/div>\n<\/div><\/div>\n<\/div><\/div>\n\n\n\n<p><\/p>\n","protected":false},"excerpt":{"rendered":"<p>EUROPEAN UNIVERSITY TANDEM Parla con il mondo. Trova la tua comunit\u00e0. Unisciti alla vivace rete studentesca di EUniTa e scopri la potenza delle lingue attraverso uno scambio autentico e personale. Condividi lingue, culture e sogni \u2013 e trasforma il tuo percorso di apprendimento, gratuitamente! Perch\u00e9 scegliere EUniTa? Incontra persone della comunit\u00e0 accademica di tutta Europa. [&hellip;]<\/p>\n","protected":false},"author":3,"featured_media":0,"parent":0,"menu_order":0,"comment_status":"closed","ping_status":"closed","template":"","meta":{"footnotes":""},"class_list":["post-199","page","type-page","status-publish","hentry"],"_links":{"self":[{"href":"https:\/\/eunita.s.studiumdigitale.uni-frankfurt.de\/it\/wp-json\/wp\/v2\/pages\/199","targetHints":{"allow":["GET"]}}],"collection":[{"href":"https:\/\/eunita.s.studiumdigitale.uni-frankfurt.de\/it\/wp-json\/wp\/v2\/pages"}],"about":[{"href":"https:\/\/eunita.s.studiumdigitale.uni-frankfurt.de\/it\/wp-json\/wp\/v2\/types\/page"}],"author":[{"embeddable":true,"href":"https:\/\/eunita.s.studiumdigitale.uni-frankfurt.de\/it\/wp-json\/wp\/v2\/users\/3"}],"replies":[{"embeddable":true,"href":"https:\/\/eunita.s.studiumdigitale.uni-frankfurt.de\/it\/wp-json\/wp\/v2\/comments?post=199"}],"version-history":[{"count":7,"href":"https:\/\/eunita.s.studiumdigitale.uni-frankfurt.de\/it\/wp-json\/wp\/v2\/pages\/199\/revisions"}],"predecessor-version":[{"id":3168,"href":"https:\/\/eunita.s.studiumdigitale.uni-frankfurt.de\/it\/wp-json\/wp\/v2\/pages\/199\/revisions\/3168"}],"wp:attachment":[{"href":"https:\/\/eunita.s.studiumdigitale.uni-frankfurt.de\/it\/wp-json\/wp\/v2\/media?parent=199"}],"curies":[{"name":"wp","href":"https:\/\/api.w.org\/{rel}","templated":true}]}}