{"id":363,"date":"2025-08-29T17:43:47","date_gmt":"2025-08-29T15:43:47","guid":{"rendered":"https:\/\/eunita.s.studiumdigitale.uni-frankfurt.de\/?page_id=363"},"modified":"2025-11-02T13:48:34","modified_gmt":"2025-11-02T12:48:34","slug":"impressum","status":"publish","type":"page","link":"https:\/\/eunita.s.studiumdigitale.uni-frankfurt.de\/it\/impressum\/","title":{"rendered":"Impressum"},"content":{"rendered":"\n<p><em>Identificazione del fornitore ai sensi dell\u2019art. 5 TMG e dell\u2019art. 18(2) MStV<\/em><br>Aggiornato il: 29 agosto 2025<\/p>\n\n\n\n<p><strong>Fornitore del servizio \/ Gestore del sito web e dell\u2019app EUniTa<\/strong><br>Goethe-Universit\u00e4t Frankfurt am Main<br>Theodor-W.-Adorno-Platz 1<br>60323 Francoforte sul Meno<br>Germania<\/p>\n\n\n\n<p><strong>Forma giuridica<\/strong><br>Ente di diritto pubblico<\/p>\n\n\n\n<p><strong>Rappresentante autorizzato<\/strong><br>Rappresentata dal\/la Presidente.<\/p>\n\n\n\n<p><strong>Contatto<\/strong><br>Supporto amministrativo: studiumdigitale \u2013 Centro per l\u2019eLearning<br>Eschersheimer Landstr. 155\/157, 60323 Francoforte sul Meno, Germania<br>Telefono: +49 69 798-22198<br>Email: <a>info[at]studiumdigitale.uni-frankfurt.de<\/a><br><a href=\"https:\/\/eunita.s.studiumdigitale.uni-frankfurt.de\/contact-us\/\" data-type=\"page\" data-id=\"290\">Modulo di contatto<\/a><\/p>\n\n\n\n<p><strong>Responsabilit\u00e0 editoriale ai sensi dell\u2019art. 18(2) MStV<\/strong><br>Dott.ssa Maria Kopp-Kavermann<br>Centro internazionale di studi e lingue (ISZ), Lingue straniere<\/p>\n\n\n\n<p><span style=\"font-size: revert\">Johann Wolfgang Goethe-Universit\u00e4t<\/span><\/p>\n\n\n\n<p>Theodor-W.-Adorno-Platz 1<br>D-60323 Francoforte sul Meno<br>Telefono: +49 69 798-23757<br>Email: kopp-kavermann[at]em.uni-frankfurt.de<\/p>\n\n\n\n<p><br><strong>Autorit\u00e0 di vigilanza<\/strong><br>Ministero dell\u2019Istruzione Superiore, della Scienza e delle Arti dell\u2019Assia (HMWK)<\/p>\n\n\n\n<p><\/p>\n\n\n\n<p><strong><a href=\"https:\/\/eunita.s.studiumdigitale.uni-frankfurt.de\/terms-of-use\/\" data-type=\"page\" data-id=\"302\">Condizioni d\u2019uso<\/a><\/strong><br><a href=\"https:\/\/eunita.s.studiumdigitale.uni-frankfurt.de\/privacy-policy\/\" data-type=\"page\" data-id=\"300\"><strong>Informativa sulla privacy<\/strong><\/a><br><strong><a href=\"https:\/\/eunita.s.studiumdigitale.uni-frankfurt.de\/cookie-policy\/\" data-type=\"page\" data-id=\"318\">Politica sui cookie<\/a><\/strong><br>Responsabile della protezione dei dati: <a>dsb[at]uni-frankfurt.de<\/a><\/p>\n\n\n\n<p><\/p>\n\n\n\n<p><strong>Responsabilit\u00e0 per i contenuti<\/strong><br>Ai sensi dell\u2019art. 7(1) TMG, la Goethe-Universit\u00e4t \u00e8 responsabile dei contenuti presenti su queste pagine. Secondo gli artt. 8\u201310 TMG, non vi \u00e8 alcun obbligo di monitorare informazioni di terzi trasmesse o memorizzate, n\u00e9 di cercare circostanze che indichino attivit\u00e0 illecite. Gli obblighi di rimozione o di blocco dell\u2019uso di informazioni secondo la legislazione generale restano invariati. La responsabilit\u00e0 \u00e8 possibile solo a partire dal momento in cui si viene a conoscenza di una specifica violazione. In caso di segnalazioni di violazioni, tali contenuti verranno immediatamente rimossi.<\/p>\n\n\n\n<p><strong>Responsabilit\u00e0 per i link<\/strong><br>Questo sito contiene collegamenti a siti web esterni di terzi. I fornitori di tali siti sono gli unici responsabili dei loro contenuti. Al momento della creazione dei link non erano riconoscibili contenuti illegali. In caso di segnalazione di violazioni, tali link verranno rimossi senza indugio.<\/p>\n\n\n\n<p><strong>Diritto d\u2019autore<\/strong><br>Salvo diversa indicazione, i materiali didattici presenti su questo sito sono concessi in licenza con <strong>CC BY-NC-ND 4.0<\/strong>. Attribuzione richiesta: \u201cEUniTa App, Goethe-Universit\u00e4t Frankfurt am Main\u201d e gli autori corrispondenti. Nessuna modifica. Nessun uso commerciale. I contenuti di terzi sono contrassegnati e soggetti ai rispettivi termini.<\/p>\n\n\n\n<p><strong>Risoluzione online delle controversie e ADR per i consumatori<\/strong><br>Piattaforma europea per la risoluzione online delle controversie: <a href=\"https:\/\/ec.europa.eu\/consumers\/odr?utm_source=chatgpt.com\">https:\/\/ec.europa.eu\/consumers\/odr<\/a><br>La Goethe-Universit\u00e4t non \u00e8 obbligata n\u00e9 disposta a partecipare a una procedura di risoluzione delle controversie davanti a un collegio arbitrale per i consumatori.<\/p>\n\n\n\n<p><\/p>\n","protected":false},"excerpt":{"rendered":"<p>Identificazione del fornitore ai sensi dell\u2019art. 5 TMG e dell\u2019art. 18(2) MStVAggiornato il: 29 agosto 2025 Fornitore del servizio \/ Gestore del sito web e dell\u2019app EUniTaGoethe-Universit\u00e4t Frankfurt am MainTheodor-W.-Adorno-Platz 160323 Francoforte sul MenoGermania Forma giuridicaEnte di diritto pubblico Rappresentante autorizzatoRappresentata dal\/la Presidente. ContattoSupporto amministrativo: studiumdigitale \u2013 Centro per l\u2019eLearningEschersheimer Landstr. 155\/157, 60323 Francoforte sul [&hellip;]<\/p>\n","protected":false},"author":3,"featured_media":0,"parent":0,"menu_order":0,"comment_status":"closed","ping_status":"closed","template":"","meta":{"footnotes":""},"class_list":["post-363","page","type-page","status-publish","hentry"],"_links":{"self":[{"href":"https:\/\/eunita.s.studiumdigitale.uni-frankfurt.de\/it\/wp-json\/wp\/v2\/pages\/363","targetHints":{"allow":["GET"]}}],"collection":[{"href":"https:\/\/eunita.s.studiumdigitale.uni-frankfurt.de\/it\/wp-json\/wp\/v2\/pages"}],"about":[{"href":"https:\/\/eunita.s.studiumdigitale.uni-frankfurt.de\/it\/wp-json\/wp\/v2\/types\/page"}],"author":[{"embeddable":true,"href":"https:\/\/eunita.s.studiumdigitale.uni-frankfurt.de\/it\/wp-json\/wp\/v2\/users\/3"}],"replies":[{"embeddable":true,"href":"https:\/\/eunita.s.studiumdigitale.uni-frankfurt.de\/it\/wp-json\/wp\/v2\/comments?post=363"}],"version-history":[{"count":6,"href":"https:\/\/eunita.s.studiumdigitale.uni-frankfurt.de\/it\/wp-json\/wp\/v2\/pages\/363\/revisions"}],"predecessor-version":[{"id":3152,"href":"https:\/\/eunita.s.studiumdigitale.uni-frankfurt.de\/it\/wp-json\/wp\/v2\/pages\/363\/revisions\/3152"}],"wp:attachment":[{"href":"https:\/\/eunita.s.studiumdigitale.uni-frankfurt.de\/it\/wp-json\/wp\/v2\/media?parent=363"}],"curies":[{"name":"wp","href":"https:\/\/api.w.org\/{rel}","templated":true}]}}