{"id":546,"date":"2025-09-11T11:25:14","date_gmt":"2025-09-11T09:25:14","guid":{"rendered":"https:\/\/eunita.s.studiumdigitale.uni-frankfurt.de\/?page_id=546"},"modified":"2025-11-02T14:03:09","modified_gmt":"2025-11-02T13:03:09","slug":"join-the-adventure","status":"publish","type":"page","link":"https:\/\/eunita.s.studiumdigitale.uni-frankfurt.de\/it\/join-the-adventure\/","title":{"rendered":"Unisciti all\u2019avventura"},"content":{"rendered":"\n<p><\/p>\n\n\n\n<h2 class=\"wp-block-heading\">EUniTa &#8211; <strong>Molto pi\u00f9 di una semplice piattaforma di apprendimento<\/strong><\/h2>\n\n\n\n<p>EUniTa \u00e8 un movimento dedicato alla connessione personale e al piacere di imparare le lingue. Crediamo che l\u2019apprendimento linguistico debba essere un\u2019esperienza piacevole, basata su interazioni autentiche. EUniTa \u00e8 una rete di tandem linguistici verificata dalle universit\u00e0, che collega studenti e personale accademico di universit\u00e0 partner in Europa e in Brasile per conversazioni autentiche, scambi culturali e sviluppo linguistico sostenibile. Entra in contatto con appassionati di lingue che condividono i tuoi interessi. Crea amicizie che superano i confini geografici.<\/p>\n\n\n\n<p>EUniTa \u00e8 una <strong>comunit\u00e0 di persone affini<\/strong>: unisciti a una rete di individui curiosi e ambiziosi, desiderosi di imparare e crescere. Condividi il tuo percorso, mettiti alla prova e celebra i successi insieme agli altri.<\/p>\n\n\n\n<h2 class=\"wp-block-heading\">Perch\u00e9 partecipare?<\/h2>\n\n\n\n<p>EUniTa offre una piattaforma accogliente per incontrare nuove persone, condividere culture e costruire relazioni internazionali, tutto gratuitamente. Metti alla prova le tue competenze linguistiche in situazioni reali! Attraverso interazioni significative, acquisirai fiducia e scioltezza, rendendo l\u2019apprendimento pi\u00f9 pratico e piacevole.<\/p>\n\n\n\n<p>Costruisci una vera sicurezza nel parlare<strong>:<\/strong> incontra un partner che studia la tua lingua e che ti aiuta a praticare la sua.<\/p>\n\n\n\n<p>Preparati alla mobilit\u00e0: usa EUniTa per prepararti a un semestre di scambio o di soggiorno di studio, a un tirocinio o a un soggiorno di ricerca.<\/p>\n\n\n\n<p>Impara con un obiettivo: stabilisci traguardi comuni con il tuo partner, monitora i tuoi progressi e rifletti su ci\u00f2 che funziona meglio.<\/p>\n\n\n\n<p>Amplia la tua rete: connettiti con colleghi affini di diverse facolt\u00e0 e paesi.<\/p>\n\n\n\n<h2 class=\"wp-block-heading\"><strong>Chi pu\u00f2 partecipare?<\/strong><\/h2>\n\n\n\n<ul class=\"wp-block-list\">\n<li>Studenti iscritti presso le universit\u00e0 partner di EUniTa<\/li>\n\n\n\n<li>Personale accademico e amministrativo delle istituzioni partner<\/li>\n\n\n\n<li>Apprendenti dal livello principiante al livello avanzato<\/li>\n<\/ul>\n\n\n\n<h2 class=\"wp-block-heading\"><strong>Fai il prossimo passo oggi stesso!<\/strong><\/h2>\n\n\n\n<p>Sei pronto a migliorare le tue competenze linguistiche e a creare connessioni durature? Con EUniTa, ogni conversazione \u00e8 un passo verso i tuoi obiettivi. Unisciti a noi e abbraccia il mondo delle lingue! Ecco come funziona:<\/p>\n\n\n\n<ul class=\"wp-block-list\">\n<li>Crea il tuo profilo: usa la tua email universitaria per registrarti. Indica le lingue, il livello e gli interessi.<\/li>\n\n\n\n<li>Ricevi un abbinamento: il nostro algoritmo ti collega in base alle lingue, alla disponibilit\u00e0 e agli obiettivi.<\/li>\n\n\n\n<li>Stabilisci gli obiettivi: decidi insieme al tuo partner cosa praticare e come misurare i progressi.<\/li>\n\n\n\n<li>Incontrati regolarmente: online o nel campus. Sessioni brevi e frequenti funzionano meglio.<\/li>\n\n\n\n<li>Rifletti e migliora: usa le nostre schede di supporto per pianificare, monitorare e adattare il tuo apprendimento.<\/li>\n<\/ul>\n\n\n\n<h2 class=\"wp-block-heading\"><strong>Sicurezza e privacy<\/strong><\/h2>\n\n\n\n<ul class=\"wp-block-list\">\n<li>Accesso riservato ad account universitari verificati<\/li>\n\n\n\n<li>Canali chiari di segnalazione e supporto<\/li>\n\n\n\n<li>Minimizzazione dei dati e trattamento sicuro in conformit\u00e0 al GDPR<\/li>\n\n\n\n<li>Controllo completo sulla visibilit\u00e0 del profilo e sulle preferenze di abbinamento<\/li>\n<\/ul>\n\n\n\n<h2 class=\"wp-block-heading\"><strong>Idee per un focus accademico<\/strong><\/h2>\n\n\n\n<p>Usa il tuo tandem per sostenere il lavoro universitario:<\/p>\n\n\n\n<ul class=\"wp-block-list\">\n<li>Discuti letture o argomenti di lezione nella lingua target<\/li>\n\n\n\n<li>Allenati a presentazioni e risposte orali<\/li>\n\n\n\n<li>Scrivi insieme abstract o bozze di email, poi revisionate insieme forma e tono<\/li>\n\n\n\n<li>Confronta convenzioni accademiche e pratiche di citazione tra culture<\/li>\n\n\n\n<li>Scambia feedback su chiarezza, struttura e coerenza del testo<\/li>\n<\/ul>\n\n\n\n<p><\/p>\n\n\n\n<p><\/p>\n","protected":false},"excerpt":{"rendered":"<p>EUniTa &#8211; Molto pi\u00f9 di una semplice piattaforma di apprendimento EUniTa \u00e8 un movimento dedicato alla connessione personale e al piacere di imparare le lingue. Crediamo che l\u2019apprendimento linguistico debba essere un\u2019esperienza piacevole, basata su interazioni autentiche. EUniTa \u00e8 una rete di tandem linguistici verificata dalle universit\u00e0, che collega studenti e personale accademico di universit\u00e0 [&hellip;]<\/p>\n","protected":false},"author":3,"featured_media":0,"parent":0,"menu_order":0,"comment_status":"closed","ping_status":"closed","template":"","meta":{"footnotes":""},"class_list":["post-546","page","type-page","status-publish","hentry"],"_links":{"self":[{"href":"https:\/\/eunita.s.studiumdigitale.uni-frankfurt.de\/it\/wp-json\/wp\/v2\/pages\/546","targetHints":{"allow":["GET"]}}],"collection":[{"href":"https:\/\/eunita.s.studiumdigitale.uni-frankfurt.de\/it\/wp-json\/wp\/v2\/pages"}],"about":[{"href":"https:\/\/eunita.s.studiumdigitale.uni-frankfurt.de\/it\/wp-json\/wp\/v2\/types\/page"}],"author":[{"embeddable":true,"href":"https:\/\/eunita.s.studiumdigitale.uni-frankfurt.de\/it\/wp-json\/wp\/v2\/users\/3"}],"replies":[{"embeddable":true,"href":"https:\/\/eunita.s.studiumdigitale.uni-frankfurt.de\/it\/wp-json\/wp\/v2\/comments?post=546"}],"version-history":[{"count":6,"href":"https:\/\/eunita.s.studiumdigitale.uni-frankfurt.de\/it\/wp-json\/wp\/v2\/pages\/546\/revisions"}],"predecessor-version":[{"id":3162,"href":"https:\/\/eunita.s.studiumdigitale.uni-frankfurt.de\/it\/wp-json\/wp\/v2\/pages\/546\/revisions\/3162"}],"wp:attachment":[{"href":"https:\/\/eunita.s.studiumdigitale.uni-frankfurt.de\/it\/wp-json\/wp\/v2\/media?parent=546"}],"curies":[{"name":"wp","href":"https:\/\/api.w.org\/{rel}","templated":true}]}}