{"id":199,"date":"2025-05-07T13:24:38","date_gmt":"2025-05-07T11:24:38","guid":{"rendered":"https:\/\/eunita.s.studiumdigitale.uni-frankfurt.de\/?page_id=199"},"modified":"2026-02-11T15:15:07","modified_gmt":"2026-02-11T14:15:07","slug":"startseite","status":"publish","type":"page","link":"https:\/\/eunita.s.studiumdigitale.uni-frankfurt.de\/pt\/","title":{"rendered":"Homepage PT"},"content":{"rendered":"\n<div class=\"wp-block-group\"><div class=\"wp-block-group__inner-container is-layout-constrained wp-block-group-is-layout-constrained\">\n<div class=\"wp-block-columns py-5 my-5 is-layout-flex wp-container-core-columns-is-layout-9d6595d7 wp-block-columns-is-layout-flex\">\n<div class=\"wp-block-column is-layout-flow wp-block-column-is-layout-flow\">\n<p><strong>EUROPEAN UNIVERSITY TANDEM<\/strong><\/p>\n\n\n\n<h1 class=\"wp-block-heading\">Fale o Mundo. Encontre Sua Comunidade.<\/h1>\n\n\n\n<p>Junte-se \u00e0 vibrante rede de estudantes do EUniTa e experimente o poder das l\u00ednguas por meio de trocas aut\u00eanticas e pessoais. Compartilhe idiomas, culturas e sonhos \u2014 e transforme sua jornada de aprendizagem, gratuitamente!<\/p>\n\n\n\n<div class=\"wp-block-buttons is-content-justification-left is-layout-flex wp-container-core-buttons-is-layout-fdcfc74e wp-block-buttons-is-layout-flex\">\n<div class=\"wp-block-button {border: 2px solid #86C232}\"><a class=\"wp-block-button__link wp-element-button\" href=\"https:\/\/eunita.s.studiumdigitale.uni-frankfurt.de\/pt\/join-the-adventure\/\">Junte-se \u00e0 Aventura<\/a><\/div>\n\n\n\n<div class=\"wp-block-button is-style-outline is-style-outline--1\"><a class=\"wp-block-button__link wp-element-button\" href=\"https:\/\/eunita-app.s.studiumdigitale.uni-frankfurt.de\/register?lang=en\">Cadastre-se Aqui<\/a><\/div>\n<\/div>\n<\/div>\n\n\n\n<div class=\"wp-block-column is-layout-flow wp-block-column-is-layout-flow\"><div class=\"wp-block-image\">\n<figure class=\"alignright size-full is-resized\"><img decoding=\"async\" src=\"https:\/\/eunita.s.studiumdigitale.uni-frankfurt.de\/wp-content\/uploads\/2025\/09\/eunita3.png\" alt=\"Estudantes conversando em tandem\" class=\"wp-image-515\" style=\"width:472px;height:auto\"\/><\/figure><\/div><\/div>\n<\/div>\n<\/div><\/div>\n\n\n\n<div class=\"wp-block-group alignfull bg-dark callout navbar-dark text-white\"><div class=\"wp-block-group__inner-container is-layout-constrained wp-block-group-is-layout-constrained\">\n<div class=\"wp-block-columns is-layout-flex wp-container-core-columns-is-layout-9d6595d7 wp-block-columns-is-layout-flex\">\n<div class=\"wp-block-column callout-block is-layout-flow wp-block-column-is-layout-flow\">\n<h3 class=\"wp-block-heading fs-4\">Por que o EUniTa?<\/h3>\n\n\n\n<p>Conhe\u00e7a pessoas da comunidade acad\u00eamica em toda a Europa. Coloque suas habilidades lingu\u00edsticas em pr\u00e1tica. Ganhe confian\u00e7a! Fa\u00e7a amizades al\u00e9m das fronteiras \u2014 tudo gratuitamente, em um s\u00f3 lugar.<\/p>\n<\/div>\n\n\n\n<div class=\"wp-block-column callout-block is-layout-flow wp-block-column-is-layout-flow\">\n<h3 class=\"wp-block-heading fs-4\">O que torna o EUniTa \u00fanico?<\/h3>\n\n\n\n<p>O EUniTa n\u00e3o \u00e9 apenas uma plataforma \u2014 \u00e9 um movimento. Um espa\u00e7o onde o aprendizado de idiomas se torna humano, alegre e global. Junte-se a uma comunidade t\u00e3o curiosa e ambiciosa quanto voc\u00ea.<\/p>\n<\/div>\n\n\n\n<div class=\"wp-block-column callout-block is-layout-flow wp-block-column-is-layout-flow\">\n<h3 class=\"wp-block-heading\">Pronto para evoluir?<\/h3>\n\n\n\n<p>Com o EUniTa, voc\u00ea n\u00e3o apenas aprende um idioma \u2014 voc\u00ea o vive. Conecte-se com estudantes reais, compartilhe conversas aut\u00eanticas e transforme cada encontro em um passo em dire\u00e7\u00e3o aos seus sonhos.<\/p>\n<\/div>\n<\/div>\n<\/div><\/div>\n\n\n\n<div class=\"wp-block-group\"><div class=\"wp-block-group__inner-container is-layout-constrained wp-block-group-is-layout-constrained\">\n<div class=\"wp-block-columns py-5 my-5 is-layout-flex wp-container-core-columns-is-layout-9d6595d7 wp-block-columns-is-layout-flex\">\n<div class=\"wp-block-column is-vertically-aligned-center is-layout-flow wp-block-column-is-layout-flow\">\n<h2 class=\"wp-block-heading\">Pronto para se juntar a milhares de estudantes em toda a Europa \u2014 e al\u00e9m?<\/h2>\n\n\n\n<p>O EUniTa \u00e9 o seu portal para conversas aut\u00eanticas, amizades significativas e habilidades lingu\u00edsticas poderosas. Conecte-se com estudantes de universidades parceiras em toda a Europa e no Brasil. Troque culturas, aumente sua confian\u00e7a ao falar, prepare-se para um interc\u00e2mbio ou simplesmente fa\u00e7a novas amizades internacionais \u2014 tudo gratuitamente.<\/p>\n<\/div>\n\n\n\n<div class=\"wp-block-column is-layout-flow wp-block-column-is-layout-flow\">\n<figure class=\"wp-block-image size-full\"><img loading=\"lazy\" decoding=\"async\" width=\"2000\" height=\"2000\" src=\"https:\/\/eunita.s.studiumdigitale.uni-frankfurt.de\/pt\/wp-content\/uploads\/sites\/23\/2026\/02\/Online-friends-rafiki.png\" alt=\"\" class=\"wp-image-3139\" srcset=\"https:\/\/eunita.s.studiumdigitale.uni-frankfurt.de\/pt\/wp-content\/uploads\/sites\/23\/2026\/02\/Online-friends-rafiki.png 2000w, https:\/\/eunita.s.studiumdigitale.uni-frankfurt.de\/pt\/wp-content\/uploads\/sites\/23\/2026\/02\/Online-friends-rafiki-300x300.png 300w, https:\/\/eunita.s.studiumdigitale.uni-frankfurt.de\/pt\/wp-content\/uploads\/sites\/23\/2026\/02\/Online-friends-rafiki-1024x1024.png 1024w, https:\/\/eunita.s.studiumdigitale.uni-frankfurt.de\/pt\/wp-content\/uploads\/sites\/23\/2026\/02\/Online-friends-rafiki-150x150.png 150w, https:\/\/eunita.s.studiumdigitale.uni-frankfurt.de\/pt\/wp-content\/uploads\/sites\/23\/2026\/02\/Online-friends-rafiki-768x768.png 768w, https:\/\/eunita.s.studiumdigitale.uni-frankfurt.de\/pt\/wp-content\/uploads\/sites\/23\/2026\/02\/Online-friends-rafiki-1536x1536.png 1536w\" sizes=\"auto, (max-width: 2000px) 100vw, 2000px\" \/><\/figure>\n<\/div>\n<\/div>\n<\/div><\/div>\n\n\n\n<div class=\"wp-block-group\"><div class=\"wp-block-group__inner-container is-layout-constrained wp-block-group-is-layout-constrained\">\n<div class=\"wp-block-columns py-5 my-5 is-layout-flex wp-container-core-columns-is-layout-9d6595d7 wp-block-columns-is-layout-flex\">\n<div class=\"wp-block-column is-layout-flow wp-block-column-is-layout-flow\">\n<figure class=\"wp-block-image size-full is-style-default\"><img loading=\"lazy\" decoding=\"async\" width=\"2000\" height=\"2000\" src=\"https:\/\/eunita.s.studiumdigitale.uni-frankfurt.de\/pt\/wp-content\/uploads\/sites\/23\/2026\/02\/Connected-rafiki.png\" alt=\"\" class=\"wp-image-3138\" srcset=\"https:\/\/eunita.s.studiumdigitale.uni-frankfurt.de\/pt\/wp-content\/uploads\/sites\/23\/2026\/02\/Connected-rafiki.png 2000w, https:\/\/eunita.s.studiumdigitale.uni-frankfurt.de\/pt\/wp-content\/uploads\/sites\/23\/2026\/02\/Connected-rafiki-300x300.png 300w, https:\/\/eunita.s.studiumdigitale.uni-frankfurt.de\/pt\/wp-content\/uploads\/sites\/23\/2026\/02\/Connected-rafiki-1024x1024.png 1024w, https:\/\/eunita.s.studiumdigitale.uni-frankfurt.de\/pt\/wp-content\/uploads\/sites\/23\/2026\/02\/Connected-rafiki-150x150.png 150w, https:\/\/eunita.s.studiumdigitale.uni-frankfurt.de\/pt\/wp-content\/uploads\/sites\/23\/2026\/02\/Connected-rafiki-768x768.png 768w, https:\/\/eunita.s.studiumdigitale.uni-frankfurt.de\/pt\/wp-content\/uploads\/sites\/23\/2026\/02\/Connected-rafiki-1536x1536.png 1536w\" sizes=\"auto, (max-width: 2000px) 100vw, 2000px\" \/><\/figure>\n<\/div>\n\n\n\n<div class=\"wp-block-column is-vertically-aligned-center is-layout-flow wp-block-column-is-layout-flow\">\n<h2 class=\"wp-block-heading\">Simples. Seguro. Exclusivo para Estudantes e Funcion\u00e1rios.<\/h2>\n\n\n\n<p>O EUniTa \u00e9 exclusivamente voltado para estudantes e funcion\u00e1rios de universidades parceiras, garantindo um ambiente seguro e acolhedor em cada jornada de aprendizado em tandem. Verificamos rigorosamente todos os endere\u00e7os de e-mail institucionais e operamos em total conformidade com o RGPD (Regulamento Geral de Prote\u00e7\u00e3o de Dados). Seus dados est\u00e3o protegidos, sua privacidade \u00e9 prioridade e sua experi\u00eancia \u00e9 sempre segura.<\/p>\n\n\n\n<div class=\"wp-block-buttons is-content-justification-right is-layout-flex wp-container-core-buttons-is-layout-765c4724 wp-block-buttons-is-layout-flex\">\n<div class=\"wp-block-button is-style-fill\"><a class=\"wp-block-button__link wp-element-button\" href=\"https:\/\/eunita.s.studiumdigitale.uni-frankfurt.de\/privacy-policy\/\">Saiba mais<\/a><\/div>\n<\/div>\n<\/div>\n<\/div>\n<\/div><\/div>\n\n\n\n<div class=\"wp-block-group alignwide our-partners\"><div class=\"wp-block-group__inner-container is-layout-constrained wp-block-group-is-layout-constrained\">\n<h1 class=\"wp-block-heading alignwide has-text-align-center\">Nossas Universidades Parceiras<\/h1>\n\n\n\n<p class=\"has-text-align-center\">Trabalhando juntas para conectar estudantes em todo o mundo<\/p>\n\n\n\n<div class=\"wp-block-columns is-layout-flex wp-container-core-columns-is-layout-9d6595d7 wp-block-columns-is-layout-flex\">\n<div class=\"wp-block-column is-layout-flow wp-block-column-is-layout-flow\"><\/div>\n\n\n\n<div class=\"wp-block-column is-layout-flow wp-block-column-is-layout-flow\"><\/div>\n\n\n\n<div class=\"wp-block-column is-layout-flow wp-block-column-is-layout-flow\"><\/div>\n<\/div>\n\n\n\n<div class=\"wp-block-group\"><div class=\"wp-block-group__inner-container is-layout-constrained wp-block-group-is-layout-constrained\">\n<div class=\"wp-block-columns is-layout-flex wp-container-core-columns-is-layout-9d6595d7 wp-block-columns-is-layout-flex\">\n<div class=\"wp-block-column is-layout-flow wp-block-column-is-layout-flow\">\n<h4 class=\"wp-block-heading\">Universitat Ramon Llull Barcelona<\/h4>\n\n\n\n<figure class=\"wp-block-image alignfull size-full\"><img decoding=\"async\" src=\"https:\/\/eunita.s.studiumdigitale.uni-frankfurt.de\/wp-content\/uploads\/2025\/08\/Universitat-Ramon-Llull-Barcelona.png\" alt=\"\" class=\"wp-image-448\"\/><\/figure>\n<\/div>\n\n\n\n<div class=\"wp-block-column is-layout-flow wp-block-column-is-layout-flow\">\n<h4 class=\"wp-block-heading\">Goethe University Frankfurt<\/h4>\n\n\n\n<figure class=\"wp-block-image size-full\"><img decoding=\"async\" src=\"https:\/\/eunita.s.studiumdigitale.uni-frankfurt.de\/wp-content\/uploads\/2025\/08\/Goethe-University-Frankfurt.png\" alt=\"\" class=\"wp-image-449\"\/><\/figure>\n<\/div>\n\n\n\n<div class=\"wp-block-column is-layout-flow wp-block-column-is-layout-flow\">\n<h4 class=\"wp-block-heading\">Panth\u00e9on\u2011Sorbonne University<\/h4>\n\n\n\n<figure class=\"wp-block-image size-full\"><img decoding=\"async\" src=\"https:\/\/eunita.s.studiumdigitale.uni-frankfurt.de\/wp-content\/uploads\/2025\/08\/Pantheon\u2011Sorbonne-University.png\" alt=\"\" class=\"wp-image-451\"\/><\/figure>\n<\/div>\n<\/div>\n\n\n\n<div class=\"wp-block-columns is-layout-flex wp-container-core-columns-is-layout-9d6595d7 wp-block-columns-is-layout-flex\">\n<div class=\"wp-block-column is-layout-flow wp-block-column-is-layout-flow\">\n<h4 class=\"wp-block-heading\">University of Florence<\/h4>\n\n\n\n<figure class=\"wp-block-image size-full\"><img decoding=\"async\" src=\"https:\/\/eunita.s.studiumdigitale.uni-frankfurt.de\/wp-content\/uploads\/2025\/08\/University-of-Florence.jpg\" alt=\"\" class=\"wp-image-453\"\/><\/figure>\n<\/div>\n\n\n\n<div class=\"wp-block-column is-layout-flow wp-block-column-is-layout-flow\">\n<h4 class=\"wp-block-heading\">University of Exeter<\/h4>\n\n\n\n<figure class=\"wp-block-image size-full\"><img decoding=\"async\" src=\"https:\/\/eunita.s.studiumdigitale.uni-frankfurt.de\/wp-content\/uploads\/2025\/08\/University-of-Exeter.jpg\" alt=\"\" class=\"wp-image-459\"\/><\/figure>\n<\/div>\n\n\n\n<div class=\"wp-block-column is-layout-flow wp-block-column-is-layout-flow\">\n<h4 class=\"wp-block-heading\">University of Liverpool<\/h4>\n\n\n\n<figure class=\"wp-block-image size-full\"><img decoding=\"async\" src=\"https:\/\/eunita.s.studiumdigitale.uni-frankfurt.de\/wp-content\/uploads\/2025\/08\/University-of-Liverpool.png\" alt=\"\" class=\"wp-image-461\"\/><\/figure>\n<\/div>\n<\/div>\n\n\n\n<div class=\"wp-block-columns is-layout-flex wp-container-core-columns-is-layout-9d6595d7 wp-block-columns-is-layout-flex\">\n<div class=\"wp-block-column is-layout-flow wp-block-column-is-layout-flow\">\n<h4 class=\"wp-block-heading\">University of Poitiers<\/h4>\n\n\n\n<p><\/p>\n\n\n\n<figure class=\"wp-block-image size-full\"><img decoding=\"async\" src=\"https:\/\/eunita.s.studiumdigitale.uni-frankfurt.de\/wp-content\/uploads\/2025\/08\/University-of-Poitiers.png\" alt=\"\" class=\"wp-image-465\"\/><\/figure>\n<\/div>\n\n\n\n<div class=\"wp-block-column is-layout-flow wp-block-column-is-layout-flow\">\n<h4 class=\"wp-block-heading\">University School of Tourism Barcelona<\/h4>\n\n\n<div class=\"wp-block-image\">\n<figure class=\"aligncenter size-full\"><img decoding=\"async\" src=\"https:\/\/eunita.s.studiumdigitale.uni-frankfurt.de\/wp-content\/uploads\/2025\/08\/University-School-of-Tourism-Barcelona.png\" alt=\"\" class=\"wp-image-466\"\/><\/figure><\/div><\/div>\n\n\n\n<div class=\"wp-block-column is-layout-flow wp-block-column-is-layout-flow\">\n<h4 class=\"wp-block-heading\">Federal University of Cear\u00e1<\/h4>\n\n\n\n<p><\/p>\n\n\n\n<figure class=\"wp-block-image alignwide size-full\"><img decoding=\"async\" src=\"https:\/\/eunita.s.studiumdigitale.uni-frankfurt.de\/wp-content\/uploads\/2025\/08\/Federal-University-of-Ceara.jpg\" alt=\"\" class=\"wp-image-470\"\/><\/figure>\n<\/div>\n<\/div>\n\n\n\n<div class=\"wp-block-columns is-layout-flex wp-container-core-columns-is-layout-9d6595d7 wp-block-columns-is-layout-flex\">\n<div class=\"wp-block-column is-layout-flow wp-block-column-is-layout-flow\">\n<h4 class=\"wp-block-heading\">Frankfurt University of Applied Sciences<\/h4>\n\n\n<div class=\"wp-block-image\">\n<figure class=\"aligncenter size-full is-resized\"><img decoding=\"async\" src=\"https:\/\/eunita.s.studiumdigitale.uni-frankfurt.de\/wp-content\/uploads\/2025\/08\/Frankfurt-University-of-Applied-Sciences.jpg\" alt=\"\" class=\"wp-image-472\" style=\"width:395px;height:auto\"\/><\/figure><\/div><\/div>\n\n\n\n<div class=\"wp-block-column is-layout-flow wp-block-column-is-layout-flow\">\n<h4 class=\"wp-block-heading\">The Pere Tarr\u00e9s Foundation<\/h4>\n\n\n<div class=\"wp-block-image\">\n<figure class=\"aligncenter size-full\"><img decoding=\"async\" src=\"https:\/\/eunita.s.studiumdigitale.uni-frankfurt.de\/wp-content\/uploads\/2025\/08\/The-Pere-Tarres-Foundation.jpg\" alt=\"\" class=\"wp-image-474\"\/><\/figure><\/div><\/div>\n\n\n\n<div class=\"wp-block-column is-layout-flow wp-block-column-is-layout-flow\">\n<h4 class=\"wp-block-heading\"><\/h4>\n\n\n\n<p><\/p>\n\n\n\n<p><\/p>\n<\/div>\n<\/div>\n<\/div><\/div>\n<\/div><\/div>\n\n\n\n<p><\/p>\n","protected":false},"excerpt":{"rendered":"<p>EUROPEAN UNIVERSITY TANDEM Fale o Mundo. Encontre Sua Comunidade. Junte-se \u00e0 vibrante rede de estudantes do EUniTa e experimente o poder das l\u00ednguas por meio de trocas aut\u00eanticas e pessoais. Compartilhe idiomas, culturas e sonhos \u2014 e transforme sua jornada de aprendizagem, gratuitamente! Por que o EUniTa? Conhe\u00e7a pessoas da comunidade acad\u00eamica em toda a [&hellip;]<\/p>\n","protected":false},"author":3,"featured_media":0,"parent":0,"menu_order":0,"comment_status":"closed","ping_status":"closed","template":"","meta":{"footnotes":""},"class_list":["post-199","page","type-page","status-publish","hentry"],"_links":{"self":[{"href":"https:\/\/eunita.s.studiumdigitale.uni-frankfurt.de\/pt\/wp-json\/wp\/v2\/pages\/199","targetHints":{"allow":["GET"]}}],"collection":[{"href":"https:\/\/eunita.s.studiumdigitale.uni-frankfurt.de\/pt\/wp-json\/wp\/v2\/pages"}],"about":[{"href":"https:\/\/eunita.s.studiumdigitale.uni-frankfurt.de\/pt\/wp-json\/wp\/v2\/types\/page"}],"author":[{"embeddable":true,"href":"https:\/\/eunita.s.studiumdigitale.uni-frankfurt.de\/pt\/wp-json\/wp\/v2\/users\/3"}],"replies":[{"embeddable":true,"href":"https:\/\/eunita.s.studiumdigitale.uni-frankfurt.de\/pt\/wp-json\/wp\/v2\/comments?post=199"}],"version-history":[{"count":8,"href":"https:\/\/eunita.s.studiumdigitale.uni-frankfurt.de\/pt\/wp-json\/wp\/v2\/pages\/199\/revisions"}],"predecessor-version":[{"id":3140,"href":"https:\/\/eunita.s.studiumdigitale.uni-frankfurt.de\/pt\/wp-json\/wp\/v2\/pages\/199\/revisions\/3140"}],"wp:attachment":[{"href":"https:\/\/eunita.s.studiumdigitale.uni-frankfurt.de\/pt\/wp-json\/wp\/v2\/media?parent=199"}],"curies":[{"name":"wp","href":"https:\/\/api.w.org\/{rel}","templated":true}]}}