{"id":290,"date":"2025-05-09T15:59:38","date_gmt":"2025-05-09T13:59:38","guid":{"rendered":"https:\/\/eunita.s.studiumdigitale.uni-frankfurt.de\/?page_id=290"},"modified":"2025-10-14T18:50:20","modified_gmt":"2025-10-14T16:50:20","slug":"contact-us","status":"publish","type":"page","link":"https:\/\/eunita.s.studiumdigitale.uni-frankfurt.de\/pt\/contact-us\/","title":{"rendered":"Contacte-nos"},"content":{"rendered":"\n<p><\/p>\n\n\n\n<p>Tem alguma d\u00favida ou precisa de ajuda para usar o EUniTa? Quer enviar um feedback ou tornar sua universidade uma institui\u00e7\u00e3o parceira?<br>Estamos aqui para ajudar. Basta nos enviar um e-mail.<\/p>\n\n\n\n<p>Voc\u00ea pode entrar em contato conosco pelo e-mail <strong>contact[at]eunita.org<\/strong> e responderemos o mais r\u00e1pido poss\u00edvel.<\/p>\n\n\n\n<hr class=\"wp-block-separator has-alpha-channel-opacity\"\/>\n\n\n\n<p><strong>Vamos nos conectar<\/strong><\/p>\n\n\n\n<p>Seja voc\u00ea:<br>\u2705 um estudante que precisa de ajuda<br>\u2705 um membro da equipe com ideias<br>\u2705 um representante universit\u00e1rio interessado em aderir ao EUniTa<\/p>\n\n\n\n<p>\u2026 n\u00e3o hesite em entrar em contato!<\/p>\n\n\n\n<p><strong>Contatos locais nas universidades parceiras<\/strong><br>As administra\u00e7\u00f5es locais das universidades parceiras oferecem suporte aos seus pr\u00f3prios estudantes e funcion\u00e1rios. Utilize a <a href=\"https:\/\/eunita.s.studiumdigitale.uni-frankfurt.de\/eunita-partners\/\" data-type=\"page\" data-id=\"367\">p\u00e1gina de Parceiros<\/a> para encontrar o contato e as informa\u00e7\u00f5es corretas.<\/p>\n\n\n\n<p><strong>Aviso de privacidade<\/strong><br>Ao nos enviar um e-mail, seus dados pessoais ser\u00e3o processados apenas para atender \u00e0 sua solicita\u00e7\u00e3o, de acordo com nossa <a href=\"https:\/\/eunita.s.studiumdigitale.uni-frankfurt.de\/data-privacy-policy\/\" data-type=\"page\" data-id=\"300\">Pol\u00edtica de Privacidade<\/a>.<\/p>\n\n","protected":false},"excerpt":{"rendered":"<p>Tem alguma d\u00favida ou precisa de ajuda para usar o EUniTa? Quer enviar um feedback ou tornar sua universidade uma institui\u00e7\u00e3o parceira?Estamos aqui para ajudar. Basta nos enviar um e-mail. Voc\u00ea pode entrar em contato conosco pelo e-mail contact[at]eunita.org e responderemos o mais r\u00e1pido poss\u00edvel. Vamos nos conectar Seja voc\u00ea:\u2705 um estudante que precisa de [&hellip;]<\/p>\n","protected":false},"author":3,"featured_media":0,"parent":0,"menu_order":0,"comment_status":"closed","ping_status":"closed","template":"","meta":{"footnotes":""},"class_list":["post-290","page","type-page","status-publish","hentry"],"_links":{"self":[{"href":"https:\/\/eunita.s.studiumdigitale.uni-frankfurt.de\/pt\/wp-json\/wp\/v2\/pages\/290","targetHints":{"allow":["GET"]}}],"collection":[{"href":"https:\/\/eunita.s.studiumdigitale.uni-frankfurt.de\/pt\/wp-json\/wp\/v2\/pages"}],"about":[{"href":"https:\/\/eunita.s.studiumdigitale.uni-frankfurt.de\/pt\/wp-json\/wp\/v2\/types\/page"}],"author":[{"embeddable":true,"href":"https:\/\/eunita.s.studiumdigitale.uni-frankfurt.de\/pt\/wp-json\/wp\/v2\/users\/3"}],"replies":[{"embeddable":true,"href":"https:\/\/eunita.s.studiumdigitale.uni-frankfurt.de\/pt\/wp-json\/wp\/v2\/comments?post=290"}],"version-history":[{"count":3,"href":"https:\/\/eunita.s.studiumdigitale.uni-frankfurt.de\/pt\/wp-json\/wp\/v2\/pages\/290\/revisions"}],"predecessor-version":[{"id":3133,"href":"https:\/\/eunita.s.studiumdigitale.uni-frankfurt.de\/pt\/wp-json\/wp\/v2\/pages\/290\/revisions\/3133"}],"wp:attachment":[{"href":"https:\/\/eunita.s.studiumdigitale.uni-frankfurt.de\/pt\/wp-json\/wp\/v2\/media?parent=290"}],"curies":[{"name":"wp","href":"https:\/\/api.w.org\/{rel}","templated":true}]}}