{"id":292,"date":"2025-05-09T16:09:27","date_gmt":"2025-05-09T14:09:27","guid":{"rendered":"https:\/\/eunita.s.studiumdigitale.uni-frankfurt.de\/?page_id=292"},"modified":"2025-10-14T18:23:02","modified_gmt":"2025-10-14T16:23:02","slug":"empower-your-campus-with-eunita-join-the-leading-academic-language-exchange-network","status":"publish","type":"page","link":"https:\/\/eunita.s.studiumdigitale.uni-frankfurt.de\/pt\/empower-your-campus-with-eunita-join-the-leading-academic-language-exchange-network\/","title":{"rendered":"Torne-se uma universidade parceira da EUniTa &#8211; Junte-se \u00e0 rede acad\u00eamica de interc\u00e2mbio lingu\u00edstico em crescimento!"},"content":{"rendered":"\n<p>Sua universidade est\u00e1 pronta para levar a internacionaliza\u00e7\u00e3o e o engajamento estudantil para o pr\u00f3ximo n\u00edvel?<\/p>\n\n\n\n<p>Colabore com o EUniTa e proporcione aos seus estudantes conex\u00f5es globais significativas.<\/p>\n\n\n\n<p>Ao juntar-se ao EUniTa, sua institui\u00e7\u00e3o far\u00e1 parte de uma plataforma inovadora que conecta estudantes de toda a Europa para trocas lingu\u00edsticas aut\u00eanticas \u2014 aprimorando suas compet\u00eancias lingu\u00edsticas, interculturais e sua mentalidade global.<\/p>\n\n\n\n<p>Veja como funciona para as institui\u00e7\u00f5es:<\/p>\n\n\n\n<p>\u2705 <strong>Etapa 1: Torne-se uma Universidade Parceira do EUniTa<\/strong><br>Junte-se a uma rede prestigiosa de universidades que impulsionam a inova\u00e7\u00e3o no ensino de idiomas. Sua parceria apoia melhorias cont\u00ednuas em tecnologia e servi\u00e7os estudantis.<\/p>\n\n\n\n<p>\u2705 <strong>Etapa 2: Integra\u00e7\u00e3o sem Complica\u00e7\u00f5es<\/strong><br>O EUniTa se integra facilmente aos seus programas de ensino de idiomas e aprendizagem digital j\u00e1 existentes. Nossa equipe trabalha em conjunto com seus departamentos para garantir uma experi\u00eancia perfeita.<\/p>\n\n\n\n<p>\u2705 <strong>Etapa 3: Ative e Engaje seus Estudantes<\/strong><br>Ajudamos a integrar seus estudantes com processos de inscri\u00e7\u00e3o personalizados e recursos adaptados, facilitando para que encontrem seu parceiro de tandem ideal.<\/p>\n\n\n\n<p>\u2705 <strong>Etapa 4: Aumente a Visibilidade e a Participa\u00e7\u00e3o<\/strong><br>Aproveite nossos eventos promocionais semestrais, tanto digitais quanto presenciais, para maximizar a participa\u00e7\u00e3o dos estudantes e a visibilidade da sua institui\u00e7\u00e3o.<\/p>\n\n\n\n<p>\u2705 <strong>Etapa 5: Utilize Insights Poderosos<\/strong><br>Tenha acesso a an\u00e1lises detalhadas sobre a atividade dos estudantes, idiomas preferidos e combina\u00e7\u00f5es bem-sucedidas \u2014 ajudando sua institui\u00e7\u00e3o a aprimorar continuamente seus servi\u00e7os acad\u00eamicos.<\/p>\n\n\n\n<h2 class=\"wp-block-heading\"><strong>Torne-se um Parceiro Agora!<\/strong><\/h2>\n\n\n\n<p><strong>Transforme a experi\u00eancia dos estudantes. Internacionalize seu campus. Fortale\u00e7a suas redes acad\u00eamicas.<\/strong><\/p>\n\n\n\n<p>Entre em contato conosco: <strong>partner[at]eunita.org<\/strong><\/p>\n\n\n\n<p><\/p>\n\n","protected":false},"excerpt":{"rendered":"<p>Sua universidade est\u00e1 pronta para levar a internacionaliza\u00e7\u00e3o e o engajamento estudantil para o pr\u00f3ximo n\u00edvel? Colabore com o EUniTa e proporcione aos seus estudantes conex\u00f5es globais significativas. Ao juntar-se ao EUniTa, sua institui\u00e7\u00e3o far\u00e1 parte de uma plataforma inovadora que conecta estudantes de toda a Europa para trocas lingu\u00edsticas aut\u00eanticas \u2014 aprimorando suas compet\u00eancias [&hellip;]<\/p>\n","protected":false},"author":3,"featured_media":0,"parent":0,"menu_order":0,"comment_status":"closed","ping_status":"closed","template":"","meta":{"footnotes":""},"class_list":["post-292","page","type-page","status-publish","hentry"],"_links":{"self":[{"href":"https:\/\/eunita.s.studiumdigitale.uni-frankfurt.de\/pt\/wp-json\/wp\/v2\/pages\/292","targetHints":{"allow":["GET"]}}],"collection":[{"href":"https:\/\/eunita.s.studiumdigitale.uni-frankfurt.de\/pt\/wp-json\/wp\/v2\/pages"}],"about":[{"href":"https:\/\/eunita.s.studiumdigitale.uni-frankfurt.de\/pt\/wp-json\/wp\/v2\/types\/page"}],"author":[{"embeddable":true,"href":"https:\/\/eunita.s.studiumdigitale.uni-frankfurt.de\/pt\/wp-json\/wp\/v2\/users\/3"}],"replies":[{"embeddable":true,"href":"https:\/\/eunita.s.studiumdigitale.uni-frankfurt.de\/pt\/wp-json\/wp\/v2\/comments?post=292"}],"version-history":[{"count":3,"href":"https:\/\/eunita.s.studiumdigitale.uni-frankfurt.de\/pt\/wp-json\/wp\/v2\/pages\/292\/revisions"}],"predecessor-version":[{"id":3120,"href":"https:\/\/eunita.s.studiumdigitale.uni-frankfurt.de\/pt\/wp-json\/wp\/v2\/pages\/292\/revisions\/3120"}],"wp:attachment":[{"href":"https:\/\/eunita.s.studiumdigitale.uni-frankfurt.de\/pt\/wp-json\/wp\/v2\/media?parent=292"}],"curies":[{"name":"wp","href":"https:\/\/api.w.org\/{rel}","templated":true}]}}