{"id":294,"date":"2025-05-09T16:10:03","date_gmt":"2025-05-09T14:10:03","guid":{"rendered":"https:\/\/eunita.s.studiumdigitale.uni-frankfurt.de\/?page_id=294"},"modified":"2025-10-14T18:47:54","modified_gmt":"2025-10-14T16:47:54","slug":"stories-tips-real-voices-real-experiences-real-advice","status":"publish","type":"page","link":"https:\/\/eunita.s.studiumdigitale.uni-frankfurt.de\/pt\/stories-tips-real-voices-real-experiences-real-advice\/","title":{"rendered":"Depoimentos e dicas &#8211; Vozes reais, experi\u00eancias reais, conselhos aut\u00eanticos"},"content":{"rendered":"\n<h3 class=\"wp-block-heading\"><strong>Bem-vindo ao cora\u00e7\u00e3o do EUniTa.<\/strong><\/h3>\n\n\n\n<p><strong><br><\/strong>Este \u00e9 o espa\u00e7o onde os estudantes compartilham suas experi\u00eancias de tandem, conquistas pessoais e dicas pr\u00e1ticas de idiomas \u2014 para inspirar voc\u00ea, apoiar seu aprendizado e ajud\u00e1-lo a aproveitar ao m\u00e1ximo o <strong>EUniTa<\/strong>.<\/p>\n\n\n\n<p><strong>Hist\u00f3rias de Estudantes<\/strong><\/p>\n\n\n\n<p>Descubra como outros estudantes est\u00e3o aproveitando ao m\u00e1ximo sua experi\u00eancia em tandem.<br>De superar a ansiedade ao falar um novo idioma at\u00e9 criar amizades internacionais, essas hist\u00f3rias reais mostram o poder da troca lingu\u00edstica.<\/p>\n\n\n\n<p>\ud83d\udde8 <em>\u201cGra\u00e7as ao EUniTa, n\u00e3o apenas melhorei meu italiano, mas tamb\u00e9m fiz uma amizade para a vida toda!\u201d (Claire, University of Liverpool)<\/em><br><\/p>\n\n\n\n<p>\ud83d\udde8 <em>\u201cComo falante nativo de portugu\u00eas aprendendo alem\u00e3o, finalmente encontrei algu\u00e9m com quem posso conversar sem press\u00e3o.\u201d (Jo\u00e3o, Universidade Federal do Cear\u00e1)<\/em><br><\/p>\n\n\n\n<p>\ud83d\udc49 <strong>Quer compartilhar sua hist\u00f3ria? Adorar\u00edamos divulgar sua experi\u00eancia.<\/strong><br>Envie seu relato para: <strong>contact[at]eunita.org<\/strong><\/p>\n\n\n\n<p><\/p>\n\n\n\n<p><strong>Dicas de Tandem<\/strong>: <strong>Inspira\u00e7\u00f5es \u00fateis para orientar sua jornada de aprendizagem<\/strong><\/p>\n\n\n\n<p>Torne suas sess\u00f5es de tandem mais divertidas, eficazes e leves com estas principais dicas de estudantes e especialistas em idiomas:<\/p>\n\n\n\n<ul class=\"wp-block-list\">\n<li><strong>Seja consistente:<\/strong> Encontrem-se regularmente, mesmo que seja apenas 15 minutos por semana.<\/li>\n<li><strong>Definam metas juntos:<\/strong> Estabele\u00e7am o que querem aprender \u2014 e celebrem cada progresso!<\/li>\n<li><strong>Usem os materiais do EUniTa:<\/strong> Eles foram criados para apoiar tanto iniciantes quanto alunos avan\u00e7ados.<\/li>\n<li><strong>Equilibrem os idiomas:<\/strong> Dividam o tempo de forma justa entre as duas l\u00ednguas.<\/li>\n<li><strong>Mantenham a leveza:<\/strong> N\u00e3o se preocupem com erros \u2014 aprendam e divirtam-se juntos.<\/li>\n<\/ul>\n\n\n\n<hr class=\"wp-block-separator has-alpha-channel-opacity\" \/>\n\n\n\n<p><strong>Aproveite ao M\u00e1ximo o EUniTa<\/strong><\/p>\n\n\n\n<p>Quer voc\u00ea esteja come\u00e7ando agora ou j\u00e1 tenha um parceiro de tandem, o EUniTa est\u00e1 aqui para apoiar voc\u00ea.<br>Use esta p\u00e1gina como uma fonte de motiva\u00e7\u00e3o e um guia pr\u00e1tico!<\/p>\n\n\n\n<p><strong>Volte sempre<\/strong> \u2014 estamos sempre adicionando novas hist\u00f3rias e dicas frescas da comunidade EUniTa.<\/p>\n\n","protected":false},"excerpt":{"rendered":"<p>Bem-vindo ao cora\u00e7\u00e3o do EUniTa. Este \u00e9 o espa\u00e7o onde os estudantes compartilham suas experi\u00eancias de tandem, conquistas pessoais e dicas pr\u00e1ticas de idiomas \u2014 para inspirar voc\u00ea, apoiar seu aprendizado e ajud\u00e1-lo a aproveitar ao m\u00e1ximo o EUniTa. Hist\u00f3rias de Estudantes Descubra como outros estudantes est\u00e3o aproveitando ao m\u00e1ximo sua experi\u00eancia em tandem.De superar [&hellip;]<\/p>\n","protected":false},"author":3,"featured_media":0,"parent":0,"menu_order":0,"comment_status":"closed","ping_status":"closed","template":"","meta":{"footnotes":""},"class_list":["post-294","page","type-page","status-publish","hentry"],"_links":{"self":[{"href":"https:\/\/eunita.s.studiumdigitale.uni-frankfurt.de\/pt\/wp-json\/wp\/v2\/pages\/294","targetHints":{"allow":["GET"]}}],"collection":[{"href":"https:\/\/eunita.s.studiumdigitale.uni-frankfurt.de\/pt\/wp-json\/wp\/v2\/pages"}],"about":[{"href":"https:\/\/eunita.s.studiumdigitale.uni-frankfurt.de\/pt\/wp-json\/wp\/v2\/types\/page"}],"author":[{"embeddable":true,"href":"https:\/\/eunita.s.studiumdigitale.uni-frankfurt.de\/pt\/wp-json\/wp\/v2\/users\/3"}],"replies":[{"embeddable":true,"href":"https:\/\/eunita.s.studiumdigitale.uni-frankfurt.de\/pt\/wp-json\/wp\/v2\/comments?post=294"}],"version-history":[{"count":4,"href":"https:\/\/eunita.s.studiumdigitale.uni-frankfurt.de\/pt\/wp-json\/wp\/v2\/pages\/294\/revisions"}],"predecessor-version":[{"id":3121,"href":"https:\/\/eunita.s.studiumdigitale.uni-frankfurt.de\/pt\/wp-json\/wp\/v2\/pages\/294\/revisions\/3121"}],"wp:attachment":[{"href":"https:\/\/eunita.s.studiumdigitale.uni-frankfurt.de\/pt\/wp-json\/wp\/v2\/media?parent=294"}],"curies":[{"name":"wp","href":"https:\/\/api.w.org\/{rel}","templated":true}]}}