{"id":298,"date":"2025-05-09T16:13:48","date_gmt":"2025-05-09T14:13:48","guid":{"rendered":"https:\/\/eunita.s.studiumdigitale.uni-frankfurt.de\/?page_id=298"},"modified":"2025-10-14T18:49:38","modified_gmt":"2025-10-14T16:49:38","slug":"faq-help","status":"publish","type":"page","link":"https:\/\/eunita.s.studiumdigitale.uni-frankfurt.de\/pt\/faq-help\/","title":{"rendered":"Perguntas frequentes (FAQ)"},"content":{"rendered":"\n<p><strong>P: O QUE \u00c9 UM INTERC\u00c2MBIO DE TANDEM E COMO FUNCIONA?<\/strong><\/p>\n\n\n\n<p><strong>Resposta: Um tandem lingu\u00edstico \u00e9 uma troca entre duas pessoas que desejam aprender o idioma uma da outra e aprimorar juntas suas habilidades lingu\u00edsticas e interculturais. Nos encontros, o tempo deve ser dividido igualmente entre os dois idiomas.<\/strong><\/p>\n\n\n\n<hr class=\"wp-block-separator has-alpha-channel-opacity\" \/>\n\n\n\n<p><strong>P: EU GOSTARIA DE PRATICAR MAIS DE UM IDIOMA. POSSO ME INSCREVER EM MAIS DE UM TANDEM?<\/strong><\/p>\n\n\n\n<p><strong>Resposta: Sim, isso \u00e9 poss\u00edvel. Basta iniciar uma nova busca de tandem para cada idioma que voc\u00ea deseja praticar.<\/strong><\/p>\n\n\n\n<hr class=\"wp-block-separator has-alpha-channel-opacity\" \/>\n\n\n\n<p><strong>P: PRECISO TER UM N\u00cdVEL M\u00cdNIMO DE PROFICI\u00caNCIA NO IDIOMA ANTES DE COME\u00c7AR O MEU TANDEM?<\/strong><\/p>\n\n\n\n<p><strong>Resposta: N\u00e3o \u00e9 necess\u00e1rio ter um n\u00edvel espec\u00edfico, mas recomendamos pelo menos o n\u00edvel A1 para que seja poss\u00edvel se comunicar com seu parceiro.<\/strong><\/p>\n\n\n\n<hr class=\"wp-block-separator has-alpha-channel-opacity\" \/>\n\n\n\n<p><strong>P: POSSO ME INSCREVER EM UM TANDEM A QUALQUER MOMENTO?<\/strong><\/p>\n\n\n\n<p><strong>Resposta: Sim, \u00e9 poss\u00edvel se inscrever no EUniTa e iniciar uma nova busca de tandem a qualquer momento.<\/strong><\/p>\n\n\n\n<hr class=\"wp-block-separator has-alpha-channel-opacity\" \/>\n\n\n\n<p><strong>P: QUANTO TEMPO LEVA PARA ENCONTRAR UM PARCEIRO?<\/strong><\/p>\n\n\n\n<p><strong>Resposta: Se houver um participante que corresponda \u00e0 sua busca, voc\u00ea receber\u00e1 um e-mail imediatamente. Caso contr\u00e1rio, ser\u00e1 necess\u00e1rio aguardar at\u00e9 que um novo participante que atenda aos seus crit\u00e9rios se inscreva.<\/strong><\/p>\n\n\n\n<hr class=\"wp-block-separator has-alpha-channel-opacity\" \/>\n\n\n\n<p><strong>P: O QUE \u00c9 UM TANDEM ACAD\u00caMICO?<\/strong><\/p>\n\n\n\n<p><strong>Resposta: Para aprimorar suas habilidades lingu\u00edsticas acad\u00eamicas, o EUniTa pode conectar pessoas com a mesma \u00e1rea de estudo. Se voc\u00ea marcar a op\u00e7\u00e3o \u201cTandem Acad\u00eamico\u201d na sua busca, ser\u00e1 pareado apenas com um parceiro do seu pr\u00f3prio campo acad\u00eamico.<\/strong><\/p>\n\n\n\n<hr class=\"wp-block-separator has-alpha-channel-opacity\" \/>\n\n\n\n<p><strong>P: POSSO FAZER UM TANDEM PRESENCIAL?<\/strong><\/p>\n\n\n\n<p><strong>Resposta: Sim, o EUniTa tamb\u00e9m oferece essa op\u00e7\u00e3o. Ela \u00e9 chamada de \u201cCorrespond\u00eancia Interna\u201d. Voc\u00ea pode escolher entre um tandem online, presencial ou ambos.<\/strong><\/p>\n\n\n\n<hr class=\"wp-block-separator has-alpha-channel-opacity\" \/>\n\n\n\n<p><strong>P: COMO FUNCIONA O PRIMEIRO ENCONTRO DO TANDEM?<\/strong><\/p>\n\n\n\n<p><strong>Resposta: Ap\u00f3s ser pareado com seu parceiro, entre em contato e combine um hor\u00e1rio e local para o primeiro encontro (online ou presencial). Para uma correspond\u00eancia interna, sugerimos um local na universidade, como um caf\u00e9. Durante o primeiro encontro, apresentem-se e conversem sobre suas expectativas (por exemplo: o que voc\u00eas gostariam de melhorar? Quer que o parceiro corrija seus erros?). Voc\u00ea tamb\u00e9m pode usar o arquivo \u201cApresente-se\u201d dispon\u00edvel na biblioteca do EUniTa.<\/strong><\/p>\n\n\n\n<hr class=\"wp-block-separator has-alpha-channel-opacity\" \/>\n\n\n\n<p><strong>P: AINDA N\u00c3O FUI PAREADO COM UM PARCEIRO. O QUE POSSO FAZER?<\/strong><\/p>\n\n\n\n<p><strong>Resposta: Tente iniciar uma nova busca de tandem sem selecionar as op\u00e7\u00f5es \u201cCorrespond\u00eancia Interna\u201d ou \u201cTandem Acad\u00eamico\u201d.<\/strong><\/p>\n\n\n\n<hr class=\"wp-block-separator has-alpha-channel-opacity\" \/>\n\n\n\n<p><strong>P: MEU PARCEIRO DE TANDEM N\u00c3O APARECEU PARA O ENCONTRO. O QUE FAZER?<\/strong><\/p>\n\n\n\n<p><strong>Resposta: Tente entrar em contato novamente para verificar se ele(a) ainda tem interesse. Caso contr\u00e1rio, voc\u00ea pode iniciar uma nova busca de tandem.<\/strong><\/p>\n\n\n\n<hr class=\"wp-block-separator has-alpha-channel-opacity\" \/>\n\n\n\n<p><strong>P: POSSO RECEBER UM CERTIFICADO DE PARTICIPA\u00c7\u00c3O PELO MEU TANDEM? O QUE PRECISO FAZER?<\/strong><\/p>\n\n\n\n<p><strong>Resposta: Sim. Para receber o certificado, voc\u00ea precisa se reunir com seu parceiro 12 vezes e preencher o documento de acompanhamento de aprendizagem dispon\u00edvel na plataforma EUniTa. Ap\u00f3s fazer o upload do documento, o certificado ser\u00e1 emitido para voc\u00ea.<\/strong><\/p>\n\n\n\n<hr class=\"wp-block-separator has-alpha-channel-opacity\" \/>\n\n\n\n<p><strong>P: O EUNITA EST\u00c1 DISPON\u00cdVEL EM DISPOSITIVOS M\u00d3VEIS?<\/strong><\/p>\n\n\n\n<p><strong>Resposta: Sim, voc\u00ea pode acessar o EUniTa pelo navegador do seu dispositivo m\u00f3vel.<\/strong><\/p>\n\n\n\n<hr class=\"wp-block-separator has-alpha-channel-opacity\" \/>\n\n\n\n<p><strong>P: O QUE FAZER SE EU TIVER PROBLEMAS COM A SENHA OU ATIVA\u00c7\u00c3O DA CONTA?<\/strong><\/p>\n\n\n\n<p><strong>Resposta: Tente redefinir sua senha usando a op\u00e7\u00e3o \u201cSolicitar redefini\u00e7\u00e3o de senha\u201d. Se sua conta ainda n\u00e3o estiver ativada, voc\u00ea receber\u00e1 um novo link de ativa\u00e7\u00e3o por e-mail.<\/strong><\/p>\n\n\n\n<hr class=\"wp-block-separator has-alpha-channel-opacity\" \/>\n\n\n\n<p><strong>P: N\u00c3O CONSIGO ME REGISTRAR PORQUE MEU E-MAIL \u00c9 CONSIDERADO INV\u00c1LIDO.<\/strong><\/p>\n\n\n\n<p><strong>Resposta: A plataforma EUniTa \u00e9 acess\u00edvel apenas para estudantes de universidades parceiras. Para se registrar, use exclusivamente o seu e-mail institucional da universidade.<\/strong><\/p>\n\n\n\n<hr class=\"wp-block-separator has-alpha-channel-opacity\" \/>\n\n\n\n<p><\/p>\n\n","protected":false},"excerpt":{"rendered":"<p>P: O QUE \u00c9 UM INTERC\u00c2MBIO DE TANDEM E COMO FUNCIONA? Resposta: Um tandem lingu\u00edstico \u00e9 uma troca entre duas pessoas que desejam aprender o idioma uma da outra e aprimorar juntas suas habilidades lingu\u00edsticas e interculturais. Nos encontros, o tempo deve ser dividido igualmente entre os dois idiomas. P: EU GOSTARIA DE PRATICAR MAIS [&hellip;]<\/p>\n","protected":false},"author":3,"featured_media":0,"parent":0,"menu_order":0,"comment_status":"closed","ping_status":"closed","template":"","meta":{"footnotes":""},"class_list":["post-298","page","type-page","status-publish","hentry"],"_links":{"self":[{"href":"https:\/\/eunita.s.studiumdigitale.uni-frankfurt.de\/pt\/wp-json\/wp\/v2\/pages\/298","targetHints":{"allow":["GET"]}}],"collection":[{"href":"https:\/\/eunita.s.studiumdigitale.uni-frankfurt.de\/pt\/wp-json\/wp\/v2\/pages"}],"about":[{"href":"https:\/\/eunita.s.studiumdigitale.uni-frankfurt.de\/pt\/wp-json\/wp\/v2\/types\/page"}],"author":[{"embeddable":true,"href":"https:\/\/eunita.s.studiumdigitale.uni-frankfurt.de\/pt\/wp-json\/wp\/v2\/users\/3"}],"replies":[{"embeddable":true,"href":"https:\/\/eunita.s.studiumdigitale.uni-frankfurt.de\/pt\/wp-json\/wp\/v2\/comments?post=298"}],"version-history":[{"count":3,"href":"https:\/\/eunita.s.studiumdigitale.uni-frankfurt.de\/pt\/wp-json\/wp\/v2\/pages\/298\/revisions"}],"predecessor-version":[{"id":3128,"href":"https:\/\/eunita.s.studiumdigitale.uni-frankfurt.de\/pt\/wp-json\/wp\/v2\/pages\/298\/revisions\/3128"}],"wp:attachment":[{"href":"https:\/\/eunita.s.studiumdigitale.uni-frankfurt.de\/pt\/wp-json\/wp\/v2\/media?parent=298"}],"curies":[{"name":"wp","href":"https:\/\/api.w.org\/{rel}","templated":true}]}}