{"id":363,"date":"2025-08-29T17:43:47","date_gmt":"2025-08-29T15:43:47","guid":{"rendered":"https:\/\/eunita.s.studiumdigitale.uni-frankfurt.de\/?page_id=363"},"modified":"2025-10-14T18:48:26","modified_gmt":"2025-10-14T16:48:26","slug":"impressum","status":"publish","type":"page","link":"https:\/\/eunita.s.studiumdigitale.uni-frankfurt.de\/pt\/impressum\/","title":{"rendered":"Impressum"},"content":{"rendered":"\n<p><em>Identifica\u00e7\u00e3o do prestador de servi\u00e7os conforme o \u00a75 da TMG e \u00a718(2) da MStV<\/em><br>\u00daltima atualiza\u00e7\u00e3o: 29 de agosto de 2025<\/p>\n\n\n\n<p><strong>Prestador de servi\u00e7os \/ Operador do site e do aplicativo EUniTa<\/strong><br>Universidade Goethe de Frankfurt am Main<br>Theodor-W.-Adorno-Platz 1<br>60323 Frankfurt am Main<br>Alemanha<\/p>\n\n\n\n<p><strong>Forma jur\u00eddica<\/strong><br>Corpora\u00e7\u00e3o de direito p\u00fablico<\/p>\n\n\n\n<p><strong>Representante legal<\/strong><br>Representada pela Presidente.<\/p>\n\n\n\n<p><strong>Contato<\/strong><br>Suporte administrativo: studiumdigitale \u2013 Centro de eLearning<br>Eschersheimer Landstr. 155\/157, 60323 Frankfurt am Main, Alemanha<br>Telefone: +49 69 798-22198<br>E-mail: <a>info[at]studiumdigitale.uni-frankfurt.de<\/a><br><a href=\"https:\/\/eunita.s.studiumdigitale.uni-frankfurt.de\/contact-us\/\" data-type=\"page\" data-id=\"290\">Formul\u00e1rio de contato<\/a><\/p>\n\n\n\n<p><strong>Responsabilidade editorial conforme o \u00a718(2) da MStV<\/strong><br>Dra. Maria Kopp-Kavermann<br>Centro Internacional de Estudos e Idiomas (ISZ), L\u00ednguas Estrangeiras<\/p>\n\n\n\n<p><span style=\"font-size: revert\">Johann Wolfgang Goethe-Universit\u00e4t<\/span><\/p>\n\n\n\n<p>Theodor-W.-Adorno-Platz 1<br>D-60323 Frankfurt am Main<br>Telefone: +49 69 798-23757<br>E-mail: kopp-kavermann[at]em.uni-frankfurt.de<\/p>\n\n\n\n<p><strong>Autoridade supervisora<\/strong><br>Minist\u00e9rio de Ci\u00eancia e Artes de Hesse (HMWK)<\/p>\n\n\n\n<p><strong><a href=\"https:\/\/eunita.s.studiumdigitale.uni-frankfurt.de\/terms-of-use\/\" data-type=\"page\" data-id=\"302\">Termos de Uso<\/a><\/strong><br><a href=\"https:\/\/eunita.s.studiumdigitale.uni-frankfurt.de\/privacy-policy\/\" data-type=\"page\" data-id=\"300\"><strong>Pol\u00edtica de Privacidade<\/strong><\/a><br><strong><a href=\"https:\/\/eunita.s.studiumdigitale.uni-frankfurt.de\/cookie-policy\/\" data-type=\"page\" data-id=\"318\">Pol\u00edtica de Cookies<\/a><\/strong><br>Encarregado de Prote\u00e7\u00e3o de Dados: <a>dsb[at]uni-frankfurt.de<\/a><\/p>\n\n\n\n<p><strong>Responsabilidade pelo conte\u00fado<\/strong><br>De acordo com o \u00a77(1) da TMG, a Universidade Goethe \u00e9 respons\u00e1vel pelo conte\u00fado pr\u00f3prio destas p\u00e1ginas. Segundo os \u00a7\u00a78 a 10 da TMG, n\u00e3o h\u00e1 obriga\u00e7\u00e3o de monitorar informa\u00e7\u00f5es de terceiros transmitidas ou armazenadas, nem de investigar circunst\u00e2ncias que indiquem atividades ilegais. As obriga\u00e7\u00f5es de remover ou bloquear o uso de informa\u00e7\u00f5es segundo a legisla\u00e7\u00e3o geral permanecem inalteradas. A responsabilidade s\u00f3 \u00e9 poss\u00edvel a partir do momento em que se tenha conhecimento de uma viola\u00e7\u00e3o espec\u00edfica. Ao ser notificada sobre tais viola\u00e7\u00f5es, a universidade remover\u00e1 o conte\u00fado imediatamente.<\/p>\n\n\n\n<p><strong>Responsabilidade por links<\/strong><br>Este site cont\u00e9m links para sites externos de terceiros. Os provedores desses sites s\u00e3o exclusivamente respons\u00e1veis pelo seu conte\u00fado. No momento da vincula\u00e7\u00e3o, nenhum conte\u00fado ilegal era reconhec\u00edvel. Ap\u00f3s a notifica\u00e7\u00e3o de viola\u00e7\u00f5es, tais links ser\u00e3o removidos imediatamente.<\/p>\n\n\n\n<p><strong>Direitos autorais<\/strong><br>Salvo indica\u00e7\u00e3o em contr\u00e1rio, os materiais did\u00e1ticos deste site s\u00e3o licenciados sob <strong>CC BY-NC-ND 4.0<\/strong>. Atribui\u00e7\u00e3o obrigat\u00f3ria: \u201cEUniTa App, Goethe University Frankfurt am Main\u201d e os respectivos autores. N\u00e3o \u00e9 permitida edi\u00e7\u00e3o nem uso comercial. Conte\u00fados de terceiros est\u00e3o devidamente identificados e sujeitos aos seus pr\u00f3prios termos de uso.<\/p>\n\n\n\n<p><strong>Resolu\u00e7\u00e3o de disputas online e media\u00e7\u00e3o de consumo<\/strong><br>Plataforma da UE para Resolu\u00e7\u00e3o de Lit\u00edgios Online: <a href=\"https:\/\/ec.europa.eu\/consumers\/odr\">https:\/\/ec.europa.eu\/consumers\/odr<\/a><br>A Universidade Goethe n\u00e3o \u00e9 obrigada nem est\u00e1 disposta a participar de procedimentos de resolu\u00e7\u00e3o de disputas perante uma junta arbitral de consumidores.<\/p>\n\n","protected":false},"excerpt":{"rendered":"<p>Identifica\u00e7\u00e3o do prestador de servi\u00e7os conforme o \u00a75 da TMG e \u00a718(2) da MStV\u00daltima atualiza\u00e7\u00e3o: 29 de agosto de 2025 Prestador de servi\u00e7os \/ Operador do site e do aplicativo EUniTaUniversidade Goethe de Frankfurt am MainTheodor-W.-Adorno-Platz 160323 Frankfurt am MainAlemanha Forma jur\u00eddicaCorpora\u00e7\u00e3o de direito p\u00fablico Representante legalRepresentada pela Presidente. ContatoSuporte administrativo: studiumdigitale \u2013 Centro de [&hellip;]<\/p>\n","protected":false},"author":3,"featured_media":0,"parent":0,"menu_order":0,"comment_status":"closed","ping_status":"closed","template":"","meta":{"footnotes":""},"class_list":["post-363","page","type-page","status-publish","hentry"],"_links":{"self":[{"href":"https:\/\/eunita.s.studiumdigitale.uni-frankfurt.de\/pt\/wp-json\/wp\/v2\/pages\/363","targetHints":{"allow":["GET"]}}],"collection":[{"href":"https:\/\/eunita.s.studiumdigitale.uni-frankfurt.de\/pt\/wp-json\/wp\/v2\/pages"}],"about":[{"href":"https:\/\/eunita.s.studiumdigitale.uni-frankfurt.de\/pt\/wp-json\/wp\/v2\/types\/page"}],"author":[{"embeddable":true,"href":"https:\/\/eunita.s.studiumdigitale.uni-frankfurt.de\/pt\/wp-json\/wp\/v2\/users\/3"}],"replies":[{"embeddable":true,"href":"https:\/\/eunita.s.studiumdigitale.uni-frankfurt.de\/pt\/wp-json\/wp\/v2\/comments?post=363"}],"version-history":[{"count":3,"href":"https:\/\/eunita.s.studiumdigitale.uni-frankfurt.de\/pt\/wp-json\/wp\/v2\/pages\/363\/revisions"}],"predecessor-version":[{"id":3124,"href":"https:\/\/eunita.s.studiumdigitale.uni-frankfurt.de\/pt\/wp-json\/wp\/v2\/pages\/363\/revisions\/3124"}],"wp:attachment":[{"href":"https:\/\/eunita.s.studiumdigitale.uni-frankfurt.de\/pt\/wp-json\/wp\/v2\/media?parent=363"}],"curies":[{"name":"wp","href":"https:\/\/api.w.org\/{rel}","templated":true}]}}