{"id":546,"date":"2025-09-11T11:25:14","date_gmt":"2025-09-11T09:25:14","guid":{"rendered":"https:\/\/eunita.s.studiumdigitale.uni-frankfurt.de\/?page_id=546"},"modified":"2025-10-14T18:48:19","modified_gmt":"2025-10-14T16:48:19","slug":"join-the-adventure","status":"publish","type":"page","link":"https:\/\/eunita.s.studiumdigitale.uni-frankfurt.de\/pt\/join-the-adventure\/","title":{"rendered":"Junte-se \u00e0 aventura"},"content":{"rendered":"\n<p><\/p>\n\n\n\n<h2 class=\"wp-block-heading\">EUniTa &#8211; <strong>Mais do que uma plataforma de aprendizagem<\/strong><\/h2>\n\n\n\n<p>EUniTa \u00e9 um movimento centrado na conex\u00e3o pessoal e na alegria de aprender idiomas. Acreditamos que aprender uma nova l\u00edngua deve ser uma experi\u00eancia prazerosa, baseada em intera\u00e7\u00f5es aut\u00eanticas. EUniTa \u00e9 uma rede universit\u00e1ria de interc\u00e2mbio lingu\u00edstico (tandem) verificada, que conecta estudantes e colaboradores de universidades parceiras na Europa e no Brasil para conversas reais, troca cultural e desenvolvimento lingu\u00edstico sustent\u00e1vel. Envolva-se com pessoas apaixonadas por idiomas. Crie amizades que ultrapassam fronteiras geogr\u00e1ficas.<\/p>\n\n\n\n<p>EUniTa \u00e9 uma <strong>comunidade de pessoas curiosas e motivadas<\/strong>: junte-se a uma rede de indiv\u00edduos interessados em aprender, crescer e compartilhar experi\u00eancias. Troque ideias, desafie-se e celebre as conquistas junto com outros participantes.<\/p>\n\n\n\n<h2 class=\"wp-block-heading\">Por que participar?<\/h2>\n\n\n\n<p>EUniTa oferece um ambiente acolhedor para conhecer novas pessoas, compartilhar culturas e fortalecer rela\u00e7\u00f5es internacionais \u2014 tudo gratuitamente. Coloque suas habilidades lingu\u00edsticas em pr\u00e1tica em situa\u00e7\u00f5es reais! Por meio de intera\u00e7\u00f5es significativas, voc\u00ea ganhar\u00e1 confian\u00e7a e flu\u00eancia, tornando o aprendizado mais pr\u00e1tico e agrad\u00e1vel.<\/p>\n\n\n\n<p>Ganhe confian\u00e7a ao falar: encontre um parceiro que est\u00e1 aprendendo o seu idioma enquanto te ajuda a praticar o dele.<\/p>\n\n\n\n<p>Prepare-se para mobilidade acad\u00eamica: use o EUniTa para se preparar para um interc\u00e2mbio, est\u00e1gio ou visita de pesquisa.<\/p>\n\n\n\n<p>Aprenda com prop\u00f3sito: defina metas em conjunto, acompanhe seu progresso e reflita sobre o que funciona melhor para voc\u00ea.<\/p>\n\n\n\n<p>Amplie sua rede: conecte-se com pessoas de diferentes \u00e1reas e pa\u00edses que compartilham seus interesses.<\/p>\n\n\n\n<h2 class=\"wp-block-heading\"><strong>Quem pode participar?<\/strong><\/h2>\n\n\n\n<ul class=\"wp-block-list\">\n<li>Estudantes matriculados em universidades parceiras do EUniTa<\/li>\n<li>Professores e funcion\u00e1rios administrativos das institui\u00e7\u00f5es parceiras<\/li>\n<li>Aprendizes de todos os n\u00edveis \u2014 do iniciante ao avan\u00e7ado<\/li>\n<\/ul>\n\n\n\n<h2 class=\"wp-block-heading\"><strong>D\u00ea o pr\u00f3ximo passo hoje!<\/strong><\/h2>\n\n\n\n<p>Voc\u00ea est\u00e1 pronto para aprimorar suas habilidades lingu\u00edsticas e fazer conex\u00f5es duradouras? No EUniTa, cada conversa \u00e9 um passo em dire\u00e7\u00e3o aos seus objetivos. Junte-se a n\u00f3s e abrace o mundo dos idiomas! Veja como funciona:<\/p>\n\n\n\n<ul class=\"wp-block-list\">\n<li>Crie seu perfil: use seu e-mail institucional para se registrar. Indique os idiomas, n\u00edveis e interesses.<\/li>\n<li>Encontre seu par: nosso sistema combina voc\u00ea com base nos idiomas, disponibilidade e metas.<\/li>\n<li>Definam seus objetivos: decidam juntos o que desejam praticar e como v\u00e3o acompanhar o progresso.<\/li>\n<li>Re\u00fanam-se com frequ\u00eancia: online ou presencialmente. Sess\u00f5es curtas e regulares funcionam melhor.<\/li>\n<li>Reflita e melhore: use nossos materiais de apoio para planejar, monitorar e ajustar sua aprendizagem.<\/li>\n<\/ul>\n\n\n\n<h2 class=\"wp-block-heading\"><strong>Seguran\u00e7a e privacidade<\/strong><\/h2>\n\n\n\n<ul class=\"wp-block-list\">\n<li>Acesso restrito a contas universit\u00e1rias verificadas<\/li>\n<li>Canais claros de suporte e den\u00fancia<\/li>\n<li>Processamento seguro e minimiza\u00e7\u00e3o de dados, conforme o RGPD (Regulamento Geral de Prote\u00e7\u00e3o de Dados)<\/li>\n<li>Voc\u00ea controla a visibilidade do seu perfil e suas prefer\u00eancias de correspond\u00eancia<\/li>\n<\/ul>\n\n\n\n<h2 class=\"wp-block-heading\"><strong>Ideias com foco acad\u00eamico<\/strong><\/h2>\n\n\n\n<p>Use seu tandem para apoiar suas atividades acad\u00eamicas:<\/p>\n\n\n\n<ul class=\"wp-block-list\">\n<li>Discuta leituras ou temas de aula no idioma que est\u00e1 aprendendo<\/li>\n<li>Pratique apresenta\u00e7\u00f5es e defesas orais<\/li>\n<li>Escreva resumos ou e-mails em conjunto e revisem o texto um do outro<\/li>\n<li>Compare pr\u00e1ticas acad\u00eamicas e estilos de cita\u00e7\u00e3o entre culturas<\/li>\n<li>Troque feedback sobre clareza, estrutura e argumenta\u00e7\u00e3o nos textos<\/li>\n<\/ul>\n\n\n\n<p><\/p>\n\n\n\n<p><\/p>\n\n","protected":false},"excerpt":{"rendered":"<p>EUniTa &#8211; Mais do que uma plataforma de aprendizagem EUniTa \u00e9 um movimento centrado na conex\u00e3o pessoal e na alegria de aprender idiomas. Acreditamos que aprender uma nova l\u00edngua deve ser uma experi\u00eancia prazerosa, baseada em intera\u00e7\u00f5es aut\u00eanticas. EUniTa \u00e9 uma rede universit\u00e1ria de interc\u00e2mbio lingu\u00edstico (tandem) verificada, que conecta estudantes e colaboradores de universidades [&hellip;]<\/p>\n","protected":false},"author":3,"featured_media":0,"parent":0,"menu_order":0,"comment_status":"closed","ping_status":"closed","template":"","meta":{"footnotes":""},"class_list":["post-546","page","type-page","status-publish","hentry"],"_links":{"self":[{"href":"https:\/\/eunita.s.studiumdigitale.uni-frankfurt.de\/pt\/wp-json\/wp\/v2\/pages\/546","targetHints":{"allow":["GET"]}}],"collection":[{"href":"https:\/\/eunita.s.studiumdigitale.uni-frankfurt.de\/pt\/wp-json\/wp\/v2\/pages"}],"about":[{"href":"https:\/\/eunita.s.studiumdigitale.uni-frankfurt.de\/pt\/wp-json\/wp\/v2\/types\/page"}],"author":[{"embeddable":true,"href":"https:\/\/eunita.s.studiumdigitale.uni-frankfurt.de\/pt\/wp-json\/wp\/v2\/users\/3"}],"replies":[{"embeddable":true,"href":"https:\/\/eunita.s.studiumdigitale.uni-frankfurt.de\/pt\/wp-json\/wp\/v2\/comments?post=546"}],"version-history":[{"count":3,"href":"https:\/\/eunita.s.studiumdigitale.uni-frankfurt.de\/pt\/wp-json\/wp\/v2\/pages\/546\/revisions"}],"predecessor-version":[{"id":3123,"href":"https:\/\/eunita.s.studiumdigitale.uni-frankfurt.de\/pt\/wp-json\/wp\/v2\/pages\/546\/revisions\/3123"}],"wp:attachment":[{"href":"https:\/\/eunita.s.studiumdigitale.uni-frankfurt.de\/pt\/wp-json\/wp\/v2\/media?parent=546"}],"curies":[{"name":"wp","href":"https:\/\/api.w.org\/{rel}","templated":true}]}}